{"id":10366,"date":"2025-07-01T07:45:21","date_gmt":"2025-07-01T07:45:21","guid":{"rendered":"https:\/\/robowash.com.tr\/kvkk\/"},"modified":"2025-10-29T11:36:39","modified_gmt":"2025-10-29T11:36:39","slug":"kvkk","status":"publish","type":"page","link":"https:\/\/robowash.turkuvazprojeler.com\/ro\/kvkk\/","title":{"rendered":"KVKK"},"content":{"rendered":"\t\t<div data-elementor-type=\"wp-page\" data-elementor-id=\"10366\" class=\"elementor elementor-10366 elementor-8991\" data-elementor-post-type=\"page\">\n\t\t\t\t        <section class=\"elementor-section elementor-top-section elementor-element elementor-element-8429fb7 elementor-section-boxed elementor-section-height-default elementor-section-height-default pxl-type-header-none pxl-section-smoke_particles-no pxl-row-scroll-none\" data-id=\"8429fb7\" data-element_type=\"section\">\n\n                \n                <div class=\"elementor-container elementor-column-gap-extended \">\n                <div class=\"elementor-column elementor-col-100 elementor-top-column elementor-element elementor-element-341a11e pxl-column-element-default pxl-column-none\" data-id=\"341a11e\" data-element_type=\"column\">\r\n        <div class=\"elementor-widget-wrap elementor-element-populated\">\r\n                     \r\n        \t\t<div class=\"elementor-element elementor-element-fac8c62 elementor-widget elementor-widget-pxl_image\" data-id=\"fac8c62\" data-element_type=\"widget\" data-widget_type=\"pxl_image.default\">\n\t\t\t\t<div class=\"elementor-widget-container\">\n\t\t\t\t\t<div class=\"pxl-image-single  \" data-wow-delay=\"ms\">\r\n                                        <div class=\"pxl-item--inner\">\r\n                                            <img decoding=\"async\" width=\"62\" height=\"17\" src=\"https:\/\/robowash.turkuvazprojeler.com\/wp-content\/uploads\/2023\/11\/Icon-title-lager.svg\" class=\"no-lazyload attachment-full\" alt=\"\" \/>                                    <\/div>\r\n                        <\/div>\t\t\t\t<\/div>\n\t\t\t\t<\/div>\n\t\t\t\t<div class=\"elementor-element elementor-element-0825d2a elementor-widget elementor-widget-pxl_heading\" data-id=\"0825d2a\" data-element_type=\"widget\" data-widget_type=\"pxl_heading.default\">\n\t\t\t\t<div class=\"elementor-widget-container\">\n\t\t\t\t\t<div id=\"pxl-pxl_heading-0825d2a-3116\" class=\"pxl-heading px-sub-title-default-style\">\n\t<div class=\"pxl-heading--inner\">\n\t\t\n\t\t\t\t\t<div class=\"pxl-item--subtitle px-sub-title-default \" data-wow-delay=\"ms\">\n\t\t\t\t<span class=\"pxl-item--subtext\">\n\t\t\t\t\t\t\t\t\t\tRobowash\t\t\t\t\t<span class=\"pxl-item--subdivider\"><\/span>\n\t\t\t\t<\/span>\n\t\t\t<\/div>\n\t\t\n\t\t<h3 class=\"pxl-item--title pxl-split-text split-in-left \" data-wow-delay=\"ms\">\n\t\t\t\t\t\t\t\t\t\n\t\t\t\t\n\t\t<\/h3>\n\n\t\t\n\t\t\n\t\t\t\t\t\t\t\t\t<\/div>\n<\/div>\t\t\t\t<\/div>\n\t\t\t\t<\/div>\n\t\t\t\t<div class=\"elementor-element elementor-element-a241f5d elementor-widget elementor-widget-pxl_text_editor\" data-id=\"a241f5d\" data-element_type=\"widget\" data-widget_type=\"pxl_text_editor.default\">\n\t\t\t\t<div class=\"elementor-widget-container\">\n\t\t\t\t\t<div class=\"pxl-text-editor wow fadeInUp\">\n\t<div class=\"pxl-item--inner \" data-wow-delay=\"ms\">\n\t\t<h2>Politica de Confiden\u021bialitate<\/h2><p>Site-ul nostru respect\u0103 drepturile dumneavoastr\u0103 de confiden\u021bialitate \u0219i depune toate eforturile pentru a le proteja pe durata vizitei dumneavoastr\u0103. Explica\u021biile referitoare la securitatea informa\u021biilor personale sunt prezentate mai jos.<\/p><h2>Fi\u0219iere de Log<\/h2><p>La fel ca multe servere web standard, site-ul nostru p\u0103streaz\u0103 fi\u0219iere de log \u00een scopuri statistice. Aceste fi\u0219iere includ informa\u021bii standard precum adresa IP, furnizorul de servicii internet, caracteristicile browserului, sistemul de operare \u0219i paginile de intrare-ie\u0219ire. Fi\u0219ierele de log nu sunt utilizate \u00een alte scopuri dec\u00e2t cele statistice \u0219i nu v\u0103 \u00eencalc\u0103 confiden\u021bialitatea. Adresa IP \u0219i alte informa\u021bii nu sunt asociate cu datele dumneavoastr\u0103 personale.<\/p><h2>Reclame<\/h2><p>Pe site-ul nostru public\u0103m reclame ale unor companii externe (Google etc.). Aceste reclame pot con\u021bine cookie-uri, iar informa\u021biile pot fi colectate de respectivele companii. Noi nu avem acces la aceste date. Colabor\u0103m cu companii precum Google Adsense; v\u0103 rug\u0103m s\u0103 citi\u021bi politicile lor de confiden\u021bialitate pe paginile oficiale.<\/p><h2>Cookie-uri<\/h2><p>Termenul \u201ecookie\u201d desemneaz\u0103 un fi\u0219ier text mic stocat pe hard diskul computerului dumneavoastr\u0103 de c\u0103tre un server web. \u00cen anumite sec\u021biuni ale site-ului, pot fi folosite cookie-uri pentru a oferi o experien\u021b\u0103 mai u\u0219oar\u0103 utilizatorilor.<\/p><p>De asemenea, prin intermediul reclamelor de pe site, pot fi utilizate cookie-uri \u0219i web beacons pentru colectarea datelor publicitare. Aceasta se realizeaz\u0103 doar cu acordul dumneavoastr\u0103 \u0219i poate fi dezactivat\u0103 modific\u00e2nd set\u0103rile browserului.<\/p><h2>Analiza Site-ului Web<\/h2><p>Site-ul nostru folose\u0219te Google Analytics, un serviciu de analiz\u0103 web oferit de Google Inc., cu sediul la 1600 Amphitheatre Parkway, Mountain View, CA 94043, SUA.<\/p><p>Cu acordul dumneavoastr\u0103 prealabil \u0219i \u00een conformitate cu regulile men\u021bionate mai sus, Google va analiza utilizarea site-ului \u00een numele nostru. \u00cen acest scop folosim cookie-uri, a\u0219a cum este descris mai sus. Informa\u021biile colectate de Google \u00een timpul utiliz\u0103rii site-ului (cum ar fi URL-urile de referin\u021b\u0103, paginile vizitate, tipul browserului, limba, sistemul de operare, rezolu\u021bia ecranului) sunt transmise \u0219i stocate pe un server Google din SUA, unde sunt analizate. Rezultatele pot fi furnizate \u00een mod anonim. Func\u021bia de anonimizare a IP-ului oferit\u0103 de Google este activat\u0103, astfel \u00eenc\u00e2t ultimele cifre ale adresei IP sunt eliminate (8 bi\u021bi pentru IPv4 sau 80 bi\u021bi pentru IPv6).<\/p><p>Google este certificat \u00een cadrul Acordului Privacy Shield UE\u2013SUA, care garanteaz\u0103 un nivel adecvat de protec\u021bie a datelor.<\/p><p>V\u0103 pute\u021bi retrage oric\u00e2nd consim\u021b\u0103m\u00e2ntul pentru analiza site-ului instal\u00e2nd pluginul pentru browser oferit de Google sau gestion\u00e2nd set\u0103rile de renun\u021bare la cookie-uri (opt-out). Aceste op\u021biuni vor \u00eempiedica analiza utiliz\u0103rii site-ului de c\u0103tre Google, at\u00e2ta timp c\u00e2t folosi\u021bi acela\u0219i browser \u0219i nu dezactiva\u021bi setarea de renun\u021bare.<\/p><p>Pentru informa\u021bii suplimentare despre Google Analytics, consulta\u021bi Termenii de utilizare Google Analytics, principiile de securitate \u0219i confiden\u021bialitate Google Analytics \u0219i Politica de confiden\u021bialitate Google.<\/p><h2>Linkuri Externe<\/h2><p>Site-ul nostru con\u021bine linkuri c\u0103tre alte adrese web. Nu ne asum\u0103m responsabilitatea pentru con\u021binutul sau politicile de confiden\u021bialitate ale site-urilor la care facem trimitere sau pe care le promov\u0103m prin bannere. Aceste linkuri sunt considerate, din punct de vedere legal, drept \u201ereferin\u021be\u201d.<\/p><h2>Contact<\/h2><p>Pentru orice \u00eentreb\u0103ri, opinii sau sugestii legate de politica de confiden\u021bialitate aplicat\u0103 pe site-ul nostru, ne pute\u021bi contacta prin pagina noastr\u0103 de contact.<\/p>\t<\/div>\n<\/div>\t\t\t\t<\/div>\n\t\t\t\t<\/div>\n\t\t            <\/div>\r\n        <\/div>\r\n        \t\t\t<\/div>\n\t\t<\/section>\n\t\t\t\t<\/div>\n\t\t","protected":false},"excerpt":{"rendered":"<p>Robowash Politica de Confiden\u021bialitate Site-ul nostru respect\u0103 drepturile dumneavoastr\u0103 de confiden\u021bialitate \u0219i depune toate eforturile pentru a le proteja pe durata vizitei dumneavoastr\u0103. Explica\u021biile referitoare la securitatea informa\u021biilor personale sunt prezentate mai jos. Fi\u0219iere de Log La fel ca multe servere web standard, site-ul nostru p\u0103streaz\u0103 fi\u0219iere de log \u00een scopuri statistice. Aceste fi\u0219iere includ [&hellip;]<\/p>\n","protected":false},"author":1,"featured_media":0,"parent":0,"menu_order":0,"comment_status":"closed","ping_status":"closed","template":"","meta":{"_acf_changed":false,"footnotes":""},"class_list":["post-10366","page","type-page","status-publish","hentry"],"acf":[],"yoast_head":"<!-- This site is optimized with the Yoast SEO plugin v26.6 - https:\/\/yoast.com\/wordpress\/plugins\/seo\/ -->\n<title>KVKK - Robowash<\/title>\n<meta name=\"robots\" content=\"index, follow, max-snippet:-1, max-image-preview:large, max-video-preview:-1\" \/>\n<link rel=\"canonical\" href=\"https:\/\/robowash.turkuvazprojeler.com\/ro\/kvkk\/\" \/>\n<meta property=\"og:locale\" content=\"ro_RO\" \/>\n<meta property=\"og:type\" content=\"article\" \/>\n<meta property=\"og:title\" content=\"KVKK - Robowash\" \/>\n<meta property=\"og:description\" content=\"Robowash Politica de Confiden\u021bialitate Site-ul nostru respect\u0103 drepturile dumneavoastr\u0103 de confiden\u021bialitate \u0219i depune toate eforturile pentru a le proteja pe durata vizitei dumneavoastr\u0103. Explica\u021biile referitoare la securitatea informa\u021biilor personale sunt prezentate mai jos. Fi\u0219iere de Log La fel ca multe servere web standard, site-ul nostru p\u0103streaz\u0103 fi\u0219iere de log \u00een scopuri statistice. Aceste fi\u0219iere includ [&hellip;]\" \/>\n<meta property=\"og:url\" content=\"https:\/\/robowash.turkuvazprojeler.com\/ro\/kvkk\/\" \/>\n<meta property=\"og:site_name\" content=\"Robowash\" \/>\n<meta property=\"article:modified_time\" content=\"2025-10-29T11:36:39+00:00\" \/>\n<meta property=\"og:image\" content=\"https:\/\/robowash.turkuvazprojeler.com\/wp-content\/uploads\/2023\/11\/Icon-title-lager.svg\" \/>\n<meta name=\"twitter:card\" content=\"summary_large_image\" \/>\n<meta name=\"twitter:label1\" content=\"Timp estimat pentru citire\" \/>\n\t<meta name=\"twitter:data1\" content=\"4 minute\" \/>\n<script type=\"application\/ld+json\" class=\"yoast-schema-graph\">{\"@context\":\"https:\/\/schema.org\",\"@graph\":[{\"@type\":\"WebPage\",\"@id\":\"https:\/\/robowash.turkuvazprojeler.com\/ro\/kvkk\/\",\"url\":\"https:\/\/robowash.turkuvazprojeler.com\/ro\/kvkk\/\",\"name\":\"KVKK - Robowash\",\"isPartOf\":{\"@id\":\"https:\/\/robowash.turkuvazprojeler.com\/ro\/#website\"},\"primaryImageOfPage\":{\"@id\":\"https:\/\/robowash.turkuvazprojeler.com\/ro\/kvkk\/#primaryimage\"},\"image\":{\"@id\":\"https:\/\/robowash.turkuvazprojeler.com\/ro\/kvkk\/#primaryimage\"},\"thumbnailUrl\":\"https:\/\/robowash.turkuvazprojeler.com\/wp-content\/uploads\/2023\/11\/Icon-title-lager.svg\",\"datePublished\":\"2025-07-01T07:45:21+00:00\",\"dateModified\":\"2025-10-29T11:36:39+00:00\",\"breadcrumb\":{\"@id\":\"https:\/\/robowash.turkuvazprojeler.com\/ro\/kvkk\/#breadcrumb\"},\"inLanguage\":\"ro-RO\",\"potentialAction\":[{\"@type\":\"ReadAction\",\"target\":[\"https:\/\/robowash.turkuvazprojeler.com\/ro\/kvkk\/\"]}]},{\"@type\":\"ImageObject\",\"inLanguage\":\"ro-RO\",\"@id\":\"https:\/\/robowash.turkuvazprojeler.com\/ro\/kvkk\/#primaryimage\",\"url\":\"https:\/\/robowash.turkuvazprojeler.com\/wp-content\/uploads\/2023\/11\/Icon-title-lager.svg\",\"contentUrl\":\"https:\/\/robowash.turkuvazprojeler.com\/wp-content\/uploads\/2023\/11\/Icon-title-lager.svg\"},{\"@type\":\"BreadcrumbList\",\"@id\":\"https:\/\/robowash.turkuvazprojeler.com\/ro\/kvkk\/#breadcrumb\",\"itemListElement\":[{\"@type\":\"ListItem\",\"position\":1,\"name\":\"Anasayfa\",\"item\":\"https:\/\/robowash.turkuvazprojeler.com\/ro\/\"},{\"@type\":\"ListItem\",\"position\":2,\"name\":\"KVKK\"}]},{\"@type\":\"WebSite\",\"@id\":\"https:\/\/robowash.turkuvazprojeler.com\/ro\/#website\",\"url\":\"https:\/\/robowash.turkuvazprojeler.com\/ro\/\",\"name\":\"Robowash\",\"description\":\"\",\"publisher\":{\"@id\":\"https:\/\/robowash.turkuvazprojeler.com\/ro\/#organization\"},\"potentialAction\":[{\"@type\":\"SearchAction\",\"target\":{\"@type\":\"EntryPoint\",\"urlTemplate\":\"https:\/\/robowash.turkuvazprojeler.com\/ro\/?s={search_term_string}\"},\"query-input\":{\"@type\":\"PropertyValueSpecification\",\"valueRequired\":true,\"valueName\":\"search_term_string\"}}],\"inLanguage\":\"ro-RO\"},{\"@type\":\"Organization\",\"@id\":\"https:\/\/robowash.turkuvazprojeler.com\/ro\/#organization\",\"name\":\"Robowash\",\"url\":\"https:\/\/robowash.turkuvazprojeler.com\/ro\/\",\"logo\":{\"@type\":\"ImageObject\",\"inLanguage\":\"ro-RO\",\"@id\":\"https:\/\/robowash.turkuvazprojeler.com\/ro\/#\/schema\/logo\/image\/\",\"url\":\"https:\/\/robowash.turkuvazprojeler.com\/wp-content\/uploads\/2023\/11\/robowash-logo-scaled.png\",\"contentUrl\":\"https:\/\/robowash.turkuvazprojeler.com\/wp-content\/uploads\/2023\/11\/robowash-logo-scaled.png\",\"width\":2560,\"height\":449,\"caption\":\"Robowash\"},\"image\":{\"@id\":\"https:\/\/robowash.turkuvazprojeler.com\/ro\/#\/schema\/logo\/image\/\"}}]}<\/script>\n<!-- \/ Yoast SEO plugin. -->","yoast_head_json":{"title":"KVKK - Robowash","robots":{"index":"index","follow":"follow","max-snippet":"max-snippet:-1","max-image-preview":"max-image-preview:large","max-video-preview":"max-video-preview:-1"},"canonical":"https:\/\/robowash.turkuvazprojeler.com\/ro\/kvkk\/","og_locale":"ro_RO","og_type":"article","og_title":"KVKK - Robowash","og_description":"Robowash Politica de Confiden\u021bialitate Site-ul nostru respect\u0103 drepturile dumneavoastr\u0103 de confiden\u021bialitate \u0219i depune toate eforturile pentru a le proteja pe durata vizitei dumneavoastr\u0103. Explica\u021biile referitoare la securitatea informa\u021biilor personale sunt prezentate mai jos. Fi\u0219iere de Log La fel ca multe servere web standard, site-ul nostru p\u0103streaz\u0103 fi\u0219iere de log \u00een scopuri statistice. Aceste fi\u0219iere includ [&hellip;]","og_url":"https:\/\/robowash.turkuvazprojeler.com\/ro\/kvkk\/","og_site_name":"Robowash","article_modified_time":"2025-10-29T11:36:39+00:00","og_image":[{"url":"https:\/\/robowash.turkuvazprojeler.com\/wp-content\/uploads\/2023\/11\/Icon-title-lager.svg","type":"","width":"","height":""}],"twitter_card":"summary_large_image","twitter_misc":{"Timp estimat pentru citire":"4 minute"},"schema":{"@context":"https:\/\/schema.org","@graph":[{"@type":"WebPage","@id":"https:\/\/robowash.turkuvazprojeler.com\/ro\/kvkk\/","url":"https:\/\/robowash.turkuvazprojeler.com\/ro\/kvkk\/","name":"KVKK - Robowash","isPartOf":{"@id":"https:\/\/robowash.turkuvazprojeler.com\/ro\/#website"},"primaryImageOfPage":{"@id":"https:\/\/robowash.turkuvazprojeler.com\/ro\/kvkk\/#primaryimage"},"image":{"@id":"https:\/\/robowash.turkuvazprojeler.com\/ro\/kvkk\/#primaryimage"},"thumbnailUrl":"https:\/\/robowash.turkuvazprojeler.com\/wp-content\/uploads\/2023\/11\/Icon-title-lager.svg","datePublished":"2025-07-01T07:45:21+00:00","dateModified":"2025-10-29T11:36:39+00:00","breadcrumb":{"@id":"https:\/\/robowash.turkuvazprojeler.com\/ro\/kvkk\/#breadcrumb"},"inLanguage":"ro-RO","potentialAction":[{"@type":"ReadAction","target":["https:\/\/robowash.turkuvazprojeler.com\/ro\/kvkk\/"]}]},{"@type":"ImageObject","inLanguage":"ro-RO","@id":"https:\/\/robowash.turkuvazprojeler.com\/ro\/kvkk\/#primaryimage","url":"https:\/\/robowash.turkuvazprojeler.com\/wp-content\/uploads\/2023\/11\/Icon-title-lager.svg","contentUrl":"https:\/\/robowash.turkuvazprojeler.com\/wp-content\/uploads\/2023\/11\/Icon-title-lager.svg"},{"@type":"BreadcrumbList","@id":"https:\/\/robowash.turkuvazprojeler.com\/ro\/kvkk\/#breadcrumb","itemListElement":[{"@type":"ListItem","position":1,"name":"Anasayfa","item":"https:\/\/robowash.turkuvazprojeler.com\/ro\/"},{"@type":"ListItem","position":2,"name":"KVKK"}]},{"@type":"WebSite","@id":"https:\/\/robowash.turkuvazprojeler.com\/ro\/#website","url":"https:\/\/robowash.turkuvazprojeler.com\/ro\/","name":"Robowash","description":"","publisher":{"@id":"https:\/\/robowash.turkuvazprojeler.com\/ro\/#organization"},"potentialAction":[{"@type":"SearchAction","target":{"@type":"EntryPoint","urlTemplate":"https:\/\/robowash.turkuvazprojeler.com\/ro\/?s={search_term_string}"},"query-input":{"@type":"PropertyValueSpecification","valueRequired":true,"valueName":"search_term_string"}}],"inLanguage":"ro-RO"},{"@type":"Organization","@id":"https:\/\/robowash.turkuvazprojeler.com\/ro\/#organization","name":"Robowash","url":"https:\/\/robowash.turkuvazprojeler.com\/ro\/","logo":{"@type":"ImageObject","inLanguage":"ro-RO","@id":"https:\/\/robowash.turkuvazprojeler.com\/ro\/#\/schema\/logo\/image\/","url":"https:\/\/robowash.turkuvazprojeler.com\/wp-content\/uploads\/2023\/11\/robowash-logo-scaled.png","contentUrl":"https:\/\/robowash.turkuvazprojeler.com\/wp-content\/uploads\/2023\/11\/robowash-logo-scaled.png","width":2560,"height":449,"caption":"Robowash"},"image":{"@id":"https:\/\/robowash.turkuvazprojeler.com\/ro\/#\/schema\/logo\/image\/"}}]}},"_links":{"self":[{"href":"https:\/\/robowash.turkuvazprojeler.com\/ro\/wp-json\/wp\/v2\/pages\/10366","targetHints":{"allow":["GET"]}}],"collection":[{"href":"https:\/\/robowash.turkuvazprojeler.com\/ro\/wp-json\/wp\/v2\/pages"}],"about":[{"href":"https:\/\/robowash.turkuvazprojeler.com\/ro\/wp-json\/wp\/v2\/types\/page"}],"author":[{"embeddable":true,"href":"https:\/\/robowash.turkuvazprojeler.com\/ro\/wp-json\/wp\/v2\/users\/1"}],"replies":[{"embeddable":true,"href":"https:\/\/robowash.turkuvazprojeler.com\/ro\/wp-json\/wp\/v2\/comments?post=10366"}],"version-history":[{"count":5,"href":"https:\/\/robowash.turkuvazprojeler.com\/ro\/wp-json\/wp\/v2\/pages\/10366\/revisions"}],"predecessor-version":[{"id":11239,"href":"https:\/\/robowash.turkuvazprojeler.com\/ro\/wp-json\/wp\/v2\/pages\/10366\/revisions\/11239"}],"wp:attachment":[{"href":"https:\/\/robowash.turkuvazprojeler.com\/ro\/wp-json\/wp\/v2\/media?parent=10366"}],"curies":[{"name":"wp","href":"https:\/\/api.w.org\/{rel}","templated":true}]}}