{"id":10576,"date":"2025-06-27T14:10:09","date_gmt":"2025-06-27T14:10:09","guid":{"rendered":"https:\/\/robowash.com.tr\/urunlerimiz\/servicii-post-vanzare\/"},"modified":"2025-10-24T15:27:56","modified_gmt":"2025-10-24T15:27:56","slug":"servicii-post-vanzare","status":"publish","type":"product","link":"https:\/\/robowash.turkuvazprojeler.com\/ro\/produs\/servicii-post-vanzare\/","title":{"rendered":"Servicii post-v\u00e2nzare"},"content":{"rendered":"","protected":false},"excerpt":{"rendered":"<p>Finalizarea c\u00e2t mai rapid\u0103 a serviciilor de instalare, defec\u021biuni \u0219i \u00eentre\u021binere \u0219i monitorizarea, controlul \u0219i securitatea \u00een timp real a tuturor rezultatelor opera\u021biunilor sunt efectuate de administra\u021bia noastr\u0103 central\u0103.<\/p>\n<p>Garant\u0103m servicii de cea mai \u00eenalt\u0103 calitate, f\u0103r\u0103 \u00eent\u00e2rzieri, cu o echip\u0103 calificat\u0103 de tehnicieni exper\u021bi \u0219i un sistem logistic rapid.<\/p>\n<p>&#8211; Servicii regulate de \u00eentre\u021binere,<\/p>\n<p>&#8211; Service \u00een garan\u021bie \u0219i post-garan\u021bie,<\/p>\n<p>&#8211; Garan\u021bie de interven\u021bie service \u00een 48 de ore \u00een \u021bar\u0103 \u0219i 72 de ore \u00een str\u0103in\u0103tate de la raportarea defec\u021biunii, \u00een cazul \u00een care viza este adecvat\u0103,<\/p>\n<p>&#8211; Bog\u0103\u021bie de stoc \u00een componente \u0219i piese de schimb,<\/p>\n<p>&#8211; Posibilitatea de identificare \u0219i remediere rapid\u0103 a problemelor cu acces prin internet.<\/p>\n","protected":false},"featured_media":10434,"comment_status":"open","ping_status":"closed","template":"","meta":{"_acf_changed":false},"product_brand":[],"product_cat":[92],"product_tag":[],"class_list":{"0":"post-10576","1":"product","2":"type-product","3":"status-publish","4":"has-post-thumbnail","6":"product_cat-produse-proiecte-si-servicii","8":"first","9":"instock","10":"shipping-taxable","11":"product-type-simple"},"acf":[],"yoast_head":"<!-- This site is optimized with the Yoast SEO plugin v26.6 - https:\/\/yoast.com\/wordpress\/plugins\/seo\/ -->\n<title>Servicii post-v\u00e2nzare - Robowash<\/title>\n<meta name=\"robots\" content=\"index, follow, max-snippet:-1, max-image-preview:large, max-video-preview:-1\" \/>\n<link rel=\"canonical\" href=\"https:\/\/robowash.turkuvazprojeler.com\/ro\/produs\/servicii-post-vanzare\/\" \/>\n<meta property=\"og:locale\" content=\"ro_RO\" \/>\n<meta property=\"og:type\" content=\"article\" \/>\n<meta property=\"og:title\" content=\"Servicii post-v\u00e2nzare - Robowash\" \/>\n<meta property=\"og:description\" content=\"Finalizarea c\u00e2t mai rapid\u0103 a serviciilor de instalare, defec\u021biuni \u0219i \u00eentre\u021binere \u0219i monitorizarea, controlul \u0219i securitatea \u00een timp real a tuturor rezultatelor opera\u021biunilor sunt efectuate de administra\u021bia noastr\u0103 central\u0103.  Garant\u0103m servicii de cea mai \u00eenalt\u0103 calitate, f\u0103r\u0103 \u00eent\u00e2rzieri, cu o echip\u0103 calificat\u0103 de tehnicieni exper\u021bi \u0219i un sistem logistic rapid.  - Servicii regulate de \u00eentre\u021binere,  - Service \u00een garan\u021bie \u0219i post-garan\u021bie,  - Garan\u021bie de interven\u021bie service \u00een 48 de ore \u00een \u021bar\u0103 \u0219i 72 de ore \u00een str\u0103in\u0103tate de la raportarea defec\u021biunii, \u00een cazul \u00een care viza este adecvat\u0103,  - Bog\u0103\u021bie de stoc \u00een componente \u0219i piese de schimb,  - Posibilitatea de identificare \u0219i remediere rapid\u0103 a problemelor cu acces prin internet.\" \/>\n<meta property=\"og:url\" content=\"https:\/\/robowash.turkuvazprojeler.com\/ro\/produs\/servicii-post-vanzare\/\" \/>\n<meta property=\"og:site_name\" content=\"Robowash\" \/>\n<meta property=\"article:modified_time\" content=\"2025-10-24T15:27:56+00:00\" \/>\n<meta property=\"og:image\" content=\"https:\/\/robowash.turkuvazprojeler.com\/wp-content\/uploads\/2025\/06\/shutterstock-1459557428-400x250-1.jpg\" \/>\n\t<meta property=\"og:image:width\" content=\"400\" \/>\n\t<meta property=\"og:image:height\" content=\"250\" \/>\n\t<meta property=\"og:image:type\" content=\"image\/jpeg\" \/>\n<meta name=\"twitter:card\" content=\"summary_large_image\" \/>\n<meta name=\"twitter:label1\" content=\"Timp estimat pentru citire\" \/>\n\t<meta name=\"twitter:data1\" content=\"1 minut\" \/>\n<script type=\"application\/ld+json\" class=\"yoast-schema-graph\">{\"@context\":\"https:\/\/schema.org\",\"@graph\":[{\"@type\":\"WebPage\",\"@id\":\"https:\/\/robowash.turkuvazprojeler.com\/ro\/produs\/servicii-post-vanzare\/\",\"url\":\"https:\/\/robowash.turkuvazprojeler.com\/ro\/produs\/servicii-post-vanzare\/\",\"name\":\"Servicii post-v\u00e2nzare - Robowash\",\"isPartOf\":{\"@id\":\"https:\/\/robowash.turkuvazprojeler.com\/ro\/#website\"},\"primaryImageOfPage\":{\"@id\":\"https:\/\/robowash.turkuvazprojeler.com\/ro\/produs\/servicii-post-vanzare\/#primaryimage\"},\"image\":{\"@id\":\"https:\/\/robowash.turkuvazprojeler.com\/ro\/produs\/servicii-post-vanzare\/#primaryimage\"},\"thumbnailUrl\":\"https:\/\/robowash.turkuvazprojeler.com\/wp-content\/uploads\/2025\/06\/shutterstock-1459557428-400x250-1.jpg\",\"datePublished\":\"2025-06-27T14:10:09+00:00\",\"dateModified\":\"2025-10-24T15:27:56+00:00\",\"breadcrumb\":{\"@id\":\"https:\/\/robowash.turkuvazprojeler.com\/ro\/produs\/servicii-post-vanzare\/#breadcrumb\"},\"inLanguage\":\"ro-RO\",\"potentialAction\":[{\"@type\":\"ReadAction\",\"target\":[\"https:\/\/robowash.turkuvazprojeler.com\/ro\/produs\/servicii-post-vanzare\/\"]}]},{\"@type\":\"ImageObject\",\"inLanguage\":\"ro-RO\",\"@id\":\"https:\/\/robowash.turkuvazprojeler.com\/ro\/produs\/servicii-post-vanzare\/#primaryimage\",\"url\":\"https:\/\/robowash.turkuvazprojeler.com\/wp-content\/uploads\/2025\/06\/shutterstock-1459557428-400x250-1.jpg\",\"contentUrl\":\"https:\/\/robowash.turkuvazprojeler.com\/wp-content\/uploads\/2025\/06\/shutterstock-1459557428-400x250-1.jpg\",\"width\":400,\"height\":250},{\"@type\":\"BreadcrumbList\",\"@id\":\"https:\/\/robowash.turkuvazprojeler.com\/ro\/produs\/servicii-post-vanzare\/#breadcrumb\",\"itemListElement\":[{\"@type\":\"ListItem\",\"position\":1,\"name\":\"Anasayfa\",\"item\":\"https:\/\/robowash.turkuvazprojeler.com\/ro\/\"},{\"@type\":\"ListItem\",\"position\":2,\"name\":\"Magazin\",\"item\":\"https:\/\/robowash.turkuvazprojeler.com\/ro\/magazin\/\"},{\"@type\":\"ListItem\",\"position\":3,\"name\":\"Servicii post-v\u00e2nzare\"}]},{\"@type\":\"WebSite\",\"@id\":\"https:\/\/robowash.turkuvazprojeler.com\/ro\/#website\",\"url\":\"https:\/\/robowash.turkuvazprojeler.com\/ro\/\",\"name\":\"Robowash\",\"description\":\"\",\"publisher\":{\"@id\":\"https:\/\/robowash.turkuvazprojeler.com\/ro\/#organization\"},\"potentialAction\":[{\"@type\":\"SearchAction\",\"target\":{\"@type\":\"EntryPoint\",\"urlTemplate\":\"https:\/\/robowash.turkuvazprojeler.com\/ro\/?s={search_term_string}\"},\"query-input\":{\"@type\":\"PropertyValueSpecification\",\"valueRequired\":true,\"valueName\":\"search_term_string\"}}],\"inLanguage\":\"ro-RO\"},{\"@type\":\"Organization\",\"@id\":\"https:\/\/robowash.turkuvazprojeler.com\/ro\/#organization\",\"name\":\"Robowash\",\"url\":\"https:\/\/robowash.turkuvazprojeler.com\/ro\/\",\"logo\":{\"@type\":\"ImageObject\",\"inLanguage\":\"ro-RO\",\"@id\":\"https:\/\/robowash.turkuvazprojeler.com\/ro\/#\/schema\/logo\/image\/\",\"url\":\"https:\/\/robowash.turkuvazprojeler.com\/wp-content\/uploads\/2023\/11\/robowash-logo-scaled.png\",\"contentUrl\":\"https:\/\/robowash.turkuvazprojeler.com\/wp-content\/uploads\/2023\/11\/robowash-logo-scaled.png\",\"width\":2560,\"height\":449,\"caption\":\"Robowash\"},\"image\":{\"@id\":\"https:\/\/robowash.turkuvazprojeler.com\/ro\/#\/schema\/logo\/image\/\"}}]}<\/script>\n<!-- \/ Yoast SEO plugin. -->","yoast_head_json":{"title":"Servicii post-v\u00e2nzare - Robowash","robots":{"index":"index","follow":"follow","max-snippet":"max-snippet:-1","max-image-preview":"max-image-preview:large","max-video-preview":"max-video-preview:-1"},"canonical":"https:\/\/robowash.turkuvazprojeler.com\/ro\/produs\/servicii-post-vanzare\/","og_locale":"ro_RO","og_type":"article","og_title":"Servicii post-v\u00e2nzare - Robowash","og_description":"Finalizarea c\u00e2t mai rapid\u0103 a serviciilor de instalare, defec\u021biuni \u0219i \u00eentre\u021binere \u0219i monitorizarea, controlul \u0219i securitatea \u00een timp real a tuturor rezultatelor opera\u021biunilor sunt efectuate de administra\u021bia noastr\u0103 central\u0103.  Garant\u0103m servicii de cea mai \u00eenalt\u0103 calitate, f\u0103r\u0103 \u00eent\u00e2rzieri, cu o echip\u0103 calificat\u0103 de tehnicieni exper\u021bi \u0219i un sistem logistic rapid.  - Servicii regulate de \u00eentre\u021binere,  - Service \u00een garan\u021bie \u0219i post-garan\u021bie,  - Garan\u021bie de interven\u021bie service \u00een 48 de ore \u00een \u021bar\u0103 \u0219i 72 de ore \u00een str\u0103in\u0103tate de la raportarea defec\u021biunii, \u00een cazul \u00een care viza este adecvat\u0103,  - Bog\u0103\u021bie de stoc \u00een componente \u0219i piese de schimb,  - Posibilitatea de identificare \u0219i remediere rapid\u0103 a problemelor cu acces prin internet.","og_url":"https:\/\/robowash.turkuvazprojeler.com\/ro\/produs\/servicii-post-vanzare\/","og_site_name":"Robowash","article_modified_time":"2025-10-24T15:27:56+00:00","og_image":[{"width":400,"height":250,"url":"https:\/\/robowash.turkuvazprojeler.com\/wp-content\/uploads\/2025\/06\/shutterstock-1459557428-400x250-1.jpg","type":"image\/jpeg"}],"twitter_card":"summary_large_image","twitter_misc":{"Timp estimat pentru citire":"1 minut"},"schema":{"@context":"https:\/\/schema.org","@graph":[{"@type":"WebPage","@id":"https:\/\/robowash.turkuvazprojeler.com\/ro\/produs\/servicii-post-vanzare\/","url":"https:\/\/robowash.turkuvazprojeler.com\/ro\/produs\/servicii-post-vanzare\/","name":"Servicii post-v\u00e2nzare - Robowash","isPartOf":{"@id":"https:\/\/robowash.turkuvazprojeler.com\/ro\/#website"},"primaryImageOfPage":{"@id":"https:\/\/robowash.turkuvazprojeler.com\/ro\/produs\/servicii-post-vanzare\/#primaryimage"},"image":{"@id":"https:\/\/robowash.turkuvazprojeler.com\/ro\/produs\/servicii-post-vanzare\/#primaryimage"},"thumbnailUrl":"https:\/\/robowash.turkuvazprojeler.com\/wp-content\/uploads\/2025\/06\/shutterstock-1459557428-400x250-1.jpg","datePublished":"2025-06-27T14:10:09+00:00","dateModified":"2025-10-24T15:27:56+00:00","breadcrumb":{"@id":"https:\/\/robowash.turkuvazprojeler.com\/ro\/produs\/servicii-post-vanzare\/#breadcrumb"},"inLanguage":"ro-RO","potentialAction":[{"@type":"ReadAction","target":["https:\/\/robowash.turkuvazprojeler.com\/ro\/produs\/servicii-post-vanzare\/"]}]},{"@type":"ImageObject","inLanguage":"ro-RO","@id":"https:\/\/robowash.turkuvazprojeler.com\/ro\/produs\/servicii-post-vanzare\/#primaryimage","url":"https:\/\/robowash.turkuvazprojeler.com\/wp-content\/uploads\/2025\/06\/shutterstock-1459557428-400x250-1.jpg","contentUrl":"https:\/\/robowash.turkuvazprojeler.com\/wp-content\/uploads\/2025\/06\/shutterstock-1459557428-400x250-1.jpg","width":400,"height":250},{"@type":"BreadcrumbList","@id":"https:\/\/robowash.turkuvazprojeler.com\/ro\/produs\/servicii-post-vanzare\/#breadcrumb","itemListElement":[{"@type":"ListItem","position":1,"name":"Anasayfa","item":"https:\/\/robowash.turkuvazprojeler.com\/ro\/"},{"@type":"ListItem","position":2,"name":"Magazin","item":"https:\/\/robowash.turkuvazprojeler.com\/ro\/magazin\/"},{"@type":"ListItem","position":3,"name":"Servicii post-v\u00e2nzare"}]},{"@type":"WebSite","@id":"https:\/\/robowash.turkuvazprojeler.com\/ro\/#website","url":"https:\/\/robowash.turkuvazprojeler.com\/ro\/","name":"Robowash","description":"","publisher":{"@id":"https:\/\/robowash.turkuvazprojeler.com\/ro\/#organization"},"potentialAction":[{"@type":"SearchAction","target":{"@type":"EntryPoint","urlTemplate":"https:\/\/robowash.turkuvazprojeler.com\/ro\/?s={search_term_string}"},"query-input":{"@type":"PropertyValueSpecification","valueRequired":true,"valueName":"search_term_string"}}],"inLanguage":"ro-RO"},{"@type":"Organization","@id":"https:\/\/robowash.turkuvazprojeler.com\/ro\/#organization","name":"Robowash","url":"https:\/\/robowash.turkuvazprojeler.com\/ro\/","logo":{"@type":"ImageObject","inLanguage":"ro-RO","@id":"https:\/\/robowash.turkuvazprojeler.com\/ro\/#\/schema\/logo\/image\/","url":"https:\/\/robowash.turkuvazprojeler.com\/wp-content\/uploads\/2023\/11\/robowash-logo-scaled.png","contentUrl":"https:\/\/robowash.turkuvazprojeler.com\/wp-content\/uploads\/2023\/11\/robowash-logo-scaled.png","width":2560,"height":449,"caption":"Robowash"},"image":{"@id":"https:\/\/robowash.turkuvazprojeler.com\/ro\/#\/schema\/logo\/image\/"}}]}},"_links":{"self":[{"href":"https:\/\/robowash.turkuvazprojeler.com\/ro\/wp-json\/wp\/v2\/product\/10576","targetHints":{"allow":["GET"]}}],"collection":[{"href":"https:\/\/robowash.turkuvazprojeler.com\/ro\/wp-json\/wp\/v2\/product"}],"about":[{"href":"https:\/\/robowash.turkuvazprojeler.com\/ro\/wp-json\/wp\/v2\/types\/product"}],"replies":[{"embeddable":true,"href":"https:\/\/robowash.turkuvazprojeler.com\/ro\/wp-json\/wp\/v2\/comments?post=10576"}],"wp:featuredmedia":[{"embeddable":true,"href":"https:\/\/robowash.turkuvazprojeler.com\/ro\/wp-json\/wp\/v2\/media\/10434"}],"wp:attachment":[{"href":"https:\/\/robowash.turkuvazprojeler.com\/ro\/wp-json\/wp\/v2\/media?parent=10576"}],"wp:term":[{"taxonomy":"product_brand","embeddable":true,"href":"https:\/\/robowash.turkuvazprojeler.com\/ro\/wp-json\/wp\/v2\/product_brand?post=10576"},{"taxonomy":"product_cat","embeddable":true,"href":"https:\/\/robowash.turkuvazprojeler.com\/ro\/wp-json\/wp\/v2\/product_cat?post=10576"},{"taxonomy":"product_tag","embeddable":true,"href":"https:\/\/robowash.turkuvazprojeler.com\/ro\/wp-json\/wp\/v2\/product_tag?post=10576"}],"curies":[{"name":"wp","href":"https:\/\/api.w.org\/{rel}","templated":true}]}}