{"id":10577,"date":"2025-06-27T14:09:26","date_gmt":"2025-06-27T14:09:26","guid":{"rendered":"https:\/\/robowash.com.tr\/urunlerimiz\/automatizarea-spalarii-vehiculelor\/"},"modified":"2025-10-24T15:28:21","modified_gmt":"2025-10-24T15:28:21","slug":"automatizarea-spalarii-vehiculelor","status":"publish","type":"product","link":"https:\/\/robowash.turkuvazprojeler.com\/ro\/produs\/automatizarea-spalarii-vehiculelor\/","title":{"rendered":"Automatizarea Sp\u0103l\u0103rii Vehiculelor"},"content":{"rendered":"","protected":false},"excerpt":{"rendered":"<p>Scopul este s\u0103 se fac\u0103 amenajarea echipamentelor din zona de sp\u0103lare a vehiculelor regulat\u0103 \u0219i eficient\u0103, s\u0103 fie integrate \u00een sistemele de automatizare \u0219i s\u0103 se ofere beneficii proprietarilor de afaceri prin posibilit\u0103\u021bi u\u0219oare de control \u0219i monitorizare.<\/p>\n<p>&#8211; Sisteme de monitorizare \u0219i management,<\/p>\n<p>&#8211; Program de fidelitate \u0219i marketing,<\/p>\n<p>&#8211; Pl\u0103\u021bi mobile \u0219i f\u0103r\u0103 contact,<\/p>\n<p>&#8211; Aplica\u021bii pentru smartphone-uri.<\/p>\n<p>Acestea sunt aplica\u021biile principale ale sistemului.<\/p>\n","protected":false},"featured_media":10471,"comment_status":"open","ping_status":"closed","template":"","meta":{"_acf_changed":false},"product_brand":[],"product_cat":[92],"product_tag":[],"class_list":{"0":"post-10577","1":"product","2":"type-product","3":"status-publish","4":"has-post-thumbnail","6":"product_cat-produse-proiecte-si-servicii","8":"first","9":"instock","10":"shipping-taxable","11":"product-type-simple"},"acf":[],"yoast_head":"<!-- This site is optimized with the Yoast SEO plugin v26.6 - https:\/\/yoast.com\/wordpress\/plugins\/seo\/ -->\n<title>Automatizarea Sp\u0103l\u0103rii Vehiculelor - Robowash<\/title>\n<meta name=\"robots\" content=\"index, follow, max-snippet:-1, max-image-preview:large, max-video-preview:-1\" \/>\n<link rel=\"canonical\" href=\"https:\/\/robowash.turkuvazprojeler.com\/ro\/produs\/automatizarea-spalarii-vehiculelor\/\" \/>\n<meta property=\"og:locale\" content=\"ro_RO\" \/>\n<meta property=\"og:type\" content=\"article\" \/>\n<meta property=\"og:title\" content=\"Automatizarea Sp\u0103l\u0103rii Vehiculelor - Robowash\" \/>\n<meta property=\"og:description\" content=\"Scopul este s\u0103 se fac\u0103 amenajarea echipamentelor din zona de sp\u0103lare a vehiculelor regulat\u0103 \u0219i eficient\u0103, s\u0103 fie integrate \u00een sistemele de automatizare \u0219i s\u0103 se ofere beneficii proprietarilor de afaceri prin posibilit\u0103\u021bi u\u0219oare de control \u0219i monitorizare.  - Sisteme de monitorizare \u0219i management,  - Program de fidelitate \u0219i marketing,  - Pl\u0103\u021bi mobile \u0219i f\u0103r\u0103 contact,  - Aplica\u021bii pentru smartphone-uri.  Acestea sunt aplica\u021biile principale ale sistemului.\" \/>\n<meta property=\"og:url\" content=\"https:\/\/robowash.turkuvazprojeler.com\/ro\/produs\/automatizarea-spalarii-vehiculelor\/\" \/>\n<meta property=\"og:site_name\" content=\"Robowash\" \/>\n<meta property=\"article:modified_time\" content=\"2025-10-24T15:28:21+00:00\" \/>\n<meta property=\"og:image\" content=\"https:\/\/robowash.turkuvazprojeler.com\/wp-content\/uploads\/2025\/06\/shutterstock-1133982038-400x250-1.jpg\" \/>\n\t<meta property=\"og:image:width\" content=\"400\" \/>\n\t<meta property=\"og:image:height\" content=\"250\" \/>\n\t<meta property=\"og:image:type\" content=\"image\/jpeg\" \/>\n<meta name=\"twitter:card\" content=\"summary_large_image\" \/>\n<meta name=\"twitter:label1\" content=\"Timp estimat pentru citire\" \/>\n\t<meta name=\"twitter:data1\" content=\"1 minut\" \/>\n<script type=\"application\/ld+json\" class=\"yoast-schema-graph\">{\"@context\":\"https:\/\/schema.org\",\"@graph\":[{\"@type\":\"WebPage\",\"@id\":\"https:\/\/robowash.turkuvazprojeler.com\/ro\/produs\/automatizarea-spalarii-vehiculelor\/\",\"url\":\"https:\/\/robowash.turkuvazprojeler.com\/ro\/produs\/automatizarea-spalarii-vehiculelor\/\",\"name\":\"Automatizarea Sp\u0103l\u0103rii Vehiculelor - Robowash\",\"isPartOf\":{\"@id\":\"https:\/\/robowash.turkuvazprojeler.com\/ro\/#website\"},\"primaryImageOfPage\":{\"@id\":\"https:\/\/robowash.turkuvazprojeler.com\/ro\/produs\/automatizarea-spalarii-vehiculelor\/#primaryimage\"},\"image\":{\"@id\":\"https:\/\/robowash.turkuvazprojeler.com\/ro\/produs\/automatizarea-spalarii-vehiculelor\/#primaryimage\"},\"thumbnailUrl\":\"https:\/\/robowash.turkuvazprojeler.com\/wp-content\/uploads\/2025\/06\/shutterstock-1133982038-400x250-1.jpg\",\"datePublished\":\"2025-06-27T14:09:26+00:00\",\"dateModified\":\"2025-10-24T15:28:21+00:00\",\"breadcrumb\":{\"@id\":\"https:\/\/robowash.turkuvazprojeler.com\/ro\/produs\/automatizarea-spalarii-vehiculelor\/#breadcrumb\"},\"inLanguage\":\"ro-RO\",\"potentialAction\":[{\"@type\":\"ReadAction\",\"target\":[\"https:\/\/robowash.turkuvazprojeler.com\/ro\/produs\/automatizarea-spalarii-vehiculelor\/\"]}]},{\"@type\":\"ImageObject\",\"inLanguage\":\"ro-RO\",\"@id\":\"https:\/\/robowash.turkuvazprojeler.com\/ro\/produs\/automatizarea-spalarii-vehiculelor\/#primaryimage\",\"url\":\"https:\/\/robowash.turkuvazprojeler.com\/wp-content\/uploads\/2025\/06\/shutterstock-1133982038-400x250-1.jpg\",\"contentUrl\":\"https:\/\/robowash.turkuvazprojeler.com\/wp-content\/uploads\/2025\/06\/shutterstock-1133982038-400x250-1.jpg\",\"width\":400,\"height\":250},{\"@type\":\"BreadcrumbList\",\"@id\":\"https:\/\/robowash.turkuvazprojeler.com\/ro\/produs\/automatizarea-spalarii-vehiculelor\/#breadcrumb\",\"itemListElement\":[{\"@type\":\"ListItem\",\"position\":1,\"name\":\"Anasayfa\",\"item\":\"https:\/\/robowash.turkuvazprojeler.com\/ro\/\"},{\"@type\":\"ListItem\",\"position\":2,\"name\":\"Magazin\",\"item\":\"https:\/\/robowash.turkuvazprojeler.com\/ro\/magazin\/\"},{\"@type\":\"ListItem\",\"position\":3,\"name\":\"Automatizarea Sp\u0103l\u0103rii Vehiculelor\"}]},{\"@type\":\"WebSite\",\"@id\":\"https:\/\/robowash.turkuvazprojeler.com\/ro\/#website\",\"url\":\"https:\/\/robowash.turkuvazprojeler.com\/ro\/\",\"name\":\"Robowash\",\"description\":\"\",\"publisher\":{\"@id\":\"https:\/\/robowash.turkuvazprojeler.com\/ro\/#organization\"},\"potentialAction\":[{\"@type\":\"SearchAction\",\"target\":{\"@type\":\"EntryPoint\",\"urlTemplate\":\"https:\/\/robowash.turkuvazprojeler.com\/ro\/?s={search_term_string}\"},\"query-input\":{\"@type\":\"PropertyValueSpecification\",\"valueRequired\":true,\"valueName\":\"search_term_string\"}}],\"inLanguage\":\"ro-RO\"},{\"@type\":\"Organization\",\"@id\":\"https:\/\/robowash.turkuvazprojeler.com\/ro\/#organization\",\"name\":\"Robowash\",\"url\":\"https:\/\/robowash.turkuvazprojeler.com\/ro\/\",\"logo\":{\"@type\":\"ImageObject\",\"inLanguage\":\"ro-RO\",\"@id\":\"https:\/\/robowash.turkuvazprojeler.com\/ro\/#\/schema\/logo\/image\/\",\"url\":\"https:\/\/robowash.turkuvazprojeler.com\/wp-content\/uploads\/2023\/11\/robowash-logo-scaled.png\",\"contentUrl\":\"https:\/\/robowash.turkuvazprojeler.com\/wp-content\/uploads\/2023\/11\/robowash-logo-scaled.png\",\"width\":2560,\"height\":449,\"caption\":\"Robowash\"},\"image\":{\"@id\":\"https:\/\/robowash.turkuvazprojeler.com\/ro\/#\/schema\/logo\/image\/\"}}]}<\/script>\n<!-- \/ Yoast SEO plugin. -->","yoast_head_json":{"title":"Automatizarea Sp\u0103l\u0103rii Vehiculelor - Robowash","robots":{"index":"index","follow":"follow","max-snippet":"max-snippet:-1","max-image-preview":"max-image-preview:large","max-video-preview":"max-video-preview:-1"},"canonical":"https:\/\/robowash.turkuvazprojeler.com\/ro\/produs\/automatizarea-spalarii-vehiculelor\/","og_locale":"ro_RO","og_type":"article","og_title":"Automatizarea Sp\u0103l\u0103rii Vehiculelor - Robowash","og_description":"Scopul este s\u0103 se fac\u0103 amenajarea echipamentelor din zona de sp\u0103lare a vehiculelor regulat\u0103 \u0219i eficient\u0103, s\u0103 fie integrate \u00een sistemele de automatizare \u0219i s\u0103 se ofere beneficii proprietarilor de afaceri prin posibilit\u0103\u021bi u\u0219oare de control \u0219i monitorizare.  - Sisteme de monitorizare \u0219i management,  - Program de fidelitate \u0219i marketing,  - Pl\u0103\u021bi mobile \u0219i f\u0103r\u0103 contact,  - Aplica\u021bii pentru smartphone-uri.  Acestea sunt aplica\u021biile principale ale sistemului.","og_url":"https:\/\/robowash.turkuvazprojeler.com\/ro\/produs\/automatizarea-spalarii-vehiculelor\/","og_site_name":"Robowash","article_modified_time":"2025-10-24T15:28:21+00:00","og_image":[{"width":400,"height":250,"url":"https:\/\/robowash.turkuvazprojeler.com\/wp-content\/uploads\/2025\/06\/shutterstock-1133982038-400x250-1.jpg","type":"image\/jpeg"}],"twitter_card":"summary_large_image","twitter_misc":{"Timp estimat pentru citire":"1 minut"},"schema":{"@context":"https:\/\/schema.org","@graph":[{"@type":"WebPage","@id":"https:\/\/robowash.turkuvazprojeler.com\/ro\/produs\/automatizarea-spalarii-vehiculelor\/","url":"https:\/\/robowash.turkuvazprojeler.com\/ro\/produs\/automatizarea-spalarii-vehiculelor\/","name":"Automatizarea Sp\u0103l\u0103rii Vehiculelor - Robowash","isPartOf":{"@id":"https:\/\/robowash.turkuvazprojeler.com\/ro\/#website"},"primaryImageOfPage":{"@id":"https:\/\/robowash.turkuvazprojeler.com\/ro\/produs\/automatizarea-spalarii-vehiculelor\/#primaryimage"},"image":{"@id":"https:\/\/robowash.turkuvazprojeler.com\/ro\/produs\/automatizarea-spalarii-vehiculelor\/#primaryimage"},"thumbnailUrl":"https:\/\/robowash.turkuvazprojeler.com\/wp-content\/uploads\/2025\/06\/shutterstock-1133982038-400x250-1.jpg","datePublished":"2025-06-27T14:09:26+00:00","dateModified":"2025-10-24T15:28:21+00:00","breadcrumb":{"@id":"https:\/\/robowash.turkuvazprojeler.com\/ro\/produs\/automatizarea-spalarii-vehiculelor\/#breadcrumb"},"inLanguage":"ro-RO","potentialAction":[{"@type":"ReadAction","target":["https:\/\/robowash.turkuvazprojeler.com\/ro\/produs\/automatizarea-spalarii-vehiculelor\/"]}]},{"@type":"ImageObject","inLanguage":"ro-RO","@id":"https:\/\/robowash.turkuvazprojeler.com\/ro\/produs\/automatizarea-spalarii-vehiculelor\/#primaryimage","url":"https:\/\/robowash.turkuvazprojeler.com\/wp-content\/uploads\/2025\/06\/shutterstock-1133982038-400x250-1.jpg","contentUrl":"https:\/\/robowash.turkuvazprojeler.com\/wp-content\/uploads\/2025\/06\/shutterstock-1133982038-400x250-1.jpg","width":400,"height":250},{"@type":"BreadcrumbList","@id":"https:\/\/robowash.turkuvazprojeler.com\/ro\/produs\/automatizarea-spalarii-vehiculelor\/#breadcrumb","itemListElement":[{"@type":"ListItem","position":1,"name":"Anasayfa","item":"https:\/\/robowash.turkuvazprojeler.com\/ro\/"},{"@type":"ListItem","position":2,"name":"Magazin","item":"https:\/\/robowash.turkuvazprojeler.com\/ro\/magazin\/"},{"@type":"ListItem","position":3,"name":"Automatizarea Sp\u0103l\u0103rii Vehiculelor"}]},{"@type":"WebSite","@id":"https:\/\/robowash.turkuvazprojeler.com\/ro\/#website","url":"https:\/\/robowash.turkuvazprojeler.com\/ro\/","name":"Robowash","description":"","publisher":{"@id":"https:\/\/robowash.turkuvazprojeler.com\/ro\/#organization"},"potentialAction":[{"@type":"SearchAction","target":{"@type":"EntryPoint","urlTemplate":"https:\/\/robowash.turkuvazprojeler.com\/ro\/?s={search_term_string}"},"query-input":{"@type":"PropertyValueSpecification","valueRequired":true,"valueName":"search_term_string"}}],"inLanguage":"ro-RO"},{"@type":"Organization","@id":"https:\/\/robowash.turkuvazprojeler.com\/ro\/#organization","name":"Robowash","url":"https:\/\/robowash.turkuvazprojeler.com\/ro\/","logo":{"@type":"ImageObject","inLanguage":"ro-RO","@id":"https:\/\/robowash.turkuvazprojeler.com\/ro\/#\/schema\/logo\/image\/","url":"https:\/\/robowash.turkuvazprojeler.com\/wp-content\/uploads\/2023\/11\/robowash-logo-scaled.png","contentUrl":"https:\/\/robowash.turkuvazprojeler.com\/wp-content\/uploads\/2023\/11\/robowash-logo-scaled.png","width":2560,"height":449,"caption":"Robowash"},"image":{"@id":"https:\/\/robowash.turkuvazprojeler.com\/ro\/#\/schema\/logo\/image\/"}}]}},"_links":{"self":[{"href":"https:\/\/robowash.turkuvazprojeler.com\/ro\/wp-json\/wp\/v2\/product\/10577","targetHints":{"allow":["GET"]}}],"collection":[{"href":"https:\/\/robowash.turkuvazprojeler.com\/ro\/wp-json\/wp\/v2\/product"}],"about":[{"href":"https:\/\/robowash.turkuvazprojeler.com\/ro\/wp-json\/wp\/v2\/types\/product"}],"replies":[{"embeddable":true,"href":"https:\/\/robowash.turkuvazprojeler.com\/ro\/wp-json\/wp\/v2\/comments?post=10577"}],"wp:featuredmedia":[{"embeddable":true,"href":"https:\/\/robowash.turkuvazprojeler.com\/ro\/wp-json\/wp\/v2\/media\/10471"}],"wp:attachment":[{"href":"https:\/\/robowash.turkuvazprojeler.com\/ro\/wp-json\/wp\/v2\/media?parent=10577"}],"wp:term":[{"taxonomy":"product_brand","embeddable":true,"href":"https:\/\/robowash.turkuvazprojeler.com\/ro\/wp-json\/wp\/v2\/product_brand?post=10577"},{"taxonomy":"product_cat","embeddable":true,"href":"https:\/\/robowash.turkuvazprojeler.com\/ro\/wp-json\/wp\/v2\/product_cat?post=10577"},{"taxonomy":"product_tag","embeddable":true,"href":"https:\/\/robowash.turkuvazprojeler.com\/ro\/wp-json\/wp\/v2\/product_tag?post=10577"}],"curies":[{"name":"wp","href":"https:\/\/api.w.org\/{rel}","templated":true}]}}