{"id":10604,"date":"2025-06-27T12:55:04","date_gmt":"2025-06-27T12:55:04","guid":{"rendered":"https:\/\/robowash.com.tr\/urunlerimiz\/masina-pentru-prosoape-din-panza-si-covorase-din-hartie\/"},"modified":"2025-12-17T10:24:19","modified_gmt":"2025-12-17T10:24:19","slug":"masina-pentru-prosoape-din-panza-si-covorase-din-hartie","status":"publish","type":"product","link":"https:\/\/robowash.turkuvazprojeler.com\/ro\/produs\/masina-pentru-prosoape-din-panza-si-covorase-din-hartie\/","title":{"rendered":"Ma\u0219in\u0103 pentru Prosoape din P\u00e2nz\u0103 \u0219i Covora\u0219e din H\u00e2rtie"},"content":{"rendered":"","protected":false},"excerpt":{"rendered":"<p>Produsul nostru, pe care continu\u0103m s\u0103-l fabric\u0103m cu un design nou \u0219i tehnologie avansat\u0103 cu caracteristici superioare, ofer\u0103 valoare ad\u0103ugat\u0103 \u0219i venituri suplimentare \u00een special pentru sta\u021biile de combustibil. Este considerat unul dintre motivele de preferin\u021b\u0103, oferind confort excep\u021bional \u0219i venit suplimentar pentru unit\u0103\u021bile de sp\u0103lare auto self-service. Nu exist\u0103 niciodat\u0103 probleme cu aprovizionarea rolelor de p\u00e2nz\u0103 sau h\u00e2rtie, av\u00e2nd \u00eentotdeauna posibilit\u0103\u021bi de aprovizionare cu garan\u021bia Robowash.<\/p>\n","protected":false},"featured_media":10542,"comment_status":"open","ping_status":"closed","template":"","meta":{"_acf_changed":false},"product_brand":[],"product_cat":[97,96],"product_tag":[],"class_list":{"0":"post-10604","1":"product","2":"type-product","3":"status-publish","4":"has-post-thumbnail","6":"product_cat-masini-de-spalat-auto","7":"product_cat-produse-produse-de-spalat-auto-cu-autoervire-si-alte-produse","9":"first","10":"instock","11":"shipping-taxable","12":"product-type-simple"},"acf":[],"yoast_head":"<!-- This site is optimized with the Yoast SEO plugin v26.6 - https:\/\/yoast.com\/wordpress\/plugins\/seo\/ -->\n<title>Ma\u0219in\u0103 pentru Prosoape din P\u00e2nz\u0103 \u0219i Covora\u0219e din H\u00e2rtie - Robowash<\/title>\n<meta name=\"robots\" content=\"index, follow, max-snippet:-1, max-image-preview:large, max-video-preview:-1\" \/>\n<link rel=\"canonical\" href=\"https:\/\/robowash.turkuvazprojeler.com\/ro\/produs\/masina-pentru-prosoape-din-panza-si-covorase-din-hartie\/\" \/>\n<meta property=\"og:locale\" content=\"ro_RO\" \/>\n<meta property=\"og:type\" content=\"article\" \/>\n<meta property=\"og:title\" content=\"Ma\u0219in\u0103 pentru Prosoape din P\u00e2nz\u0103 \u0219i Covora\u0219e din H\u00e2rtie - Robowash\" \/>\n<meta property=\"og:description\" content=\"Produsul nostru, pe care continu\u0103m s\u0103-l fabric\u0103m cu un design nou \u0219i tehnologie avansat\u0103 cu caracteristici superioare, ofer\u0103 valoare ad\u0103ugat\u0103 \u0219i venituri suplimentare \u00een special pentru sta\u021biile de combustibil. Este considerat unul dintre motivele de preferin\u021b\u0103, oferind confort excep\u021bional \u0219i venit suplimentar pentru unit\u0103\u021bile de sp\u0103lare auto self-service. Nu exist\u0103 niciodat\u0103 probleme cu aprovizionarea rolelor de p\u00e2nz\u0103 sau h\u00e2rtie, av\u00e2nd \u00eentotdeauna posibilit\u0103\u021bi de aprovizionare cu garan\u021bia Robowash.\" \/>\n<meta property=\"og:url\" content=\"https:\/\/robowash.turkuvazprojeler.com\/ro\/produs\/masina-pentru-prosoape-din-panza-si-covorase-din-hartie\/\" \/>\n<meta property=\"og:site_name\" content=\"Robowash\" \/>\n<meta property=\"article:modified_time\" content=\"2025-12-17T10:24:19+00:00\" \/>\n<meta property=\"og:image\" content=\"https:\/\/robowash.turkuvazprojeler.com\/wp-content\/uploads\/2025\/06\/lekesiz-1200x800-1.png\" \/>\n\t<meta property=\"og:image:width\" content=\"1200\" \/>\n\t<meta property=\"og:image:height\" content=\"800\" \/>\n\t<meta property=\"og:image:type\" content=\"image\/png\" \/>\n<meta name=\"twitter:card\" content=\"summary_large_image\" \/>\n<meta name=\"twitter:label1\" content=\"Timp estimat pentru citire\" \/>\n\t<meta name=\"twitter:data1\" content=\"1 minut\" \/>\n<script type=\"application\/ld+json\" class=\"yoast-schema-graph\">{\"@context\":\"https:\/\/schema.org\",\"@graph\":[{\"@type\":\"WebPage\",\"@id\":\"https:\/\/robowash.turkuvazprojeler.com\/ro\/produs\/masina-pentru-prosoape-din-panza-si-covorase-din-hartie\/\",\"url\":\"https:\/\/robowash.turkuvazprojeler.com\/ro\/produs\/masina-pentru-prosoape-din-panza-si-covorase-din-hartie\/\",\"name\":\"Ma\u0219in\u0103 pentru Prosoape din P\u00e2nz\u0103 \u0219i Covora\u0219e din H\u00e2rtie - Robowash\",\"isPartOf\":{\"@id\":\"https:\/\/robowash.turkuvazprojeler.com\/ro\/#website\"},\"primaryImageOfPage\":{\"@id\":\"https:\/\/robowash.turkuvazprojeler.com\/ro\/produs\/masina-pentru-prosoape-din-panza-si-covorase-din-hartie\/#primaryimage\"},\"image\":{\"@id\":\"https:\/\/robowash.turkuvazprojeler.com\/ro\/produs\/masina-pentru-prosoape-din-panza-si-covorase-din-hartie\/#primaryimage\"},\"thumbnailUrl\":\"https:\/\/robowash.turkuvazprojeler.com\/wp-content\/uploads\/2025\/06\/lekesiz-1200x800-1.png\",\"datePublished\":\"2025-06-27T12:55:04+00:00\",\"dateModified\":\"2025-12-17T10:24:19+00:00\",\"breadcrumb\":{\"@id\":\"https:\/\/robowash.turkuvazprojeler.com\/ro\/produs\/masina-pentru-prosoape-din-panza-si-covorase-din-hartie\/#breadcrumb\"},\"inLanguage\":\"ro-RO\",\"potentialAction\":[{\"@type\":\"ReadAction\",\"target\":[\"https:\/\/robowash.turkuvazprojeler.com\/ro\/produs\/masina-pentru-prosoape-din-panza-si-covorase-din-hartie\/\"]}]},{\"@type\":\"ImageObject\",\"inLanguage\":\"ro-RO\",\"@id\":\"https:\/\/robowash.turkuvazprojeler.com\/ro\/produs\/masina-pentru-prosoape-din-panza-si-covorase-din-hartie\/#primaryimage\",\"url\":\"https:\/\/robowash.turkuvazprojeler.com\/wp-content\/uploads\/2025\/06\/lekesiz-1200x800-1.png\",\"contentUrl\":\"https:\/\/robowash.turkuvazprojeler.com\/wp-content\/uploads\/2025\/06\/lekesiz-1200x800-1.png\",\"width\":1200,\"height\":800},{\"@type\":\"BreadcrumbList\",\"@id\":\"https:\/\/robowash.turkuvazprojeler.com\/ro\/produs\/masina-pentru-prosoape-din-panza-si-covorase-din-hartie\/#breadcrumb\",\"itemListElement\":[{\"@type\":\"ListItem\",\"position\":1,\"name\":\"Anasayfa\",\"item\":\"https:\/\/robowash.turkuvazprojeler.com\/ro\/\"},{\"@type\":\"ListItem\",\"position\":2,\"name\":\"Magazin\",\"item\":\"https:\/\/robowash.turkuvazprojeler.com\/ro\/magazin\/\"},{\"@type\":\"ListItem\",\"position\":3,\"name\":\"Ma\u0219in\u0103 pentru Prosoape din P\u00e2nz\u0103 \u0219i Covora\u0219e din H\u00e2rtie\"}]},{\"@type\":\"WebSite\",\"@id\":\"https:\/\/robowash.turkuvazprojeler.com\/ro\/#website\",\"url\":\"https:\/\/robowash.turkuvazprojeler.com\/ro\/\",\"name\":\"Robowash\",\"description\":\"\",\"publisher\":{\"@id\":\"https:\/\/robowash.turkuvazprojeler.com\/ro\/#organization\"},\"potentialAction\":[{\"@type\":\"SearchAction\",\"target\":{\"@type\":\"EntryPoint\",\"urlTemplate\":\"https:\/\/robowash.turkuvazprojeler.com\/ro\/?s={search_term_string}\"},\"query-input\":{\"@type\":\"PropertyValueSpecification\",\"valueRequired\":true,\"valueName\":\"search_term_string\"}}],\"inLanguage\":\"ro-RO\"},{\"@type\":\"Organization\",\"@id\":\"https:\/\/robowash.turkuvazprojeler.com\/ro\/#organization\",\"name\":\"Robowash\",\"url\":\"https:\/\/robowash.turkuvazprojeler.com\/ro\/\",\"logo\":{\"@type\":\"ImageObject\",\"inLanguage\":\"ro-RO\",\"@id\":\"https:\/\/robowash.turkuvazprojeler.com\/ro\/#\/schema\/logo\/image\/\",\"url\":\"https:\/\/robowash.turkuvazprojeler.com\/wp-content\/uploads\/2023\/11\/robowash-logo-scaled.png\",\"contentUrl\":\"https:\/\/robowash.turkuvazprojeler.com\/wp-content\/uploads\/2023\/11\/robowash-logo-scaled.png\",\"width\":2560,\"height\":449,\"caption\":\"Robowash\"},\"image\":{\"@id\":\"https:\/\/robowash.turkuvazprojeler.com\/ro\/#\/schema\/logo\/image\/\"}}]}<\/script>\n<!-- \/ Yoast SEO plugin. -->","yoast_head_json":{"title":"Ma\u0219in\u0103 pentru Prosoape din P\u00e2nz\u0103 \u0219i Covora\u0219e din H\u00e2rtie - Robowash","robots":{"index":"index","follow":"follow","max-snippet":"max-snippet:-1","max-image-preview":"max-image-preview:large","max-video-preview":"max-video-preview:-1"},"canonical":"https:\/\/robowash.turkuvazprojeler.com\/ro\/produs\/masina-pentru-prosoape-din-panza-si-covorase-din-hartie\/","og_locale":"ro_RO","og_type":"article","og_title":"Ma\u0219in\u0103 pentru Prosoape din P\u00e2nz\u0103 \u0219i Covora\u0219e din H\u00e2rtie - Robowash","og_description":"Produsul nostru, pe care continu\u0103m s\u0103-l fabric\u0103m cu un design nou \u0219i tehnologie avansat\u0103 cu caracteristici superioare, ofer\u0103 valoare ad\u0103ugat\u0103 \u0219i venituri suplimentare \u00een special pentru sta\u021biile de combustibil. Este considerat unul dintre motivele de preferin\u021b\u0103, oferind confort excep\u021bional \u0219i venit suplimentar pentru unit\u0103\u021bile de sp\u0103lare auto self-service. Nu exist\u0103 niciodat\u0103 probleme cu aprovizionarea rolelor de p\u00e2nz\u0103 sau h\u00e2rtie, av\u00e2nd \u00eentotdeauna posibilit\u0103\u021bi de aprovizionare cu garan\u021bia Robowash.","og_url":"https:\/\/robowash.turkuvazprojeler.com\/ro\/produs\/masina-pentru-prosoape-din-panza-si-covorase-din-hartie\/","og_site_name":"Robowash","article_modified_time":"2025-12-17T10:24:19+00:00","og_image":[{"width":1200,"height":800,"url":"https:\/\/robowash.turkuvazprojeler.com\/wp-content\/uploads\/2025\/06\/lekesiz-1200x800-1.png","type":"image\/png"}],"twitter_card":"summary_large_image","twitter_misc":{"Timp estimat pentru citire":"1 minut"},"schema":{"@context":"https:\/\/schema.org","@graph":[{"@type":"WebPage","@id":"https:\/\/robowash.turkuvazprojeler.com\/ro\/produs\/masina-pentru-prosoape-din-panza-si-covorase-din-hartie\/","url":"https:\/\/robowash.turkuvazprojeler.com\/ro\/produs\/masina-pentru-prosoape-din-panza-si-covorase-din-hartie\/","name":"Ma\u0219in\u0103 pentru Prosoape din P\u00e2nz\u0103 \u0219i Covora\u0219e din H\u00e2rtie - Robowash","isPartOf":{"@id":"https:\/\/robowash.turkuvazprojeler.com\/ro\/#website"},"primaryImageOfPage":{"@id":"https:\/\/robowash.turkuvazprojeler.com\/ro\/produs\/masina-pentru-prosoape-din-panza-si-covorase-din-hartie\/#primaryimage"},"image":{"@id":"https:\/\/robowash.turkuvazprojeler.com\/ro\/produs\/masina-pentru-prosoape-din-panza-si-covorase-din-hartie\/#primaryimage"},"thumbnailUrl":"https:\/\/robowash.turkuvazprojeler.com\/wp-content\/uploads\/2025\/06\/lekesiz-1200x800-1.png","datePublished":"2025-06-27T12:55:04+00:00","dateModified":"2025-12-17T10:24:19+00:00","breadcrumb":{"@id":"https:\/\/robowash.turkuvazprojeler.com\/ro\/produs\/masina-pentru-prosoape-din-panza-si-covorase-din-hartie\/#breadcrumb"},"inLanguage":"ro-RO","potentialAction":[{"@type":"ReadAction","target":["https:\/\/robowash.turkuvazprojeler.com\/ro\/produs\/masina-pentru-prosoape-din-panza-si-covorase-din-hartie\/"]}]},{"@type":"ImageObject","inLanguage":"ro-RO","@id":"https:\/\/robowash.turkuvazprojeler.com\/ro\/produs\/masina-pentru-prosoape-din-panza-si-covorase-din-hartie\/#primaryimage","url":"https:\/\/robowash.turkuvazprojeler.com\/wp-content\/uploads\/2025\/06\/lekesiz-1200x800-1.png","contentUrl":"https:\/\/robowash.turkuvazprojeler.com\/wp-content\/uploads\/2025\/06\/lekesiz-1200x800-1.png","width":1200,"height":800},{"@type":"BreadcrumbList","@id":"https:\/\/robowash.turkuvazprojeler.com\/ro\/produs\/masina-pentru-prosoape-din-panza-si-covorase-din-hartie\/#breadcrumb","itemListElement":[{"@type":"ListItem","position":1,"name":"Anasayfa","item":"https:\/\/robowash.turkuvazprojeler.com\/ro\/"},{"@type":"ListItem","position":2,"name":"Magazin","item":"https:\/\/robowash.turkuvazprojeler.com\/ro\/magazin\/"},{"@type":"ListItem","position":3,"name":"Ma\u0219in\u0103 pentru Prosoape din P\u00e2nz\u0103 \u0219i Covora\u0219e din H\u00e2rtie"}]},{"@type":"WebSite","@id":"https:\/\/robowash.turkuvazprojeler.com\/ro\/#website","url":"https:\/\/robowash.turkuvazprojeler.com\/ro\/","name":"Robowash","description":"","publisher":{"@id":"https:\/\/robowash.turkuvazprojeler.com\/ro\/#organization"},"potentialAction":[{"@type":"SearchAction","target":{"@type":"EntryPoint","urlTemplate":"https:\/\/robowash.turkuvazprojeler.com\/ro\/?s={search_term_string}"},"query-input":{"@type":"PropertyValueSpecification","valueRequired":true,"valueName":"search_term_string"}}],"inLanguage":"ro-RO"},{"@type":"Organization","@id":"https:\/\/robowash.turkuvazprojeler.com\/ro\/#organization","name":"Robowash","url":"https:\/\/robowash.turkuvazprojeler.com\/ro\/","logo":{"@type":"ImageObject","inLanguage":"ro-RO","@id":"https:\/\/robowash.turkuvazprojeler.com\/ro\/#\/schema\/logo\/image\/","url":"https:\/\/robowash.turkuvazprojeler.com\/wp-content\/uploads\/2023\/11\/robowash-logo-scaled.png","contentUrl":"https:\/\/robowash.turkuvazprojeler.com\/wp-content\/uploads\/2023\/11\/robowash-logo-scaled.png","width":2560,"height":449,"caption":"Robowash"},"image":{"@id":"https:\/\/robowash.turkuvazprojeler.com\/ro\/#\/schema\/logo\/image\/"}}]}},"_links":{"self":[{"href":"https:\/\/robowash.turkuvazprojeler.com\/ro\/wp-json\/wp\/v2\/product\/10604","targetHints":{"allow":["GET"]}}],"collection":[{"href":"https:\/\/robowash.turkuvazprojeler.com\/ro\/wp-json\/wp\/v2\/product"}],"about":[{"href":"https:\/\/robowash.turkuvazprojeler.com\/ro\/wp-json\/wp\/v2\/types\/product"}],"replies":[{"embeddable":true,"href":"https:\/\/robowash.turkuvazprojeler.com\/ro\/wp-json\/wp\/v2\/comments?post=10604"}],"wp:featuredmedia":[{"embeddable":true,"href":"https:\/\/robowash.turkuvazprojeler.com\/ro\/wp-json\/wp\/v2\/media\/10542"}],"wp:attachment":[{"href":"https:\/\/robowash.turkuvazprojeler.com\/ro\/wp-json\/wp\/v2\/media?parent=10604"}],"wp:term":[{"taxonomy":"product_brand","embeddable":true,"href":"https:\/\/robowash.turkuvazprojeler.com\/ro\/wp-json\/wp\/v2\/product_brand?post=10604"},{"taxonomy":"product_cat","embeddable":true,"href":"https:\/\/robowash.turkuvazprojeler.com\/ro\/wp-json\/wp\/v2\/product_cat?post=10604"},{"taxonomy":"product_tag","embeddable":true,"href":"https:\/\/robowash.turkuvazprojeler.com\/ro\/wp-json\/wp\/v2\/product_tag?post=10604"}],"curies":[{"name":"wp","href":"https:\/\/api.w.org\/{rel}","templated":true}]}}