{"id":10623,"date":"2025-06-27T13:49:58","date_gmt":"2025-06-27T13:49:58","guid":{"rendered":"https:\/\/robowash.com.tr\/urunlerimiz\/suport-pentru-covorase\/"},"modified":"2025-10-30T11:33:06","modified_gmt":"2025-10-30T11:33:06","slug":"suport-pentru-covorase","status":"publish","type":"product","link":"https:\/\/robowash.turkuvazprojeler.com\/ro\/produs\/suport-pentru-covorase\/","title":{"rendered":"Suport pentru covora\u0219e"},"content":{"rendered":"","protected":false},"excerpt":{"rendered":"<h6 class=\"sr-only\"><\/h6>\n<div class=\"text-base my-auto mx-auto pb-10 [--thread-content-margin:--spacing(4)] @[37rem]:[--thread-content-margin:--spacing(6)] @[72rem]:[--thread-content-margin:--spacing(16)] px-(--thread-content-margin)\">\n<div class=\"[--thread-content-max-width:32rem] @[34rem]:[--thread-content-max-width:40rem] @[64rem]:[--thread-content-max-width:48rem] mx-auto max-w-(--thread-content-max-width) flex-1 group\/turn-messages focus-visible:outline-hidden relative flex w-full min-w-0 flex-col agent-turn\" tabindex=\"-1\">\n<div class=\"flex max-w-full flex-col grow\">\n<div class=\"min-h-8 text-message relative flex w-full flex-col items-end gap-2 text-start break-words whitespace-normal [.text-message+&amp;]:mt-5\" dir=\"auto\" data-message-author-role=\"assistant\" data-message-id=\"169c5e8d-8a4a-4e3b-805d-04888ec93f79\" data-message-model-slug=\"gpt-4o\">\n<div class=\"flex w-full flex-col gap-1 empty:hidden first:pt-[3px]\">\n<div class=\"markdown prose dark:prose-invert w-full break-words dark markdown-new-styling\">\n<p data-start=\"0\" data-end=\"572\" data-is-last-node=\"\" data-is-only-node=\"\">Suportul pentru covora\u0219e este un echipament practic care asigur\u0103 uscarea igienic\u0103 \u0219i ordonat\u0103 a covora\u0219elor utilizate dup\u0103 procesul de sp\u0103lare. Este utilizat \u00een sta\u021biile de sp\u0103lare auto, saloanele auto, zonele de cur\u0103\u021benie industrial\u0103 \u0219i \u00een afaceri pentru a men\u021bine ordinea materialelor de cur\u0103\u021benie. Datorit\u0103 structurii sale inoxidabile \u0219i a accesoriilor multiple de ag\u0103\u021bare, mai multe covora\u0219e pot fi at\u00e2rnate simultan, acceler\u00e2nd astfel timpul de uscare \u0219i evit\u00e2nd dezordinea pe podea. Poate fi adaptat \u00een func\u021bie de zona de utilizare, fie cu modele montate pe perete, fie cu suporturi, asigur\u00e2nd ordine \u0219i eficien\u021b\u0103 \u00een zonele de cur\u0103\u021benie.<\/p>\n<\/div>\n<\/div>\n<\/div>\n<\/div>\n<\/div>\n<\/div>\n<div id=\"simple-translate\" class=\"simple-translate-system-theme\">\n<div>\n<div class=\"simple-translate-button isShow\" style=\"background-image: url('chrome-extension:\/\/ibplnjkanclpjokhdolnendpplpjiace\/icons\/512.png'); height: 22px; width: 22px; top: 2px; left: -31px;\"><\/div>\n<div class=\"simple-translate-panel \" style=\"width: 300px; height: 200px; top: 0px; left: 0px; font-size: 13px;\">\n<div class=\"simple-translate-result-wrapper\" style=\"overflow: hidden;\">\n<div class=\"simple-translate-move\" draggable=\"true\"><\/div>\n<div class=\"simple-translate-result-contents\">\n<p class=\"simple-translate-candidate\" dir=\"auto\">\n<\/div>\n<\/div>\n<\/div>\n<\/div>\n<\/div>\n","protected":false},"featured_media":10608,"comment_status":"open","ping_status":"closed","template":"","meta":{"_acf_changed":false},"product_brand":[],"product_cat":[96],"product_tag":[],"class_list":{"0":"post-10623","1":"product","2":"type-product","3":"status-publish","4":"has-post-thumbnail","6":"product_cat-produse-produse-de-spalat-auto-cu-autoervire-si-alte-produse","8":"first","9":"instock","10":"shipping-taxable","11":"product-type-simple"},"acf":[],"yoast_head":"<!-- This site is optimized with the Yoast SEO plugin v26.6 - https:\/\/yoast.com\/wordpress\/plugins\/seo\/ -->\n<title>Suport pentru covora\u0219e - Robowash<\/title>\n<meta name=\"robots\" content=\"index, follow, max-snippet:-1, max-image-preview:large, max-video-preview:-1\" \/>\n<link rel=\"canonical\" href=\"https:\/\/robowash.turkuvazprojeler.com\/ro\/produs\/suport-pentru-covorase\/\" \/>\n<meta property=\"og:locale\" content=\"ro_RO\" \/>\n<meta property=\"og:type\" content=\"article\" \/>\n<meta property=\"og:title\" content=\"Suport pentru covora\u0219e - Robowash\" \/>\n<meta property=\"og:description\" content=\"Suportul pentru covora\u0219e este un echipament practic care asigur\u0103 uscarea igienic\u0103 \u0219i ordonat\u0103 a covora\u0219elor utilizate dup\u0103 procesul de sp\u0103lare. Este utilizat \u00een sta\u021biile de sp\u0103lare auto, saloanele auto, zonele de cur\u0103\u021benie industrial\u0103 \u0219i \u00een afaceri pentru a men\u021bine ordinea materialelor de cur\u0103\u021benie. Datorit\u0103 structurii sale inoxidabile \u0219i a accesoriilor multiple de ag\u0103\u021bare, mai multe covora\u0219e pot fi at\u00e2rnate simultan, acceler\u00e2nd astfel timpul de uscare \u0219i evit\u00e2nd dezordinea pe podea. Poate fi adaptat \u00een func\u021bie de zona de utilizare, fie cu modele montate pe perete, fie cu suporturi, asigur\u00e2nd ordine \u0219i eficien\u021b\u0103 \u00een zonele de cur\u0103\u021benie.\" \/>\n<meta property=\"og:url\" content=\"https:\/\/robowash.turkuvazprojeler.com\/ro\/produs\/suport-pentru-covorase\/\" \/>\n<meta property=\"og:site_name\" content=\"Robowash\" \/>\n<meta property=\"article:modified_time\" content=\"2025-10-30T11:33:06+00:00\" \/>\n<meta property=\"og:image\" content=\"https:\/\/robowash.turkuvazprojeler.com\/wp-content\/uploads\/2025\/06\/adsiz-tasarim-34_1-1200x800-1.png\" \/>\n\t<meta property=\"og:image:width\" content=\"1200\" \/>\n\t<meta property=\"og:image:height\" content=\"800\" \/>\n\t<meta property=\"og:image:type\" content=\"image\/png\" \/>\n<meta name=\"twitter:card\" content=\"summary_large_image\" \/>\n<meta name=\"twitter:label1\" content=\"Timp estimat pentru citire\" \/>\n\t<meta name=\"twitter:data1\" content=\"1 minut\" \/>\n<script type=\"application\/ld+json\" class=\"yoast-schema-graph\">{\"@context\":\"https:\/\/schema.org\",\"@graph\":[{\"@type\":\"WebPage\",\"@id\":\"https:\/\/robowash.turkuvazprojeler.com\/ro\/produs\/suport-pentru-covorase\/\",\"url\":\"https:\/\/robowash.turkuvazprojeler.com\/ro\/produs\/suport-pentru-covorase\/\",\"name\":\"Suport pentru covora\u0219e - Robowash\",\"isPartOf\":{\"@id\":\"https:\/\/robowash.turkuvazprojeler.com\/ro\/#website\"},\"primaryImageOfPage\":{\"@id\":\"https:\/\/robowash.turkuvazprojeler.com\/ro\/produs\/suport-pentru-covorase\/#primaryimage\"},\"image\":{\"@id\":\"https:\/\/robowash.turkuvazprojeler.com\/ro\/produs\/suport-pentru-covorase\/#primaryimage\"},\"thumbnailUrl\":\"https:\/\/robowash.turkuvazprojeler.com\/wp-content\/uploads\/2025\/06\/adsiz-tasarim-34_1-1200x800-1.png\",\"datePublished\":\"2025-06-27T13:49:58+00:00\",\"dateModified\":\"2025-10-30T11:33:06+00:00\",\"breadcrumb\":{\"@id\":\"https:\/\/robowash.turkuvazprojeler.com\/ro\/produs\/suport-pentru-covorase\/#breadcrumb\"},\"inLanguage\":\"ro-RO\",\"potentialAction\":[{\"@type\":\"ReadAction\",\"target\":[\"https:\/\/robowash.turkuvazprojeler.com\/ro\/produs\/suport-pentru-covorase\/\"]}]},{\"@type\":\"ImageObject\",\"inLanguage\":\"ro-RO\",\"@id\":\"https:\/\/robowash.turkuvazprojeler.com\/ro\/produs\/suport-pentru-covorase\/#primaryimage\",\"url\":\"https:\/\/robowash.turkuvazprojeler.com\/wp-content\/uploads\/2025\/06\/adsiz-tasarim-34_1-1200x800-1.png\",\"contentUrl\":\"https:\/\/robowash.turkuvazprojeler.com\/wp-content\/uploads\/2025\/06\/adsiz-tasarim-34_1-1200x800-1.png\",\"width\":1200,\"height\":800},{\"@type\":\"BreadcrumbList\",\"@id\":\"https:\/\/robowash.turkuvazprojeler.com\/ro\/produs\/suport-pentru-covorase\/#breadcrumb\",\"itemListElement\":[{\"@type\":\"ListItem\",\"position\":1,\"name\":\"Anasayfa\",\"item\":\"https:\/\/robowash.turkuvazprojeler.com\/ro\/\"},{\"@type\":\"ListItem\",\"position\":2,\"name\":\"Magazin\",\"item\":\"https:\/\/robowash.turkuvazprojeler.com\/ro\/magazin\/\"},{\"@type\":\"ListItem\",\"position\":3,\"name\":\"Suport pentru covora\u0219e\"}]},{\"@type\":\"WebSite\",\"@id\":\"https:\/\/robowash.turkuvazprojeler.com\/ro\/#website\",\"url\":\"https:\/\/robowash.turkuvazprojeler.com\/ro\/\",\"name\":\"Robowash\",\"description\":\"\",\"publisher\":{\"@id\":\"https:\/\/robowash.turkuvazprojeler.com\/ro\/#organization\"},\"potentialAction\":[{\"@type\":\"SearchAction\",\"target\":{\"@type\":\"EntryPoint\",\"urlTemplate\":\"https:\/\/robowash.turkuvazprojeler.com\/ro\/?s={search_term_string}\"},\"query-input\":{\"@type\":\"PropertyValueSpecification\",\"valueRequired\":true,\"valueName\":\"search_term_string\"}}],\"inLanguage\":\"ro-RO\"},{\"@type\":\"Organization\",\"@id\":\"https:\/\/robowash.turkuvazprojeler.com\/ro\/#organization\",\"name\":\"Robowash\",\"url\":\"https:\/\/robowash.turkuvazprojeler.com\/ro\/\",\"logo\":{\"@type\":\"ImageObject\",\"inLanguage\":\"ro-RO\",\"@id\":\"https:\/\/robowash.turkuvazprojeler.com\/ro\/#\/schema\/logo\/image\/\",\"url\":\"https:\/\/robowash.turkuvazprojeler.com\/wp-content\/uploads\/2023\/11\/robowash-logo-scaled.png\",\"contentUrl\":\"https:\/\/robowash.turkuvazprojeler.com\/wp-content\/uploads\/2023\/11\/robowash-logo-scaled.png\",\"width\":2560,\"height\":449,\"caption\":\"Robowash\"},\"image\":{\"@id\":\"https:\/\/robowash.turkuvazprojeler.com\/ro\/#\/schema\/logo\/image\/\"}}]}<\/script>\n<!-- \/ Yoast SEO plugin. -->","yoast_head_json":{"title":"Suport pentru covora\u0219e - Robowash","robots":{"index":"index","follow":"follow","max-snippet":"max-snippet:-1","max-image-preview":"max-image-preview:large","max-video-preview":"max-video-preview:-1"},"canonical":"https:\/\/robowash.turkuvazprojeler.com\/ro\/produs\/suport-pentru-covorase\/","og_locale":"ro_RO","og_type":"article","og_title":"Suport pentru covora\u0219e - Robowash","og_description":"Suportul pentru covora\u0219e este un echipament practic care asigur\u0103 uscarea igienic\u0103 \u0219i ordonat\u0103 a covora\u0219elor utilizate dup\u0103 procesul de sp\u0103lare. Este utilizat \u00een sta\u021biile de sp\u0103lare auto, saloanele auto, zonele de cur\u0103\u021benie industrial\u0103 \u0219i \u00een afaceri pentru a men\u021bine ordinea materialelor de cur\u0103\u021benie. Datorit\u0103 structurii sale inoxidabile \u0219i a accesoriilor multiple de ag\u0103\u021bare, mai multe covora\u0219e pot fi at\u00e2rnate simultan, acceler\u00e2nd astfel timpul de uscare \u0219i evit\u00e2nd dezordinea pe podea. Poate fi adaptat \u00een func\u021bie de zona de utilizare, fie cu modele montate pe perete, fie cu suporturi, asigur\u00e2nd ordine \u0219i eficien\u021b\u0103 \u00een zonele de cur\u0103\u021benie.","og_url":"https:\/\/robowash.turkuvazprojeler.com\/ro\/produs\/suport-pentru-covorase\/","og_site_name":"Robowash","article_modified_time":"2025-10-30T11:33:06+00:00","og_image":[{"width":1200,"height":800,"url":"https:\/\/robowash.turkuvazprojeler.com\/wp-content\/uploads\/2025\/06\/adsiz-tasarim-34_1-1200x800-1.png","type":"image\/png"}],"twitter_card":"summary_large_image","twitter_misc":{"Timp estimat pentru citire":"1 minut"},"schema":{"@context":"https:\/\/schema.org","@graph":[{"@type":"WebPage","@id":"https:\/\/robowash.turkuvazprojeler.com\/ro\/produs\/suport-pentru-covorase\/","url":"https:\/\/robowash.turkuvazprojeler.com\/ro\/produs\/suport-pentru-covorase\/","name":"Suport pentru covora\u0219e - Robowash","isPartOf":{"@id":"https:\/\/robowash.turkuvazprojeler.com\/ro\/#website"},"primaryImageOfPage":{"@id":"https:\/\/robowash.turkuvazprojeler.com\/ro\/produs\/suport-pentru-covorase\/#primaryimage"},"image":{"@id":"https:\/\/robowash.turkuvazprojeler.com\/ro\/produs\/suport-pentru-covorase\/#primaryimage"},"thumbnailUrl":"https:\/\/robowash.turkuvazprojeler.com\/wp-content\/uploads\/2025\/06\/adsiz-tasarim-34_1-1200x800-1.png","datePublished":"2025-06-27T13:49:58+00:00","dateModified":"2025-10-30T11:33:06+00:00","breadcrumb":{"@id":"https:\/\/robowash.turkuvazprojeler.com\/ro\/produs\/suport-pentru-covorase\/#breadcrumb"},"inLanguage":"ro-RO","potentialAction":[{"@type":"ReadAction","target":["https:\/\/robowash.turkuvazprojeler.com\/ro\/produs\/suport-pentru-covorase\/"]}]},{"@type":"ImageObject","inLanguage":"ro-RO","@id":"https:\/\/robowash.turkuvazprojeler.com\/ro\/produs\/suport-pentru-covorase\/#primaryimage","url":"https:\/\/robowash.turkuvazprojeler.com\/wp-content\/uploads\/2025\/06\/adsiz-tasarim-34_1-1200x800-1.png","contentUrl":"https:\/\/robowash.turkuvazprojeler.com\/wp-content\/uploads\/2025\/06\/adsiz-tasarim-34_1-1200x800-1.png","width":1200,"height":800},{"@type":"BreadcrumbList","@id":"https:\/\/robowash.turkuvazprojeler.com\/ro\/produs\/suport-pentru-covorase\/#breadcrumb","itemListElement":[{"@type":"ListItem","position":1,"name":"Anasayfa","item":"https:\/\/robowash.turkuvazprojeler.com\/ro\/"},{"@type":"ListItem","position":2,"name":"Magazin","item":"https:\/\/robowash.turkuvazprojeler.com\/ro\/magazin\/"},{"@type":"ListItem","position":3,"name":"Suport pentru covora\u0219e"}]},{"@type":"WebSite","@id":"https:\/\/robowash.turkuvazprojeler.com\/ro\/#website","url":"https:\/\/robowash.turkuvazprojeler.com\/ro\/","name":"Robowash","description":"","publisher":{"@id":"https:\/\/robowash.turkuvazprojeler.com\/ro\/#organization"},"potentialAction":[{"@type":"SearchAction","target":{"@type":"EntryPoint","urlTemplate":"https:\/\/robowash.turkuvazprojeler.com\/ro\/?s={search_term_string}"},"query-input":{"@type":"PropertyValueSpecification","valueRequired":true,"valueName":"search_term_string"}}],"inLanguage":"ro-RO"},{"@type":"Organization","@id":"https:\/\/robowash.turkuvazprojeler.com\/ro\/#organization","name":"Robowash","url":"https:\/\/robowash.turkuvazprojeler.com\/ro\/","logo":{"@type":"ImageObject","inLanguage":"ro-RO","@id":"https:\/\/robowash.turkuvazprojeler.com\/ro\/#\/schema\/logo\/image\/","url":"https:\/\/robowash.turkuvazprojeler.com\/wp-content\/uploads\/2023\/11\/robowash-logo-scaled.png","contentUrl":"https:\/\/robowash.turkuvazprojeler.com\/wp-content\/uploads\/2023\/11\/robowash-logo-scaled.png","width":2560,"height":449,"caption":"Robowash"},"image":{"@id":"https:\/\/robowash.turkuvazprojeler.com\/ro\/#\/schema\/logo\/image\/"}}]}},"_links":{"self":[{"href":"https:\/\/robowash.turkuvazprojeler.com\/ro\/wp-json\/wp\/v2\/product\/10623","targetHints":{"allow":["GET"]}}],"collection":[{"href":"https:\/\/robowash.turkuvazprojeler.com\/ro\/wp-json\/wp\/v2\/product"}],"about":[{"href":"https:\/\/robowash.turkuvazprojeler.com\/ro\/wp-json\/wp\/v2\/types\/product"}],"replies":[{"embeddable":true,"href":"https:\/\/robowash.turkuvazprojeler.com\/ro\/wp-json\/wp\/v2\/comments?post=10623"}],"wp:featuredmedia":[{"embeddable":true,"href":"https:\/\/robowash.turkuvazprojeler.com\/ro\/wp-json\/wp\/v2\/media\/10608"}],"wp:attachment":[{"href":"https:\/\/robowash.turkuvazprojeler.com\/ro\/wp-json\/wp\/v2\/media?parent=10623"}],"wp:term":[{"taxonomy":"product_brand","embeddable":true,"href":"https:\/\/robowash.turkuvazprojeler.com\/ro\/wp-json\/wp\/v2\/product_brand?post=10623"},{"taxonomy":"product_cat","embeddable":true,"href":"https:\/\/robowash.turkuvazprojeler.com\/ro\/wp-json\/wp\/v2\/product_cat?post=10623"},{"taxonomy":"product_tag","embeddable":true,"href":"https:\/\/robowash.turkuvazprojeler.com\/ro\/wp-json\/wp\/v2\/product_tag?post=10623"}],"curies":[{"name":"wp","href":"https:\/\/api.w.org\/{rel}","templated":true}]}}