{"id":10629,"date":"2025-06-27T13:46:06","date_gmt":"2025-06-27T13:46:06","guid":{"rendered":"https:\/\/robowash.com.tr\/urunlerimiz\/masina-de-stors-lavete\/"},"modified":"2025-10-30T11:26:25","modified_gmt":"2025-10-30T11:26:25","slug":"masina-de-stors-lavete","status":"publish","type":"product","link":"https:\/\/robowash.turkuvazprojeler.com\/ro\/produs\/masina-de-stors-lavete\/","title":{"rendered":"Ma\u0219in\u0103 de stors lavete"},"content":{"rendered":"","protected":false},"excerpt":{"rendered":"<p>Ma\u0219ina de stors lavete este un echipament practic utilizat \u00een sta\u021biile de sp\u0103lare auto pentru a stoarce cu u\u0219urin\u021b\u0103 excesul de ap\u0103 din lavetele de cur\u0103\u021bare \u0219i prosoapele din microfibr\u0103. Men\u021binerea lavetelor folosite pentru \u0219tergerea geamurilor, caroseriei \u0219i suprafe\u021belor interioare ale vehiculelor \u00eentr-o stare curat\u0103 \u0219i cu un nivel ideal de umiditate afecteaz\u0103 direct calitatea cur\u0103\u021b\u0103rii. Datorit\u0103 acestei ma\u0219ini, personalul poate \u00eendep\u0103rta excesul de ap\u0103 f\u0103r\u0103 efort, realiz\u00e2nd astfel o cur\u0103\u021bare mai eficient\u0103 \u0219i evit\u00e2nd pierderea de timp. Cu structura sa durabil\u0103 \u0219i materialul inoxidabil, este potrivit\u0103 pentru utilizare intensiv\u0103 \u0219i pe termen lung \u00een zonele de sp\u0103lare auto.<\/p>\n","protected":false},"featured_media":10614,"comment_status":"open","ping_status":"closed","template":"","meta":{"_acf_changed":false},"product_brand":[],"product_cat":[96],"product_tag":[],"class_list":{"0":"post-10629","1":"product","2":"type-product","3":"status-publish","4":"has-post-thumbnail","6":"product_cat-produse-produse-de-spalat-auto-cu-autoervire-si-alte-produse","8":"first","9":"instock","10":"shipping-taxable","11":"product-type-simple"},"acf":[],"yoast_head":"<!-- This site is optimized with the Yoast SEO plugin v26.6 - https:\/\/yoast.com\/wordpress\/plugins\/seo\/ -->\n<title>Ma\u0219in\u0103 de stors lavete - Robowash<\/title>\n<meta name=\"robots\" content=\"index, follow, max-snippet:-1, max-image-preview:large, max-video-preview:-1\" \/>\n<link rel=\"canonical\" href=\"https:\/\/robowash.turkuvazprojeler.com\/ro\/produs\/masina-de-stors-lavete\/\" \/>\n<meta property=\"og:locale\" content=\"ro_RO\" \/>\n<meta property=\"og:type\" content=\"article\" \/>\n<meta property=\"og:title\" content=\"Ma\u0219in\u0103 de stors lavete - Robowash\" \/>\n<meta property=\"og:description\" content=\"Ma\u0219ina de stors lavete este un echipament practic utilizat \u00een sta\u021biile de sp\u0103lare auto pentru a stoarce cu u\u0219urin\u021b\u0103 excesul de ap\u0103 din lavetele de cur\u0103\u021bare \u0219i prosoapele din microfibr\u0103. Men\u021binerea lavetelor folosite pentru \u0219tergerea geamurilor, caroseriei \u0219i suprafe\u021belor interioare ale vehiculelor \u00eentr-o stare curat\u0103 \u0219i cu un nivel ideal de umiditate afecteaz\u0103 direct calitatea cur\u0103\u021b\u0103rii. Datorit\u0103 acestei ma\u0219ini, personalul poate \u00eendep\u0103rta excesul de ap\u0103 f\u0103r\u0103 efort, realiz\u00e2nd astfel o cur\u0103\u021bare mai eficient\u0103 \u0219i evit\u00e2nd pierderea de timp. Cu structura sa durabil\u0103 \u0219i materialul inoxidabil, este potrivit\u0103 pentru utilizare intensiv\u0103 \u0219i pe termen lung \u00een zonele de sp\u0103lare auto.\" \/>\n<meta property=\"og:url\" content=\"https:\/\/robowash.turkuvazprojeler.com\/ro\/produs\/masina-de-stors-lavete\/\" \/>\n<meta property=\"og:site_name\" content=\"Robowash\" \/>\n<meta property=\"article:modified_time\" content=\"2025-10-30T11:26:25+00:00\" \/>\n<meta property=\"og:image\" content=\"https:\/\/robowash.turkuvazprojeler.com\/wp-content\/uploads\/2025\/06\/adsiz-tasarim-35_1-1200x800-1.png\" \/>\n\t<meta property=\"og:image:width\" content=\"1200\" \/>\n\t<meta property=\"og:image:height\" content=\"800\" \/>\n\t<meta property=\"og:image:type\" content=\"image\/png\" \/>\n<meta name=\"twitter:card\" content=\"summary_large_image\" \/>\n<meta name=\"twitter:label1\" content=\"Timp estimat pentru citire\" \/>\n\t<meta name=\"twitter:data1\" content=\"1 minut\" \/>\n<script type=\"application\/ld+json\" class=\"yoast-schema-graph\">{\"@context\":\"https:\/\/schema.org\",\"@graph\":[{\"@type\":\"WebPage\",\"@id\":\"https:\/\/robowash.turkuvazprojeler.com\/ro\/produs\/masina-de-stors-lavete\/\",\"url\":\"https:\/\/robowash.turkuvazprojeler.com\/ro\/produs\/masina-de-stors-lavete\/\",\"name\":\"Ma\u0219in\u0103 de stors lavete - Robowash\",\"isPartOf\":{\"@id\":\"https:\/\/robowash.turkuvazprojeler.com\/ro\/#website\"},\"primaryImageOfPage\":{\"@id\":\"https:\/\/robowash.turkuvazprojeler.com\/ro\/produs\/masina-de-stors-lavete\/#primaryimage\"},\"image\":{\"@id\":\"https:\/\/robowash.turkuvazprojeler.com\/ro\/produs\/masina-de-stors-lavete\/#primaryimage\"},\"thumbnailUrl\":\"https:\/\/robowash.turkuvazprojeler.com\/wp-content\/uploads\/2025\/06\/adsiz-tasarim-35_1-1200x800-1.png\",\"datePublished\":\"2025-06-27T13:46:06+00:00\",\"dateModified\":\"2025-10-30T11:26:25+00:00\",\"breadcrumb\":{\"@id\":\"https:\/\/robowash.turkuvazprojeler.com\/ro\/produs\/masina-de-stors-lavete\/#breadcrumb\"},\"inLanguage\":\"ro-RO\",\"potentialAction\":[{\"@type\":\"ReadAction\",\"target\":[\"https:\/\/robowash.turkuvazprojeler.com\/ro\/produs\/masina-de-stors-lavete\/\"]}]},{\"@type\":\"ImageObject\",\"inLanguage\":\"ro-RO\",\"@id\":\"https:\/\/robowash.turkuvazprojeler.com\/ro\/produs\/masina-de-stors-lavete\/#primaryimage\",\"url\":\"https:\/\/robowash.turkuvazprojeler.com\/wp-content\/uploads\/2025\/06\/adsiz-tasarim-35_1-1200x800-1.png\",\"contentUrl\":\"https:\/\/robowash.turkuvazprojeler.com\/wp-content\/uploads\/2025\/06\/adsiz-tasarim-35_1-1200x800-1.png\",\"width\":1200,\"height\":800},{\"@type\":\"BreadcrumbList\",\"@id\":\"https:\/\/robowash.turkuvazprojeler.com\/ro\/produs\/masina-de-stors-lavete\/#breadcrumb\",\"itemListElement\":[{\"@type\":\"ListItem\",\"position\":1,\"name\":\"Anasayfa\",\"item\":\"https:\/\/robowash.turkuvazprojeler.com\/ro\/\"},{\"@type\":\"ListItem\",\"position\":2,\"name\":\"Magazin\",\"item\":\"https:\/\/robowash.turkuvazprojeler.com\/ro\/magazin\/\"},{\"@type\":\"ListItem\",\"position\":3,\"name\":\"Ma\u0219in\u0103 de stors lavete\"}]},{\"@type\":\"WebSite\",\"@id\":\"https:\/\/robowash.turkuvazprojeler.com\/ro\/#website\",\"url\":\"https:\/\/robowash.turkuvazprojeler.com\/ro\/\",\"name\":\"Robowash\",\"description\":\"\",\"publisher\":{\"@id\":\"https:\/\/robowash.turkuvazprojeler.com\/ro\/#organization\"},\"potentialAction\":[{\"@type\":\"SearchAction\",\"target\":{\"@type\":\"EntryPoint\",\"urlTemplate\":\"https:\/\/robowash.turkuvazprojeler.com\/ro\/?s={search_term_string}\"},\"query-input\":{\"@type\":\"PropertyValueSpecification\",\"valueRequired\":true,\"valueName\":\"search_term_string\"}}],\"inLanguage\":\"ro-RO\"},{\"@type\":\"Organization\",\"@id\":\"https:\/\/robowash.turkuvazprojeler.com\/ro\/#organization\",\"name\":\"Robowash\",\"url\":\"https:\/\/robowash.turkuvazprojeler.com\/ro\/\",\"logo\":{\"@type\":\"ImageObject\",\"inLanguage\":\"ro-RO\",\"@id\":\"https:\/\/robowash.turkuvazprojeler.com\/ro\/#\/schema\/logo\/image\/\",\"url\":\"https:\/\/robowash.turkuvazprojeler.com\/wp-content\/uploads\/2023\/11\/robowash-logo-scaled.png\",\"contentUrl\":\"https:\/\/robowash.turkuvazprojeler.com\/wp-content\/uploads\/2023\/11\/robowash-logo-scaled.png\",\"width\":2560,\"height\":449,\"caption\":\"Robowash\"},\"image\":{\"@id\":\"https:\/\/robowash.turkuvazprojeler.com\/ro\/#\/schema\/logo\/image\/\"}}]}<\/script>\n<!-- \/ Yoast SEO plugin. -->","yoast_head_json":{"title":"Ma\u0219in\u0103 de stors lavete - Robowash","robots":{"index":"index","follow":"follow","max-snippet":"max-snippet:-1","max-image-preview":"max-image-preview:large","max-video-preview":"max-video-preview:-1"},"canonical":"https:\/\/robowash.turkuvazprojeler.com\/ro\/produs\/masina-de-stors-lavete\/","og_locale":"ro_RO","og_type":"article","og_title":"Ma\u0219in\u0103 de stors lavete - Robowash","og_description":"Ma\u0219ina de stors lavete este un echipament practic utilizat \u00een sta\u021biile de sp\u0103lare auto pentru a stoarce cu u\u0219urin\u021b\u0103 excesul de ap\u0103 din lavetele de cur\u0103\u021bare \u0219i prosoapele din microfibr\u0103. Men\u021binerea lavetelor folosite pentru \u0219tergerea geamurilor, caroseriei \u0219i suprafe\u021belor interioare ale vehiculelor \u00eentr-o stare curat\u0103 \u0219i cu un nivel ideal de umiditate afecteaz\u0103 direct calitatea cur\u0103\u021b\u0103rii. Datorit\u0103 acestei ma\u0219ini, personalul poate \u00eendep\u0103rta excesul de ap\u0103 f\u0103r\u0103 efort, realiz\u00e2nd astfel o cur\u0103\u021bare mai eficient\u0103 \u0219i evit\u00e2nd pierderea de timp. Cu structura sa durabil\u0103 \u0219i materialul inoxidabil, este potrivit\u0103 pentru utilizare intensiv\u0103 \u0219i pe termen lung \u00een zonele de sp\u0103lare auto.","og_url":"https:\/\/robowash.turkuvazprojeler.com\/ro\/produs\/masina-de-stors-lavete\/","og_site_name":"Robowash","article_modified_time":"2025-10-30T11:26:25+00:00","og_image":[{"width":1200,"height":800,"url":"https:\/\/robowash.turkuvazprojeler.com\/wp-content\/uploads\/2025\/06\/adsiz-tasarim-35_1-1200x800-1.png","type":"image\/png"}],"twitter_card":"summary_large_image","twitter_misc":{"Timp estimat pentru citire":"1 minut"},"schema":{"@context":"https:\/\/schema.org","@graph":[{"@type":"WebPage","@id":"https:\/\/robowash.turkuvazprojeler.com\/ro\/produs\/masina-de-stors-lavete\/","url":"https:\/\/robowash.turkuvazprojeler.com\/ro\/produs\/masina-de-stors-lavete\/","name":"Ma\u0219in\u0103 de stors lavete - Robowash","isPartOf":{"@id":"https:\/\/robowash.turkuvazprojeler.com\/ro\/#website"},"primaryImageOfPage":{"@id":"https:\/\/robowash.turkuvazprojeler.com\/ro\/produs\/masina-de-stors-lavete\/#primaryimage"},"image":{"@id":"https:\/\/robowash.turkuvazprojeler.com\/ro\/produs\/masina-de-stors-lavete\/#primaryimage"},"thumbnailUrl":"https:\/\/robowash.turkuvazprojeler.com\/wp-content\/uploads\/2025\/06\/adsiz-tasarim-35_1-1200x800-1.png","datePublished":"2025-06-27T13:46:06+00:00","dateModified":"2025-10-30T11:26:25+00:00","breadcrumb":{"@id":"https:\/\/robowash.turkuvazprojeler.com\/ro\/produs\/masina-de-stors-lavete\/#breadcrumb"},"inLanguage":"ro-RO","potentialAction":[{"@type":"ReadAction","target":["https:\/\/robowash.turkuvazprojeler.com\/ro\/produs\/masina-de-stors-lavete\/"]}]},{"@type":"ImageObject","inLanguage":"ro-RO","@id":"https:\/\/robowash.turkuvazprojeler.com\/ro\/produs\/masina-de-stors-lavete\/#primaryimage","url":"https:\/\/robowash.turkuvazprojeler.com\/wp-content\/uploads\/2025\/06\/adsiz-tasarim-35_1-1200x800-1.png","contentUrl":"https:\/\/robowash.turkuvazprojeler.com\/wp-content\/uploads\/2025\/06\/adsiz-tasarim-35_1-1200x800-1.png","width":1200,"height":800},{"@type":"BreadcrumbList","@id":"https:\/\/robowash.turkuvazprojeler.com\/ro\/produs\/masina-de-stors-lavete\/#breadcrumb","itemListElement":[{"@type":"ListItem","position":1,"name":"Anasayfa","item":"https:\/\/robowash.turkuvazprojeler.com\/ro\/"},{"@type":"ListItem","position":2,"name":"Magazin","item":"https:\/\/robowash.turkuvazprojeler.com\/ro\/magazin\/"},{"@type":"ListItem","position":3,"name":"Ma\u0219in\u0103 de stors lavete"}]},{"@type":"WebSite","@id":"https:\/\/robowash.turkuvazprojeler.com\/ro\/#website","url":"https:\/\/robowash.turkuvazprojeler.com\/ro\/","name":"Robowash","description":"","publisher":{"@id":"https:\/\/robowash.turkuvazprojeler.com\/ro\/#organization"},"potentialAction":[{"@type":"SearchAction","target":{"@type":"EntryPoint","urlTemplate":"https:\/\/robowash.turkuvazprojeler.com\/ro\/?s={search_term_string}"},"query-input":{"@type":"PropertyValueSpecification","valueRequired":true,"valueName":"search_term_string"}}],"inLanguage":"ro-RO"},{"@type":"Organization","@id":"https:\/\/robowash.turkuvazprojeler.com\/ro\/#organization","name":"Robowash","url":"https:\/\/robowash.turkuvazprojeler.com\/ro\/","logo":{"@type":"ImageObject","inLanguage":"ro-RO","@id":"https:\/\/robowash.turkuvazprojeler.com\/ro\/#\/schema\/logo\/image\/","url":"https:\/\/robowash.turkuvazprojeler.com\/wp-content\/uploads\/2023\/11\/robowash-logo-scaled.png","contentUrl":"https:\/\/robowash.turkuvazprojeler.com\/wp-content\/uploads\/2023\/11\/robowash-logo-scaled.png","width":2560,"height":449,"caption":"Robowash"},"image":{"@id":"https:\/\/robowash.turkuvazprojeler.com\/ro\/#\/schema\/logo\/image\/"}}]}},"_links":{"self":[{"href":"https:\/\/robowash.turkuvazprojeler.com\/ro\/wp-json\/wp\/v2\/product\/10629","targetHints":{"allow":["GET"]}}],"collection":[{"href":"https:\/\/robowash.turkuvazprojeler.com\/ro\/wp-json\/wp\/v2\/product"}],"about":[{"href":"https:\/\/robowash.turkuvazprojeler.com\/ro\/wp-json\/wp\/v2\/types\/product"}],"replies":[{"embeddable":true,"href":"https:\/\/robowash.turkuvazprojeler.com\/ro\/wp-json\/wp\/v2\/comments?post=10629"}],"wp:featuredmedia":[{"embeddable":true,"href":"https:\/\/robowash.turkuvazprojeler.com\/ro\/wp-json\/wp\/v2\/media\/10614"}],"wp:attachment":[{"href":"https:\/\/robowash.turkuvazprojeler.com\/ro\/wp-json\/wp\/v2\/media?parent=10629"}],"wp:term":[{"taxonomy":"product_brand","embeddable":true,"href":"https:\/\/robowash.turkuvazprojeler.com\/ro\/wp-json\/wp\/v2\/product_brand?post=10629"},{"taxonomy":"product_cat","embeddable":true,"href":"https:\/\/robowash.turkuvazprojeler.com\/ro\/wp-json\/wp\/v2\/product_cat?post=10629"},{"taxonomy":"product_tag","embeddable":true,"href":"https:\/\/robowash.turkuvazprojeler.com\/ro\/wp-json\/wp\/v2\/product_tag?post=10629"}],"curies":[{"name":"wp","href":"https:\/\/api.w.org\/{rel}","templated":true}]}}