{"id":10713,"date":"2025-06-27T12:03:26","date_gmt":"2025-06-27T12:03:26","guid":{"rendered":"https:\/\/robowash.com.tr\/urunlerimiz\/robowash-180-eco-basic\/"},"modified":"2025-12-17T07:34:50","modified_gmt":"2025-12-17T07:34:50","slug":"robowash-180-eco-basic","status":"publish","type":"product","link":"https:\/\/robowash.turkuvazprojeler.com\/ro\/produs\/robowash-180-eco-basic\/","title":{"rendered":"Robowash 180 Eco Basic"},"content":{"rendered":"","protected":false},"excerpt":{"rendered":"<p><u>Acest model al nostru dispune de func\u021bii de spum\u0103 \u0219i ap\u0103<\/u>. Pentru fiecare opera\u021biune se efectueaz\u0103 plata sau pornirea, iar sp\u0103larea vehiculului este observat\u0103 din exterior. \u00cen acest fel se elimin\u0103 efectele negative asupra persoanei din mediul cu spum\u0103 \u0219i ap\u0103 din zona de sp\u0103lare, precum \u0219i utilizarea pistolului.<\/p>\n<p>Sp\u0103larea rapid\u0103 a vehiculului se finalizeaz\u0103 \u00eentr-un timp de aproximativ dou\u0103 minute. Ofer\u0103 economii de timp proprietarilor de vehicule, pe l\u00e2ng\u0103 profitul pentru afacere.<\/p>\n","protected":false},"featured_media":10701,"comment_status":"open","ping_status":"closed","template":"","meta":{"_acf_changed":false},"product_brand":[],"product_cat":[90],"product_tag":[],"class_list":{"0":"post-10713","1":"product","2":"type-product","3":"status-publish","4":"has-post-thumbnail","6":"product_cat-produse-masini-de-spalat-auto-automate-fara-atingere-fara-perii","8":"first","9":"instock","10":"shipping-taxable","11":"product-type-simple"},"acf":[],"yoast_head":"<!-- This site is optimized with the Yoast SEO plugin v26.6 - https:\/\/yoast.com\/wordpress\/plugins\/seo\/ -->\n<title>Robowash 180 Eco Basic - Robowash<\/title>\n<meta name=\"robots\" content=\"index, follow, max-snippet:-1, max-image-preview:large, max-video-preview:-1\" \/>\n<link rel=\"canonical\" href=\"https:\/\/robowash.turkuvazprojeler.com\/ro\/produs\/robowash-180-eco-basic\/\" \/>\n<meta property=\"og:locale\" content=\"ro_RO\" \/>\n<meta property=\"og:type\" content=\"article\" \/>\n<meta property=\"og:title\" content=\"Robowash 180 Eco Basic - Robowash\" \/>\n<meta property=\"og:description\" content=\"Acest model al nostru dispune de func\u021bii de spum\u0103 \u0219i ap\u0103. Pentru fiecare opera\u021biune se efectueaz\u0103 plata sau pornirea, iar sp\u0103larea vehiculului este observat\u0103 din exterior. \u00cen acest fel se elimin\u0103 efectele negative asupra persoanei din mediul cu spum\u0103 \u0219i ap\u0103 din zona de sp\u0103lare, precum \u0219i utilizarea pistolului.  Sp\u0103larea rapid\u0103 a vehiculului se finalizeaz\u0103 \u00eentr-un timp de aproximativ dou\u0103 minute. Ofer\u0103 economii de timp proprietarilor de vehicule, pe l\u00e2ng\u0103 profitul pentru afacere.\" \/>\n<meta property=\"og:url\" content=\"https:\/\/robowash.turkuvazprojeler.com\/ro\/produs\/robowash-180-eco-basic\/\" \/>\n<meta property=\"og:site_name\" content=\"Robowash\" \/>\n<meta property=\"article:modified_time\" content=\"2025-12-17T07:34:50+00:00\" \/>\n<meta property=\"og:image\" content=\"https:\/\/robowash.turkuvazprojeler.com\/wp-content\/uploads\/2025\/06\/robo1.jpg\" \/>\n\t<meta property=\"og:image:width\" content=\"1200\" \/>\n\t<meta property=\"og:image:height\" content=\"800\" \/>\n\t<meta property=\"og:image:type\" content=\"image\/jpeg\" \/>\n<meta name=\"twitter:card\" content=\"summary_large_image\" \/>\n<meta name=\"twitter:label1\" content=\"Timp estimat pentru citire\" \/>\n\t<meta name=\"twitter:data1\" content=\"1 minut\" \/>\n<script type=\"application\/ld+json\" class=\"yoast-schema-graph\">{\"@context\":\"https:\/\/schema.org\",\"@graph\":[{\"@type\":\"WebPage\",\"@id\":\"https:\/\/robowash.turkuvazprojeler.com\/ro\/produs\/robowash-180-eco-basic\/\",\"url\":\"https:\/\/robowash.turkuvazprojeler.com\/ro\/produs\/robowash-180-eco-basic\/\",\"name\":\"Robowash 180 Eco Basic - Robowash\",\"isPartOf\":{\"@id\":\"https:\/\/robowash.turkuvazprojeler.com\/ro\/#website\"},\"primaryImageOfPage\":{\"@id\":\"https:\/\/robowash.turkuvazprojeler.com\/ro\/produs\/robowash-180-eco-basic\/#primaryimage\"},\"image\":{\"@id\":\"https:\/\/robowash.turkuvazprojeler.com\/ro\/produs\/robowash-180-eco-basic\/#primaryimage\"},\"thumbnailUrl\":\"https:\/\/robowash.turkuvazprojeler.com\/wp-content\/uploads\/2025\/06\/robo1.jpg\",\"datePublished\":\"2025-06-27T12:03:26+00:00\",\"dateModified\":\"2025-12-17T07:34:50+00:00\",\"breadcrumb\":{\"@id\":\"https:\/\/robowash.turkuvazprojeler.com\/ro\/produs\/robowash-180-eco-basic\/#breadcrumb\"},\"inLanguage\":\"ro-RO\",\"potentialAction\":[{\"@type\":\"ReadAction\",\"target\":[\"https:\/\/robowash.turkuvazprojeler.com\/ro\/produs\/robowash-180-eco-basic\/\"]}]},{\"@type\":\"ImageObject\",\"inLanguage\":\"ro-RO\",\"@id\":\"https:\/\/robowash.turkuvazprojeler.com\/ro\/produs\/robowash-180-eco-basic\/#primaryimage\",\"url\":\"https:\/\/robowash.turkuvazprojeler.com\/wp-content\/uploads\/2025\/06\/robo1.jpg\",\"contentUrl\":\"https:\/\/robowash.turkuvazprojeler.com\/wp-content\/uploads\/2025\/06\/robo1.jpg\",\"width\":1200,\"height\":800},{\"@type\":\"BreadcrumbList\",\"@id\":\"https:\/\/robowash.turkuvazprojeler.com\/ro\/produs\/robowash-180-eco-basic\/#breadcrumb\",\"itemListElement\":[{\"@type\":\"ListItem\",\"position\":1,\"name\":\"Anasayfa\",\"item\":\"https:\/\/robowash.turkuvazprojeler.com\/ro\/\"},{\"@type\":\"ListItem\",\"position\":2,\"name\":\"Magazin\",\"item\":\"https:\/\/robowash.turkuvazprojeler.com\/ro\/magazin\/\"},{\"@type\":\"ListItem\",\"position\":3,\"name\":\"Robowash 180 Eco Basic\"}]},{\"@type\":\"WebSite\",\"@id\":\"https:\/\/robowash.turkuvazprojeler.com\/ro\/#website\",\"url\":\"https:\/\/robowash.turkuvazprojeler.com\/ro\/\",\"name\":\"Robowash\",\"description\":\"\",\"publisher\":{\"@id\":\"https:\/\/robowash.turkuvazprojeler.com\/ro\/#organization\"},\"potentialAction\":[{\"@type\":\"SearchAction\",\"target\":{\"@type\":\"EntryPoint\",\"urlTemplate\":\"https:\/\/robowash.turkuvazprojeler.com\/ro\/?s={search_term_string}\"},\"query-input\":{\"@type\":\"PropertyValueSpecification\",\"valueRequired\":true,\"valueName\":\"search_term_string\"}}],\"inLanguage\":\"ro-RO\"},{\"@type\":\"Organization\",\"@id\":\"https:\/\/robowash.turkuvazprojeler.com\/ro\/#organization\",\"name\":\"Robowash\",\"url\":\"https:\/\/robowash.turkuvazprojeler.com\/ro\/\",\"logo\":{\"@type\":\"ImageObject\",\"inLanguage\":\"ro-RO\",\"@id\":\"https:\/\/robowash.turkuvazprojeler.com\/ro\/#\/schema\/logo\/image\/\",\"url\":\"https:\/\/robowash.turkuvazprojeler.com\/wp-content\/uploads\/2023\/11\/robowash-logo-scaled.png\",\"contentUrl\":\"https:\/\/robowash.turkuvazprojeler.com\/wp-content\/uploads\/2023\/11\/robowash-logo-scaled.png\",\"width\":2560,\"height\":449,\"caption\":\"Robowash\"},\"image\":{\"@id\":\"https:\/\/robowash.turkuvazprojeler.com\/ro\/#\/schema\/logo\/image\/\"}}]}<\/script>\n<!-- \/ Yoast SEO plugin. -->","yoast_head_json":{"title":"Robowash 180 Eco Basic - Robowash","robots":{"index":"index","follow":"follow","max-snippet":"max-snippet:-1","max-image-preview":"max-image-preview:large","max-video-preview":"max-video-preview:-1"},"canonical":"https:\/\/robowash.turkuvazprojeler.com\/ro\/produs\/robowash-180-eco-basic\/","og_locale":"ro_RO","og_type":"article","og_title":"Robowash 180 Eco Basic - Robowash","og_description":"Acest model al nostru dispune de func\u021bii de spum\u0103 \u0219i ap\u0103. Pentru fiecare opera\u021biune se efectueaz\u0103 plata sau pornirea, iar sp\u0103larea vehiculului este observat\u0103 din exterior. \u00cen acest fel se elimin\u0103 efectele negative asupra persoanei din mediul cu spum\u0103 \u0219i ap\u0103 din zona de sp\u0103lare, precum \u0219i utilizarea pistolului.  Sp\u0103larea rapid\u0103 a vehiculului se finalizeaz\u0103 \u00eentr-un timp de aproximativ dou\u0103 minute. Ofer\u0103 economii de timp proprietarilor de vehicule, pe l\u00e2ng\u0103 profitul pentru afacere.","og_url":"https:\/\/robowash.turkuvazprojeler.com\/ro\/produs\/robowash-180-eco-basic\/","og_site_name":"Robowash","article_modified_time":"2025-12-17T07:34:50+00:00","og_image":[{"width":1200,"height":800,"url":"https:\/\/robowash.turkuvazprojeler.com\/wp-content\/uploads\/2025\/06\/robo1.jpg","type":"image\/jpeg"}],"twitter_card":"summary_large_image","twitter_misc":{"Timp estimat pentru citire":"1 minut"},"schema":{"@context":"https:\/\/schema.org","@graph":[{"@type":"WebPage","@id":"https:\/\/robowash.turkuvazprojeler.com\/ro\/produs\/robowash-180-eco-basic\/","url":"https:\/\/robowash.turkuvazprojeler.com\/ro\/produs\/robowash-180-eco-basic\/","name":"Robowash 180 Eco Basic - Robowash","isPartOf":{"@id":"https:\/\/robowash.turkuvazprojeler.com\/ro\/#website"},"primaryImageOfPage":{"@id":"https:\/\/robowash.turkuvazprojeler.com\/ro\/produs\/robowash-180-eco-basic\/#primaryimage"},"image":{"@id":"https:\/\/robowash.turkuvazprojeler.com\/ro\/produs\/robowash-180-eco-basic\/#primaryimage"},"thumbnailUrl":"https:\/\/robowash.turkuvazprojeler.com\/wp-content\/uploads\/2025\/06\/robo1.jpg","datePublished":"2025-06-27T12:03:26+00:00","dateModified":"2025-12-17T07:34:50+00:00","breadcrumb":{"@id":"https:\/\/robowash.turkuvazprojeler.com\/ro\/produs\/robowash-180-eco-basic\/#breadcrumb"},"inLanguage":"ro-RO","potentialAction":[{"@type":"ReadAction","target":["https:\/\/robowash.turkuvazprojeler.com\/ro\/produs\/robowash-180-eco-basic\/"]}]},{"@type":"ImageObject","inLanguage":"ro-RO","@id":"https:\/\/robowash.turkuvazprojeler.com\/ro\/produs\/robowash-180-eco-basic\/#primaryimage","url":"https:\/\/robowash.turkuvazprojeler.com\/wp-content\/uploads\/2025\/06\/robo1.jpg","contentUrl":"https:\/\/robowash.turkuvazprojeler.com\/wp-content\/uploads\/2025\/06\/robo1.jpg","width":1200,"height":800},{"@type":"BreadcrumbList","@id":"https:\/\/robowash.turkuvazprojeler.com\/ro\/produs\/robowash-180-eco-basic\/#breadcrumb","itemListElement":[{"@type":"ListItem","position":1,"name":"Anasayfa","item":"https:\/\/robowash.turkuvazprojeler.com\/ro\/"},{"@type":"ListItem","position":2,"name":"Magazin","item":"https:\/\/robowash.turkuvazprojeler.com\/ro\/magazin\/"},{"@type":"ListItem","position":3,"name":"Robowash 180 Eco Basic"}]},{"@type":"WebSite","@id":"https:\/\/robowash.turkuvazprojeler.com\/ro\/#website","url":"https:\/\/robowash.turkuvazprojeler.com\/ro\/","name":"Robowash","description":"","publisher":{"@id":"https:\/\/robowash.turkuvazprojeler.com\/ro\/#organization"},"potentialAction":[{"@type":"SearchAction","target":{"@type":"EntryPoint","urlTemplate":"https:\/\/robowash.turkuvazprojeler.com\/ro\/?s={search_term_string}"},"query-input":{"@type":"PropertyValueSpecification","valueRequired":true,"valueName":"search_term_string"}}],"inLanguage":"ro-RO"},{"@type":"Organization","@id":"https:\/\/robowash.turkuvazprojeler.com\/ro\/#organization","name":"Robowash","url":"https:\/\/robowash.turkuvazprojeler.com\/ro\/","logo":{"@type":"ImageObject","inLanguage":"ro-RO","@id":"https:\/\/robowash.turkuvazprojeler.com\/ro\/#\/schema\/logo\/image\/","url":"https:\/\/robowash.turkuvazprojeler.com\/wp-content\/uploads\/2023\/11\/robowash-logo-scaled.png","contentUrl":"https:\/\/robowash.turkuvazprojeler.com\/wp-content\/uploads\/2023\/11\/robowash-logo-scaled.png","width":2560,"height":449,"caption":"Robowash"},"image":{"@id":"https:\/\/robowash.turkuvazprojeler.com\/ro\/#\/schema\/logo\/image\/"}}]}},"_links":{"self":[{"href":"https:\/\/robowash.turkuvazprojeler.com\/ro\/wp-json\/wp\/v2\/product\/10713","targetHints":{"allow":["GET"]}}],"collection":[{"href":"https:\/\/robowash.turkuvazprojeler.com\/ro\/wp-json\/wp\/v2\/product"}],"about":[{"href":"https:\/\/robowash.turkuvazprojeler.com\/ro\/wp-json\/wp\/v2\/types\/product"}],"replies":[{"embeddable":true,"href":"https:\/\/robowash.turkuvazprojeler.com\/ro\/wp-json\/wp\/v2\/comments?post=10713"}],"wp:featuredmedia":[{"embeddable":true,"href":"https:\/\/robowash.turkuvazprojeler.com\/ro\/wp-json\/wp\/v2\/media\/10701"}],"wp:attachment":[{"href":"https:\/\/robowash.turkuvazprojeler.com\/ro\/wp-json\/wp\/v2\/media?parent=10713"}],"wp:term":[{"taxonomy":"product_brand","embeddable":true,"href":"https:\/\/robowash.turkuvazprojeler.com\/ro\/wp-json\/wp\/v2\/product_brand?post=10713"},{"taxonomy":"product_cat","embeddable":true,"href":"https:\/\/robowash.turkuvazprojeler.com\/ro\/wp-json\/wp\/v2\/product_cat?post=10713"},{"taxonomy":"product_tag","embeddable":true,"href":"https:\/\/robowash.turkuvazprojeler.com\/ro\/wp-json\/wp\/v2\/product_tag?post=10713"}],"curies":[{"name":"wp","href":"https:\/\/api.w.org\/{rel}","templated":true}]}}