{"id":10727,"date":"2025-06-27T12:15:08","date_gmt":"2025-06-27T12:15:08","guid":{"rendered":"https:\/\/robowash.com.tr\/urunlerimiz\/robowash-180-eco-smart\/"},"modified":"2025-12-17T07:40:14","modified_gmt":"2025-12-17T07:40:14","slug":"robowash-180-eco-smart","status":"publish","type":"product","link":"https:\/\/robowash.turkuvazprojeler.com\/ro\/produs\/robowash-180-eco-smart\/","title":{"rendered":"Robowash 180 Eco Smart"},"content":{"rendered":"","protected":false},"excerpt":{"rendered":"<p>Acest model are func\u021bii de spum\u0103, ap\u0103, cear\u0103 \u0219i uscare. Fiecare opera\u021biune poate fi pl\u0103tit\u0103 sau pornit\u0103, iar sp\u0103larea ma\u0219inii poate fi urm\u0103rit\u0103 din exterior. Astfel, efectele negative ale mediului cu spum\u0103 \u0219i ap\u0103 din zona de sp\u0103lare asupra persoanelor sunt eliminate, la fel \u0219i utilizarea pistolului.<\/p>\n","protected":false},"featured_media":11748,"comment_status":"open","ping_status":"closed","template":"","meta":{"_acf_changed":false},"product_brand":[],"product_cat":[97,90],"product_tag":[],"class_list":{"0":"post-10727","1":"product","2":"type-product","3":"status-publish","4":"has-post-thumbnail","6":"product_cat-masini-de-spalat-auto","7":"product_cat-produse-masini-de-spalat-auto-automate-fara-atingere-fara-perii","9":"first","10":"instock","11":"shipping-taxable","12":"product-type-simple"},"acf":[],"yoast_head":"<!-- This site is optimized with the Yoast SEO plugin v26.6 - https:\/\/yoast.com\/wordpress\/plugins\/seo\/ -->\n<title>Robowash 180 Eco Smart - Robowash<\/title>\n<meta name=\"robots\" content=\"index, follow, max-snippet:-1, max-image-preview:large, max-video-preview:-1\" \/>\n<link rel=\"canonical\" href=\"https:\/\/robowash.turkuvazprojeler.com\/ro\/produs\/robowash-180-eco-smart\/\" \/>\n<meta property=\"og:locale\" content=\"ro_RO\" \/>\n<meta property=\"og:type\" content=\"article\" \/>\n<meta property=\"og:title\" content=\"Robowash 180 Eco Smart - Robowash\" \/>\n<meta property=\"og:description\" content=\"Acest model are func\u021bii de spum\u0103, ap\u0103, cear\u0103 \u0219i uscare. Fiecare opera\u021biune poate fi pl\u0103tit\u0103 sau pornit\u0103, iar sp\u0103larea ma\u0219inii poate fi urm\u0103rit\u0103 din exterior. Astfel, efectele negative ale mediului cu spum\u0103 \u0219i ap\u0103 din zona de sp\u0103lare asupra persoanelor sunt eliminate, la fel \u0219i utilizarea pistolului.\" \/>\n<meta property=\"og:url\" content=\"https:\/\/robowash.turkuvazprojeler.com\/ro\/produs\/robowash-180-eco-smart\/\" \/>\n<meta property=\"og:site_name\" content=\"Robowash\" \/>\n<meta property=\"article:modified_time\" content=\"2025-12-17T07:40:14+00:00\" \/>\n<meta property=\"og:image\" content=\"https:\/\/robowash.turkuvazprojeler.com\/wp-content\/uploads\/2025\/06\/180-kapagi-scaled.jpg\" \/>\n\t<meta property=\"og:image:width\" content=\"2560\" \/>\n\t<meta property=\"og:image:height\" content=\"1707\" \/>\n\t<meta property=\"og:image:type\" content=\"image\/jpeg\" \/>\n<meta name=\"twitter:card\" content=\"summary_large_image\" \/>\n<meta name=\"twitter:label1\" content=\"Timp estimat pentru citire\" \/>\n\t<meta name=\"twitter:data1\" content=\"1 minut\" \/>\n<script type=\"application\/ld+json\" class=\"yoast-schema-graph\">{\"@context\":\"https:\/\/schema.org\",\"@graph\":[{\"@type\":\"WebPage\",\"@id\":\"https:\/\/robowash.turkuvazprojeler.com\/ro\/produs\/robowash-180-eco-smart\/\",\"url\":\"https:\/\/robowash.turkuvazprojeler.com\/ro\/produs\/robowash-180-eco-smart\/\",\"name\":\"Robowash 180 Eco Smart - Robowash\",\"isPartOf\":{\"@id\":\"https:\/\/robowash.turkuvazprojeler.com\/ro\/#website\"},\"primaryImageOfPage\":{\"@id\":\"https:\/\/robowash.turkuvazprojeler.com\/ro\/produs\/robowash-180-eco-smart\/#primaryimage\"},\"image\":{\"@id\":\"https:\/\/robowash.turkuvazprojeler.com\/ro\/produs\/robowash-180-eco-smart\/#primaryimage\"},\"thumbnailUrl\":\"https:\/\/robowash.turkuvazprojeler.com\/wp-content\/uploads\/2025\/06\/180-kapagi-scaled.jpg\",\"datePublished\":\"2025-06-27T12:15:08+00:00\",\"dateModified\":\"2025-12-17T07:40:14+00:00\",\"breadcrumb\":{\"@id\":\"https:\/\/robowash.turkuvazprojeler.com\/ro\/produs\/robowash-180-eco-smart\/#breadcrumb\"},\"inLanguage\":\"ro-RO\",\"potentialAction\":[{\"@type\":\"ReadAction\",\"target\":[\"https:\/\/robowash.turkuvazprojeler.com\/ro\/produs\/robowash-180-eco-smart\/\"]}]},{\"@type\":\"ImageObject\",\"inLanguage\":\"ro-RO\",\"@id\":\"https:\/\/robowash.turkuvazprojeler.com\/ro\/produs\/robowash-180-eco-smart\/#primaryimage\",\"url\":\"https:\/\/robowash.turkuvazprojeler.com\/wp-content\/uploads\/2025\/06\/180-kapagi-scaled.jpg\",\"contentUrl\":\"https:\/\/robowash.turkuvazprojeler.com\/wp-content\/uploads\/2025\/06\/180-kapagi-scaled.jpg\",\"width\":2560,\"height\":1707},{\"@type\":\"BreadcrumbList\",\"@id\":\"https:\/\/robowash.turkuvazprojeler.com\/ro\/produs\/robowash-180-eco-smart\/#breadcrumb\",\"itemListElement\":[{\"@type\":\"ListItem\",\"position\":1,\"name\":\"Anasayfa\",\"item\":\"https:\/\/robowash.turkuvazprojeler.com\/ro\/\"},{\"@type\":\"ListItem\",\"position\":2,\"name\":\"Magazin\",\"item\":\"https:\/\/robowash.turkuvazprojeler.com\/ro\/magazin\/\"},{\"@type\":\"ListItem\",\"position\":3,\"name\":\"Robowash 180 Eco Smart\"}]},{\"@type\":\"WebSite\",\"@id\":\"https:\/\/robowash.turkuvazprojeler.com\/ro\/#website\",\"url\":\"https:\/\/robowash.turkuvazprojeler.com\/ro\/\",\"name\":\"Robowash\",\"description\":\"\",\"publisher\":{\"@id\":\"https:\/\/robowash.turkuvazprojeler.com\/ro\/#organization\"},\"potentialAction\":[{\"@type\":\"SearchAction\",\"target\":{\"@type\":\"EntryPoint\",\"urlTemplate\":\"https:\/\/robowash.turkuvazprojeler.com\/ro\/?s={search_term_string}\"},\"query-input\":{\"@type\":\"PropertyValueSpecification\",\"valueRequired\":true,\"valueName\":\"search_term_string\"}}],\"inLanguage\":\"ro-RO\"},{\"@type\":\"Organization\",\"@id\":\"https:\/\/robowash.turkuvazprojeler.com\/ro\/#organization\",\"name\":\"Robowash\",\"url\":\"https:\/\/robowash.turkuvazprojeler.com\/ro\/\",\"logo\":{\"@type\":\"ImageObject\",\"inLanguage\":\"ro-RO\",\"@id\":\"https:\/\/robowash.turkuvazprojeler.com\/ro\/#\/schema\/logo\/image\/\",\"url\":\"https:\/\/robowash.turkuvazprojeler.com\/wp-content\/uploads\/2023\/11\/robowash-logo-scaled.png\",\"contentUrl\":\"https:\/\/robowash.turkuvazprojeler.com\/wp-content\/uploads\/2023\/11\/robowash-logo-scaled.png\",\"width\":2560,\"height\":449,\"caption\":\"Robowash\"},\"image\":{\"@id\":\"https:\/\/robowash.turkuvazprojeler.com\/ro\/#\/schema\/logo\/image\/\"}}]}<\/script>\n<!-- \/ Yoast SEO plugin. -->","yoast_head_json":{"title":"Robowash 180 Eco Smart - Robowash","robots":{"index":"index","follow":"follow","max-snippet":"max-snippet:-1","max-image-preview":"max-image-preview:large","max-video-preview":"max-video-preview:-1"},"canonical":"https:\/\/robowash.turkuvazprojeler.com\/ro\/produs\/robowash-180-eco-smart\/","og_locale":"ro_RO","og_type":"article","og_title":"Robowash 180 Eco Smart - Robowash","og_description":"Acest model are func\u021bii de spum\u0103, ap\u0103, cear\u0103 \u0219i uscare. Fiecare opera\u021biune poate fi pl\u0103tit\u0103 sau pornit\u0103, iar sp\u0103larea ma\u0219inii poate fi urm\u0103rit\u0103 din exterior. Astfel, efectele negative ale mediului cu spum\u0103 \u0219i ap\u0103 din zona de sp\u0103lare asupra persoanelor sunt eliminate, la fel \u0219i utilizarea pistolului.","og_url":"https:\/\/robowash.turkuvazprojeler.com\/ro\/produs\/robowash-180-eco-smart\/","og_site_name":"Robowash","article_modified_time":"2025-12-17T07:40:14+00:00","og_image":[{"width":2560,"height":1707,"url":"https:\/\/robowash.turkuvazprojeler.com\/wp-content\/uploads\/2025\/06\/180-kapagi-scaled.jpg","type":"image\/jpeg"}],"twitter_card":"summary_large_image","twitter_misc":{"Timp estimat pentru citire":"1 minut"},"schema":{"@context":"https:\/\/schema.org","@graph":[{"@type":"WebPage","@id":"https:\/\/robowash.turkuvazprojeler.com\/ro\/produs\/robowash-180-eco-smart\/","url":"https:\/\/robowash.turkuvazprojeler.com\/ro\/produs\/robowash-180-eco-smart\/","name":"Robowash 180 Eco Smart - Robowash","isPartOf":{"@id":"https:\/\/robowash.turkuvazprojeler.com\/ro\/#website"},"primaryImageOfPage":{"@id":"https:\/\/robowash.turkuvazprojeler.com\/ro\/produs\/robowash-180-eco-smart\/#primaryimage"},"image":{"@id":"https:\/\/robowash.turkuvazprojeler.com\/ro\/produs\/robowash-180-eco-smart\/#primaryimage"},"thumbnailUrl":"https:\/\/robowash.turkuvazprojeler.com\/wp-content\/uploads\/2025\/06\/180-kapagi-scaled.jpg","datePublished":"2025-06-27T12:15:08+00:00","dateModified":"2025-12-17T07:40:14+00:00","breadcrumb":{"@id":"https:\/\/robowash.turkuvazprojeler.com\/ro\/produs\/robowash-180-eco-smart\/#breadcrumb"},"inLanguage":"ro-RO","potentialAction":[{"@type":"ReadAction","target":["https:\/\/robowash.turkuvazprojeler.com\/ro\/produs\/robowash-180-eco-smart\/"]}]},{"@type":"ImageObject","inLanguage":"ro-RO","@id":"https:\/\/robowash.turkuvazprojeler.com\/ro\/produs\/robowash-180-eco-smart\/#primaryimage","url":"https:\/\/robowash.turkuvazprojeler.com\/wp-content\/uploads\/2025\/06\/180-kapagi-scaled.jpg","contentUrl":"https:\/\/robowash.turkuvazprojeler.com\/wp-content\/uploads\/2025\/06\/180-kapagi-scaled.jpg","width":2560,"height":1707},{"@type":"BreadcrumbList","@id":"https:\/\/robowash.turkuvazprojeler.com\/ro\/produs\/robowash-180-eco-smart\/#breadcrumb","itemListElement":[{"@type":"ListItem","position":1,"name":"Anasayfa","item":"https:\/\/robowash.turkuvazprojeler.com\/ro\/"},{"@type":"ListItem","position":2,"name":"Magazin","item":"https:\/\/robowash.turkuvazprojeler.com\/ro\/magazin\/"},{"@type":"ListItem","position":3,"name":"Robowash 180 Eco Smart"}]},{"@type":"WebSite","@id":"https:\/\/robowash.turkuvazprojeler.com\/ro\/#website","url":"https:\/\/robowash.turkuvazprojeler.com\/ro\/","name":"Robowash","description":"","publisher":{"@id":"https:\/\/robowash.turkuvazprojeler.com\/ro\/#organization"},"potentialAction":[{"@type":"SearchAction","target":{"@type":"EntryPoint","urlTemplate":"https:\/\/robowash.turkuvazprojeler.com\/ro\/?s={search_term_string}"},"query-input":{"@type":"PropertyValueSpecification","valueRequired":true,"valueName":"search_term_string"}}],"inLanguage":"ro-RO"},{"@type":"Organization","@id":"https:\/\/robowash.turkuvazprojeler.com\/ro\/#organization","name":"Robowash","url":"https:\/\/robowash.turkuvazprojeler.com\/ro\/","logo":{"@type":"ImageObject","inLanguage":"ro-RO","@id":"https:\/\/robowash.turkuvazprojeler.com\/ro\/#\/schema\/logo\/image\/","url":"https:\/\/robowash.turkuvazprojeler.com\/wp-content\/uploads\/2023\/11\/robowash-logo-scaled.png","contentUrl":"https:\/\/robowash.turkuvazprojeler.com\/wp-content\/uploads\/2023\/11\/robowash-logo-scaled.png","width":2560,"height":449,"caption":"Robowash"},"image":{"@id":"https:\/\/robowash.turkuvazprojeler.com\/ro\/#\/schema\/logo\/image\/"}}]}},"_links":{"self":[{"href":"https:\/\/robowash.turkuvazprojeler.com\/ro\/wp-json\/wp\/v2\/product\/10727","targetHints":{"allow":["GET"]}}],"collection":[{"href":"https:\/\/robowash.turkuvazprojeler.com\/ro\/wp-json\/wp\/v2\/product"}],"about":[{"href":"https:\/\/robowash.turkuvazprojeler.com\/ro\/wp-json\/wp\/v2\/types\/product"}],"replies":[{"embeddable":true,"href":"https:\/\/robowash.turkuvazprojeler.com\/ro\/wp-json\/wp\/v2\/comments?post=10727"}],"wp:featuredmedia":[{"embeddable":true,"href":"https:\/\/robowash.turkuvazprojeler.com\/ro\/wp-json\/wp\/v2\/media\/11748"}],"wp:attachment":[{"href":"https:\/\/robowash.turkuvazprojeler.com\/ro\/wp-json\/wp\/v2\/media?parent=10727"}],"wp:term":[{"taxonomy":"product_brand","embeddable":true,"href":"https:\/\/robowash.turkuvazprojeler.com\/ro\/wp-json\/wp\/v2\/product_brand?post=10727"},{"taxonomy":"product_cat","embeddable":true,"href":"https:\/\/robowash.turkuvazprojeler.com\/ro\/wp-json\/wp\/v2\/product_cat?post=10727"},{"taxonomy":"product_tag","embeddable":true,"href":"https:\/\/robowash.turkuvazprojeler.com\/ro\/wp-json\/wp\/v2\/product_tag?post=10727"}],"curies":[{"name":"wp","href":"https:\/\/api.w.org\/{rel}","templated":true}]}}