{"id":10783,"date":"2025-06-27T12:36:58","date_gmt":"2025-06-27T12:36:58","guid":{"rendered":"https:\/\/robowash.com.tr\/urunlerimiz\/spalare-jante-si-sasiu-de-noroi\/"},"modified":"2025-06-27T12:36:58","modified_gmt":"2025-06-27T12:36:58","slug":"spalare-jante-si-sasiu-de-noroi","status":"publish","type":"product","link":"https:\/\/robowash.turkuvazprojeler.com\/ro\/produs\/spalare-jante-si-sasiu-de-noroi\/","title":{"rendered":"Sp\u0103lare jante \u0219i \u0219asiu de noroi"},"content":{"rendered":"","protected":false},"excerpt":{"rendered":"<p>Este produs pentru a sp\u0103la straturile de noroi concentrate pe interiorul aripilor, ro\u021bi, praguri \u0219i \u0219asiurile inferioare ale vehiculelor. Poate fi integrat \u00een modelele noastre de sp\u0103lare auto f\u0103r\u0103 contact Robowash Eco 180 \u0219i 360 ca modul de pre-sp\u0103lare. De asemenea, independent; Este potrivit pentru sta\u021bii de sp\u0103lare self-service sau manuale, \u00eentreprinderi miniere, fabrici de beton, \u0219antiere de construc\u021bii \u0219i, \u00een special, pentru sp\u0103larea camioanelor de lucru \u0219i rezolv\u0103 automat \u0219i f\u0103r\u0103 probleme serviciile de cur\u0103\u021bare a vehiculelor acestor \u00eentreprinderi.<\/p>\n","protected":false},"featured_media":10775,"comment_status":"open","ping_status":"closed","template":"","meta":{"_acf_changed":false},"product_brand":[],"product_cat":[90],"product_tag":[],"class_list":{"0":"post-10783","1":"product","2":"type-product","3":"status-publish","4":"has-post-thumbnail","6":"product_cat-produse-masini-de-spalat-auto-automate-fara-atingere-fara-perii","8":"first","9":"instock","10":"shipping-taxable","11":"product-type-simple"},"acf":[],"yoast_head":"<!-- This site is optimized with the Yoast SEO plugin v26.6 - https:\/\/yoast.com\/wordpress\/plugins\/seo\/ -->\n<title>Sp\u0103lare jante \u0219i \u0219asiu de noroi - Robowash<\/title>\n<meta name=\"robots\" content=\"index, follow, max-snippet:-1, max-image-preview:large, max-video-preview:-1\" \/>\n<link rel=\"canonical\" href=\"https:\/\/robowash.turkuvazprojeler.com\/ro\/produs\/spalare-jante-si-sasiu-de-noroi\/\" \/>\n<meta property=\"og:locale\" content=\"ro_RO\" \/>\n<meta property=\"og:type\" content=\"article\" \/>\n<meta property=\"og:title\" content=\"Sp\u0103lare jante \u0219i \u0219asiu de noroi - Robowash\" \/>\n<meta property=\"og:description\" content=\"Este produs pentru a sp\u0103la straturile de noroi concentrate pe interiorul aripilor, ro\u021bi, praguri \u0219i \u0219asiurile inferioare ale vehiculelor. Poate fi integrat \u00een modelele noastre de sp\u0103lare auto f\u0103r\u0103 contact Robowash Eco 180 \u0219i 360 ca modul de pre-sp\u0103lare. De asemenea, independent; Este potrivit pentru sta\u021bii de sp\u0103lare self-service sau manuale, \u00eentreprinderi miniere, fabrici de beton, \u0219antiere de construc\u021bii \u0219i, \u00een special, pentru sp\u0103larea camioanelor de lucru \u0219i rezolv\u0103 automat \u0219i f\u0103r\u0103 probleme serviciile de cur\u0103\u021bare a vehiculelor acestor \u00eentreprinderi.\" \/>\n<meta property=\"og:url\" content=\"https:\/\/robowash.turkuvazprojeler.com\/ro\/produs\/spalare-jante-si-sasiu-de-noroi\/\" \/>\n<meta property=\"og:site_name\" content=\"Robowash\" \/>\n<meta property=\"og:image\" content=\"https:\/\/robowash.turkuvazprojeler.com\/wp-content\/uploads\/2025\/06\/1_1-1200x800-1.jpg\" \/>\n\t<meta property=\"og:image:width\" content=\"1200\" \/>\n\t<meta property=\"og:image:height\" content=\"800\" \/>\n\t<meta property=\"og:image:type\" content=\"image\/jpeg\" \/>\n<meta name=\"twitter:card\" content=\"summary_large_image\" \/>\n<script type=\"application\/ld+json\" class=\"yoast-schema-graph\">{\"@context\":\"https:\/\/schema.org\",\"@graph\":[{\"@type\":\"WebPage\",\"@id\":\"https:\/\/robowash.turkuvazprojeler.com\/ro\/produs\/spalare-jante-si-sasiu-de-noroi\/\",\"url\":\"https:\/\/robowash.turkuvazprojeler.com\/ro\/produs\/spalare-jante-si-sasiu-de-noroi\/\",\"name\":\"Sp\u0103lare jante \u0219i \u0219asiu de noroi - Robowash\",\"isPartOf\":{\"@id\":\"https:\/\/robowash.turkuvazprojeler.com\/ro\/#website\"},\"primaryImageOfPage\":{\"@id\":\"https:\/\/robowash.turkuvazprojeler.com\/ro\/produs\/spalare-jante-si-sasiu-de-noroi\/#primaryimage\"},\"image\":{\"@id\":\"https:\/\/robowash.turkuvazprojeler.com\/ro\/produs\/spalare-jante-si-sasiu-de-noroi\/#primaryimage\"},\"thumbnailUrl\":\"https:\/\/robowash.turkuvazprojeler.com\/wp-content\/uploads\/2025\/06\/1_1-1200x800-1.jpg\",\"datePublished\":\"2025-06-27T12:36:58+00:00\",\"breadcrumb\":{\"@id\":\"https:\/\/robowash.turkuvazprojeler.com\/ro\/produs\/spalare-jante-si-sasiu-de-noroi\/#breadcrumb\"},\"inLanguage\":\"ro-RO\",\"potentialAction\":[{\"@type\":\"ReadAction\",\"target\":[\"https:\/\/robowash.turkuvazprojeler.com\/ro\/produs\/spalare-jante-si-sasiu-de-noroi\/\"]}]},{\"@type\":\"ImageObject\",\"inLanguage\":\"ro-RO\",\"@id\":\"https:\/\/robowash.turkuvazprojeler.com\/ro\/produs\/spalare-jante-si-sasiu-de-noroi\/#primaryimage\",\"url\":\"https:\/\/robowash.turkuvazprojeler.com\/wp-content\/uploads\/2025\/06\/1_1-1200x800-1.jpg\",\"contentUrl\":\"https:\/\/robowash.turkuvazprojeler.com\/wp-content\/uploads\/2025\/06\/1_1-1200x800-1.jpg\",\"width\":1200,\"height\":800},{\"@type\":\"BreadcrumbList\",\"@id\":\"https:\/\/robowash.turkuvazprojeler.com\/ro\/produs\/spalare-jante-si-sasiu-de-noroi\/#breadcrumb\",\"itemListElement\":[{\"@type\":\"ListItem\",\"position\":1,\"name\":\"Anasayfa\",\"item\":\"https:\/\/robowash.turkuvazprojeler.com\/ro\/\"},{\"@type\":\"ListItem\",\"position\":2,\"name\":\"Magazin\",\"item\":\"https:\/\/robowash.turkuvazprojeler.com\/ro\/magazin\/\"},{\"@type\":\"ListItem\",\"position\":3,\"name\":\"Sp\u0103lare jante \u0219i \u0219asiu de noroi\"}]},{\"@type\":\"WebSite\",\"@id\":\"https:\/\/robowash.turkuvazprojeler.com\/ro\/#website\",\"url\":\"https:\/\/robowash.turkuvazprojeler.com\/ro\/\",\"name\":\"Robowash\",\"description\":\"\",\"publisher\":{\"@id\":\"https:\/\/robowash.turkuvazprojeler.com\/ro\/#organization\"},\"potentialAction\":[{\"@type\":\"SearchAction\",\"target\":{\"@type\":\"EntryPoint\",\"urlTemplate\":\"https:\/\/robowash.turkuvazprojeler.com\/ro\/?s={search_term_string}\"},\"query-input\":{\"@type\":\"PropertyValueSpecification\",\"valueRequired\":true,\"valueName\":\"search_term_string\"}}],\"inLanguage\":\"ro-RO\"},{\"@type\":\"Organization\",\"@id\":\"https:\/\/robowash.turkuvazprojeler.com\/ro\/#organization\",\"name\":\"Robowash\",\"url\":\"https:\/\/robowash.turkuvazprojeler.com\/ro\/\",\"logo\":{\"@type\":\"ImageObject\",\"inLanguage\":\"ro-RO\",\"@id\":\"https:\/\/robowash.turkuvazprojeler.com\/ro\/#\/schema\/logo\/image\/\",\"url\":\"https:\/\/robowash.turkuvazprojeler.com\/wp-content\/uploads\/2023\/11\/robowash-logo-scaled.png\",\"contentUrl\":\"https:\/\/robowash.turkuvazprojeler.com\/wp-content\/uploads\/2023\/11\/robowash-logo-scaled.png\",\"width\":2560,\"height\":449,\"caption\":\"Robowash\"},\"image\":{\"@id\":\"https:\/\/robowash.turkuvazprojeler.com\/ro\/#\/schema\/logo\/image\/\"}}]}<\/script>\n<!-- \/ Yoast SEO plugin. -->","yoast_head_json":{"title":"Sp\u0103lare jante \u0219i \u0219asiu de noroi - Robowash","robots":{"index":"index","follow":"follow","max-snippet":"max-snippet:-1","max-image-preview":"max-image-preview:large","max-video-preview":"max-video-preview:-1"},"canonical":"https:\/\/robowash.turkuvazprojeler.com\/ro\/produs\/spalare-jante-si-sasiu-de-noroi\/","og_locale":"ro_RO","og_type":"article","og_title":"Sp\u0103lare jante \u0219i \u0219asiu de noroi - Robowash","og_description":"Este produs pentru a sp\u0103la straturile de noroi concentrate pe interiorul aripilor, ro\u021bi, praguri \u0219i \u0219asiurile inferioare ale vehiculelor. Poate fi integrat \u00een modelele noastre de sp\u0103lare auto f\u0103r\u0103 contact Robowash Eco 180 \u0219i 360 ca modul de pre-sp\u0103lare. De asemenea, independent; Este potrivit pentru sta\u021bii de sp\u0103lare self-service sau manuale, \u00eentreprinderi miniere, fabrici de beton, \u0219antiere de construc\u021bii \u0219i, \u00een special, pentru sp\u0103larea camioanelor de lucru \u0219i rezolv\u0103 automat \u0219i f\u0103r\u0103 probleme serviciile de cur\u0103\u021bare a vehiculelor acestor \u00eentreprinderi.","og_url":"https:\/\/robowash.turkuvazprojeler.com\/ro\/produs\/spalare-jante-si-sasiu-de-noroi\/","og_site_name":"Robowash","og_image":[{"width":1200,"height":800,"url":"https:\/\/robowash.turkuvazprojeler.com\/wp-content\/uploads\/2025\/06\/1_1-1200x800-1.jpg","type":"image\/jpeg"}],"twitter_card":"summary_large_image","schema":{"@context":"https:\/\/schema.org","@graph":[{"@type":"WebPage","@id":"https:\/\/robowash.turkuvazprojeler.com\/ro\/produs\/spalare-jante-si-sasiu-de-noroi\/","url":"https:\/\/robowash.turkuvazprojeler.com\/ro\/produs\/spalare-jante-si-sasiu-de-noroi\/","name":"Sp\u0103lare jante \u0219i \u0219asiu de noroi - Robowash","isPartOf":{"@id":"https:\/\/robowash.turkuvazprojeler.com\/ro\/#website"},"primaryImageOfPage":{"@id":"https:\/\/robowash.turkuvazprojeler.com\/ro\/produs\/spalare-jante-si-sasiu-de-noroi\/#primaryimage"},"image":{"@id":"https:\/\/robowash.turkuvazprojeler.com\/ro\/produs\/spalare-jante-si-sasiu-de-noroi\/#primaryimage"},"thumbnailUrl":"https:\/\/robowash.turkuvazprojeler.com\/wp-content\/uploads\/2025\/06\/1_1-1200x800-1.jpg","datePublished":"2025-06-27T12:36:58+00:00","breadcrumb":{"@id":"https:\/\/robowash.turkuvazprojeler.com\/ro\/produs\/spalare-jante-si-sasiu-de-noroi\/#breadcrumb"},"inLanguage":"ro-RO","potentialAction":[{"@type":"ReadAction","target":["https:\/\/robowash.turkuvazprojeler.com\/ro\/produs\/spalare-jante-si-sasiu-de-noroi\/"]}]},{"@type":"ImageObject","inLanguage":"ro-RO","@id":"https:\/\/robowash.turkuvazprojeler.com\/ro\/produs\/spalare-jante-si-sasiu-de-noroi\/#primaryimage","url":"https:\/\/robowash.turkuvazprojeler.com\/wp-content\/uploads\/2025\/06\/1_1-1200x800-1.jpg","contentUrl":"https:\/\/robowash.turkuvazprojeler.com\/wp-content\/uploads\/2025\/06\/1_1-1200x800-1.jpg","width":1200,"height":800},{"@type":"BreadcrumbList","@id":"https:\/\/robowash.turkuvazprojeler.com\/ro\/produs\/spalare-jante-si-sasiu-de-noroi\/#breadcrumb","itemListElement":[{"@type":"ListItem","position":1,"name":"Anasayfa","item":"https:\/\/robowash.turkuvazprojeler.com\/ro\/"},{"@type":"ListItem","position":2,"name":"Magazin","item":"https:\/\/robowash.turkuvazprojeler.com\/ro\/magazin\/"},{"@type":"ListItem","position":3,"name":"Sp\u0103lare jante \u0219i \u0219asiu de noroi"}]},{"@type":"WebSite","@id":"https:\/\/robowash.turkuvazprojeler.com\/ro\/#website","url":"https:\/\/robowash.turkuvazprojeler.com\/ro\/","name":"Robowash","description":"","publisher":{"@id":"https:\/\/robowash.turkuvazprojeler.com\/ro\/#organization"},"potentialAction":[{"@type":"SearchAction","target":{"@type":"EntryPoint","urlTemplate":"https:\/\/robowash.turkuvazprojeler.com\/ro\/?s={search_term_string}"},"query-input":{"@type":"PropertyValueSpecification","valueRequired":true,"valueName":"search_term_string"}}],"inLanguage":"ro-RO"},{"@type":"Organization","@id":"https:\/\/robowash.turkuvazprojeler.com\/ro\/#organization","name":"Robowash","url":"https:\/\/robowash.turkuvazprojeler.com\/ro\/","logo":{"@type":"ImageObject","inLanguage":"ro-RO","@id":"https:\/\/robowash.turkuvazprojeler.com\/ro\/#\/schema\/logo\/image\/","url":"https:\/\/robowash.turkuvazprojeler.com\/wp-content\/uploads\/2023\/11\/robowash-logo-scaled.png","contentUrl":"https:\/\/robowash.turkuvazprojeler.com\/wp-content\/uploads\/2023\/11\/robowash-logo-scaled.png","width":2560,"height":449,"caption":"Robowash"},"image":{"@id":"https:\/\/robowash.turkuvazprojeler.com\/ro\/#\/schema\/logo\/image\/"}}]}},"_links":{"self":[{"href":"https:\/\/robowash.turkuvazprojeler.com\/ro\/wp-json\/wp\/v2\/product\/10783","targetHints":{"allow":["GET"]}}],"collection":[{"href":"https:\/\/robowash.turkuvazprojeler.com\/ro\/wp-json\/wp\/v2\/product"}],"about":[{"href":"https:\/\/robowash.turkuvazprojeler.com\/ro\/wp-json\/wp\/v2\/types\/product"}],"replies":[{"embeddable":true,"href":"https:\/\/robowash.turkuvazprojeler.com\/ro\/wp-json\/wp\/v2\/comments?post=10783"}],"wp:featuredmedia":[{"embeddable":true,"href":"https:\/\/robowash.turkuvazprojeler.com\/ro\/wp-json\/wp\/v2\/media\/10775"}],"wp:attachment":[{"href":"https:\/\/robowash.turkuvazprojeler.com\/ro\/wp-json\/wp\/v2\/media?parent=10783"}],"wp:term":[{"taxonomy":"product_brand","embeddable":true,"href":"https:\/\/robowash.turkuvazprojeler.com\/ro\/wp-json\/wp\/v2\/product_brand?post=10783"},{"taxonomy":"product_cat","embeddable":true,"href":"https:\/\/robowash.turkuvazprojeler.com\/ro\/wp-json\/wp\/v2\/product_cat?post=10783"},{"taxonomy":"product_tag","embeddable":true,"href":"https:\/\/robowash.turkuvazprojeler.com\/ro\/wp-json\/wp\/v2\/product_tag?post=10783"}],"curies":[{"name":"wp","href":"https:\/\/api.w.org\/{rel}","templated":true}]}}