{"id":10784,"date":"2025-06-25T06:24:38","date_gmt":"2025-06-25T06:24:38","guid":{"rendered":"https:\/\/robowash.com.tr\/urunlerimiz\/robowash-360-smart-plus\/"},"modified":"2025-10-24T15:13:10","modified_gmt":"2025-10-24T15:13:10","slug":"robowash-360-smart-plus","status":"publish","type":"product","link":"https:\/\/robowash.turkuvazprojeler.com\/ro\/produs\/robowash-360-smart-plus\/","title":{"rendered":"Robowash 360 Smart Plus"},"content":{"rendered":"","protected":false},"excerpt":{"rendered":"<p><strong data-start=\"0\" data-end=\"27\" data-is-only-node=\"\">ROBOWASH 360 SMART PLUS<\/strong> este unul dintre cele mai avansate exemple de tehnologie de sp\u0103lare automat\u0103 f\u0103r\u0103 contact, conceput special pentru \u00eentreprinderile comerciale de sp\u0103lare auto. Combin\u0103 \u00eentr-un singur sistem func\u021biile de sp\u0103lare inferioar\u0103, cur\u0103\u021barea jantelor \u0219i marginilor, \u0219ampon lichid, spum\u0103 dens\u0103, sp\u0103lare cu ap\u0103, cear\u0103, cl\u0103tire cu ap\u0103 cald\u0103 \u0219i uscare puternic\u0103. Datorit\u0103 senzorilor inteligen\u021bi, asigur\u0103 o cur\u0103\u021bare eficient\u0103 f\u0103r\u0103 a deteriora vehiculul \u0219i ofer\u0103 utilizatorului o experien\u021b\u0103 superioar\u0103 de sp\u0103lare. ROBOWASH 360 SMART PLUS este alegerea ideal\u0103 pentru \u00eentreprinderile care caut\u0103 satisfac\u021bia ridicat\u0103 a clien\u021bilor, vitez\u0103 \u0219i eficien\u021b\u0103.<\/p>\n","protected":false},"featured_media":10774,"comment_status":"open","ping_status":"closed","template":"","meta":{"_acf_changed":false},"product_brand":[],"product_cat":[90],"product_tag":[],"class_list":{"0":"post-10784","1":"product","2":"type-product","3":"status-publish","4":"has-post-thumbnail","6":"product_cat-produse-masini-de-spalat-auto-automate-fara-atingere-fara-perii","8":"first","9":"instock","10":"shipping-taxable","11":"product-type-simple"},"acf":[],"yoast_head":"<!-- This site is optimized with the Yoast SEO plugin v26.6 - https:\/\/yoast.com\/wordpress\/plugins\/seo\/ -->\n<title>Robowash 360 Smart Plus - Robowash<\/title>\n<meta name=\"robots\" content=\"index, follow, max-snippet:-1, max-image-preview:large, max-video-preview:-1\" \/>\n<link rel=\"canonical\" href=\"https:\/\/robowash.turkuvazprojeler.com\/ro\/produs\/robowash-360-smart-plus\/\" \/>\n<meta property=\"og:locale\" content=\"ro_RO\" \/>\n<meta property=\"og:type\" content=\"article\" \/>\n<meta property=\"og:title\" content=\"Robowash 360 Smart Plus - Robowash\" \/>\n<meta property=\"og:description\" content=\"ROBOWASH 360 SMART PLUS este unul dintre cele mai avansate exemple de tehnologie de sp\u0103lare automat\u0103 f\u0103r\u0103 contact, conceput special pentru \u00eentreprinderile comerciale de sp\u0103lare auto. Combin\u0103 \u00eentr-un singur sistem func\u021biile de sp\u0103lare inferioar\u0103, cur\u0103\u021barea jantelor \u0219i marginilor, \u0219ampon lichid, spum\u0103 dens\u0103, sp\u0103lare cu ap\u0103, cear\u0103, cl\u0103tire cu ap\u0103 cald\u0103 \u0219i uscare puternic\u0103. Datorit\u0103 senzorilor inteligen\u021bi, asigur\u0103 o cur\u0103\u021bare eficient\u0103 f\u0103r\u0103 a deteriora vehiculul \u0219i ofer\u0103 utilizatorului o experien\u021b\u0103 superioar\u0103 de sp\u0103lare. ROBOWASH 360 SMART PLUS este alegerea ideal\u0103 pentru \u00eentreprinderile care caut\u0103 satisfac\u021bia ridicat\u0103 a clien\u021bilor, vitez\u0103 \u0219i eficien\u021b\u0103.\" \/>\n<meta property=\"og:url\" content=\"https:\/\/robowash.turkuvazprojeler.com\/ro\/produs\/robowash-360-smart-plus\/\" \/>\n<meta property=\"og:site_name\" content=\"Robowash\" \/>\n<meta property=\"article:modified_time\" content=\"2025-10-24T15:13:10+00:00\" \/>\n<meta property=\"og:image\" content=\"https:\/\/robowash.turkuvazprojeler.com\/wp-content\/uploads\/2025\/07\/4_2-400x250-1-1.jpg\" \/>\n\t<meta property=\"og:image:width\" content=\"400\" \/>\n\t<meta property=\"og:image:height\" content=\"250\" \/>\n\t<meta property=\"og:image:type\" content=\"image\/jpeg\" \/>\n<meta name=\"twitter:card\" content=\"summary_large_image\" \/>\n<script type=\"application\/ld+json\" class=\"yoast-schema-graph\">{\"@context\":\"https:\/\/schema.org\",\"@graph\":[{\"@type\":\"WebPage\",\"@id\":\"https:\/\/robowash.turkuvazprojeler.com\/ro\/produs\/robowash-360-smart-plus\/\",\"url\":\"https:\/\/robowash.turkuvazprojeler.com\/ro\/produs\/robowash-360-smart-plus\/\",\"name\":\"Robowash 360 Smart Plus - Robowash\",\"isPartOf\":{\"@id\":\"https:\/\/robowash.turkuvazprojeler.com\/ro\/#website\"},\"primaryImageOfPage\":{\"@id\":\"https:\/\/robowash.turkuvazprojeler.com\/ro\/produs\/robowash-360-smart-plus\/#primaryimage\"},\"image\":{\"@id\":\"https:\/\/robowash.turkuvazprojeler.com\/ro\/produs\/robowash-360-smart-plus\/#primaryimage\"},\"thumbnailUrl\":\"https:\/\/robowash.turkuvazprojeler.com\/wp-content\/uploads\/2025\/07\/4_2-400x250-1-1.jpg\",\"datePublished\":\"2025-06-25T06:24:38+00:00\",\"dateModified\":\"2025-10-24T15:13:10+00:00\",\"breadcrumb\":{\"@id\":\"https:\/\/robowash.turkuvazprojeler.com\/ro\/produs\/robowash-360-smart-plus\/#breadcrumb\"},\"inLanguage\":\"ro-RO\",\"potentialAction\":[{\"@type\":\"ReadAction\",\"target\":[\"https:\/\/robowash.turkuvazprojeler.com\/ro\/produs\/robowash-360-smart-plus\/\"]}]},{\"@type\":\"ImageObject\",\"inLanguage\":\"ro-RO\",\"@id\":\"https:\/\/robowash.turkuvazprojeler.com\/ro\/produs\/robowash-360-smart-plus\/#primaryimage\",\"url\":\"https:\/\/robowash.turkuvazprojeler.com\/wp-content\/uploads\/2025\/07\/4_2-400x250-1-1.jpg\",\"contentUrl\":\"https:\/\/robowash.turkuvazprojeler.com\/wp-content\/uploads\/2025\/07\/4_2-400x250-1-1.jpg\",\"width\":400,\"height\":250},{\"@type\":\"BreadcrumbList\",\"@id\":\"https:\/\/robowash.turkuvazprojeler.com\/ro\/produs\/robowash-360-smart-plus\/#breadcrumb\",\"itemListElement\":[{\"@type\":\"ListItem\",\"position\":1,\"name\":\"Anasayfa\",\"item\":\"https:\/\/robowash.turkuvazprojeler.com\/ro\/\"},{\"@type\":\"ListItem\",\"position\":2,\"name\":\"Magazin\",\"item\":\"https:\/\/robowash.turkuvazprojeler.com\/ro\/magazin\/\"},{\"@type\":\"ListItem\",\"position\":3,\"name\":\"Robowash 360 Smart Plus\"}]},{\"@type\":\"WebSite\",\"@id\":\"https:\/\/robowash.turkuvazprojeler.com\/ro\/#website\",\"url\":\"https:\/\/robowash.turkuvazprojeler.com\/ro\/\",\"name\":\"Robowash\",\"description\":\"\",\"publisher\":{\"@id\":\"https:\/\/robowash.turkuvazprojeler.com\/ro\/#organization\"},\"potentialAction\":[{\"@type\":\"SearchAction\",\"target\":{\"@type\":\"EntryPoint\",\"urlTemplate\":\"https:\/\/robowash.turkuvazprojeler.com\/ro\/?s={search_term_string}\"},\"query-input\":{\"@type\":\"PropertyValueSpecification\",\"valueRequired\":true,\"valueName\":\"search_term_string\"}}],\"inLanguage\":\"ro-RO\"},{\"@type\":\"Organization\",\"@id\":\"https:\/\/robowash.turkuvazprojeler.com\/ro\/#organization\",\"name\":\"Robowash\",\"url\":\"https:\/\/robowash.turkuvazprojeler.com\/ro\/\",\"logo\":{\"@type\":\"ImageObject\",\"inLanguage\":\"ro-RO\",\"@id\":\"https:\/\/robowash.turkuvazprojeler.com\/ro\/#\/schema\/logo\/image\/\",\"url\":\"https:\/\/robowash.turkuvazprojeler.com\/wp-content\/uploads\/2023\/11\/robowash-logo-scaled.png\",\"contentUrl\":\"https:\/\/robowash.turkuvazprojeler.com\/wp-content\/uploads\/2023\/11\/robowash-logo-scaled.png\",\"width\":2560,\"height\":449,\"caption\":\"Robowash\"},\"image\":{\"@id\":\"https:\/\/robowash.turkuvazprojeler.com\/ro\/#\/schema\/logo\/image\/\"}}]}<\/script>\n<!-- \/ Yoast SEO plugin. -->","yoast_head_json":{"title":"Robowash 360 Smart Plus - Robowash","robots":{"index":"index","follow":"follow","max-snippet":"max-snippet:-1","max-image-preview":"max-image-preview:large","max-video-preview":"max-video-preview:-1"},"canonical":"https:\/\/robowash.turkuvazprojeler.com\/ro\/produs\/robowash-360-smart-plus\/","og_locale":"ro_RO","og_type":"article","og_title":"Robowash 360 Smart Plus - Robowash","og_description":"ROBOWASH 360 SMART PLUS este unul dintre cele mai avansate exemple de tehnologie de sp\u0103lare automat\u0103 f\u0103r\u0103 contact, conceput special pentru \u00eentreprinderile comerciale de sp\u0103lare auto. Combin\u0103 \u00eentr-un singur sistem func\u021biile de sp\u0103lare inferioar\u0103, cur\u0103\u021barea jantelor \u0219i marginilor, \u0219ampon lichid, spum\u0103 dens\u0103, sp\u0103lare cu ap\u0103, cear\u0103, cl\u0103tire cu ap\u0103 cald\u0103 \u0219i uscare puternic\u0103. Datorit\u0103 senzorilor inteligen\u021bi, asigur\u0103 o cur\u0103\u021bare eficient\u0103 f\u0103r\u0103 a deteriora vehiculul \u0219i ofer\u0103 utilizatorului o experien\u021b\u0103 superioar\u0103 de sp\u0103lare. ROBOWASH 360 SMART PLUS este alegerea ideal\u0103 pentru \u00eentreprinderile care caut\u0103 satisfac\u021bia ridicat\u0103 a clien\u021bilor, vitez\u0103 \u0219i eficien\u021b\u0103.","og_url":"https:\/\/robowash.turkuvazprojeler.com\/ro\/produs\/robowash-360-smart-plus\/","og_site_name":"Robowash","article_modified_time":"2025-10-24T15:13:10+00:00","og_image":[{"width":400,"height":250,"url":"https:\/\/robowash.turkuvazprojeler.com\/wp-content\/uploads\/2025\/07\/4_2-400x250-1-1.jpg","type":"image\/jpeg"}],"twitter_card":"summary_large_image","schema":{"@context":"https:\/\/schema.org","@graph":[{"@type":"WebPage","@id":"https:\/\/robowash.turkuvazprojeler.com\/ro\/produs\/robowash-360-smart-plus\/","url":"https:\/\/robowash.turkuvazprojeler.com\/ro\/produs\/robowash-360-smart-plus\/","name":"Robowash 360 Smart Plus - Robowash","isPartOf":{"@id":"https:\/\/robowash.turkuvazprojeler.com\/ro\/#website"},"primaryImageOfPage":{"@id":"https:\/\/robowash.turkuvazprojeler.com\/ro\/produs\/robowash-360-smart-plus\/#primaryimage"},"image":{"@id":"https:\/\/robowash.turkuvazprojeler.com\/ro\/produs\/robowash-360-smart-plus\/#primaryimage"},"thumbnailUrl":"https:\/\/robowash.turkuvazprojeler.com\/wp-content\/uploads\/2025\/07\/4_2-400x250-1-1.jpg","datePublished":"2025-06-25T06:24:38+00:00","dateModified":"2025-10-24T15:13:10+00:00","breadcrumb":{"@id":"https:\/\/robowash.turkuvazprojeler.com\/ro\/produs\/robowash-360-smart-plus\/#breadcrumb"},"inLanguage":"ro-RO","potentialAction":[{"@type":"ReadAction","target":["https:\/\/robowash.turkuvazprojeler.com\/ro\/produs\/robowash-360-smart-plus\/"]}]},{"@type":"ImageObject","inLanguage":"ro-RO","@id":"https:\/\/robowash.turkuvazprojeler.com\/ro\/produs\/robowash-360-smart-plus\/#primaryimage","url":"https:\/\/robowash.turkuvazprojeler.com\/wp-content\/uploads\/2025\/07\/4_2-400x250-1-1.jpg","contentUrl":"https:\/\/robowash.turkuvazprojeler.com\/wp-content\/uploads\/2025\/07\/4_2-400x250-1-1.jpg","width":400,"height":250},{"@type":"BreadcrumbList","@id":"https:\/\/robowash.turkuvazprojeler.com\/ro\/produs\/robowash-360-smart-plus\/#breadcrumb","itemListElement":[{"@type":"ListItem","position":1,"name":"Anasayfa","item":"https:\/\/robowash.turkuvazprojeler.com\/ro\/"},{"@type":"ListItem","position":2,"name":"Magazin","item":"https:\/\/robowash.turkuvazprojeler.com\/ro\/magazin\/"},{"@type":"ListItem","position":3,"name":"Robowash 360 Smart Plus"}]},{"@type":"WebSite","@id":"https:\/\/robowash.turkuvazprojeler.com\/ro\/#website","url":"https:\/\/robowash.turkuvazprojeler.com\/ro\/","name":"Robowash","description":"","publisher":{"@id":"https:\/\/robowash.turkuvazprojeler.com\/ro\/#organization"},"potentialAction":[{"@type":"SearchAction","target":{"@type":"EntryPoint","urlTemplate":"https:\/\/robowash.turkuvazprojeler.com\/ro\/?s={search_term_string}"},"query-input":{"@type":"PropertyValueSpecification","valueRequired":true,"valueName":"search_term_string"}}],"inLanguage":"ro-RO"},{"@type":"Organization","@id":"https:\/\/robowash.turkuvazprojeler.com\/ro\/#organization","name":"Robowash","url":"https:\/\/robowash.turkuvazprojeler.com\/ro\/","logo":{"@type":"ImageObject","inLanguage":"ro-RO","@id":"https:\/\/robowash.turkuvazprojeler.com\/ro\/#\/schema\/logo\/image\/","url":"https:\/\/robowash.turkuvazprojeler.com\/wp-content\/uploads\/2023\/11\/robowash-logo-scaled.png","contentUrl":"https:\/\/robowash.turkuvazprojeler.com\/wp-content\/uploads\/2023\/11\/robowash-logo-scaled.png","width":2560,"height":449,"caption":"Robowash"},"image":{"@id":"https:\/\/robowash.turkuvazprojeler.com\/ro\/#\/schema\/logo\/image\/"}}]}},"_links":{"self":[{"href":"https:\/\/robowash.turkuvazprojeler.com\/ro\/wp-json\/wp\/v2\/product\/10784","targetHints":{"allow":["GET"]}}],"collection":[{"href":"https:\/\/robowash.turkuvazprojeler.com\/ro\/wp-json\/wp\/v2\/product"}],"about":[{"href":"https:\/\/robowash.turkuvazprojeler.com\/ro\/wp-json\/wp\/v2\/types\/product"}],"replies":[{"embeddable":true,"href":"https:\/\/robowash.turkuvazprojeler.com\/ro\/wp-json\/wp\/v2\/comments?post=10784"}],"wp:featuredmedia":[{"embeddable":true,"href":"https:\/\/robowash.turkuvazprojeler.com\/ro\/wp-json\/wp\/v2\/media\/10774"}],"wp:attachment":[{"href":"https:\/\/robowash.turkuvazprojeler.com\/ro\/wp-json\/wp\/v2\/media?parent=10784"}],"wp:term":[{"taxonomy":"product_brand","embeddable":true,"href":"https:\/\/robowash.turkuvazprojeler.com\/ro\/wp-json\/wp\/v2\/product_brand?post=10784"},{"taxonomy":"product_cat","embeddable":true,"href":"https:\/\/robowash.turkuvazprojeler.com\/ro\/wp-json\/wp\/v2\/product_cat?post=10784"},{"taxonomy":"product_tag","embeddable":true,"href":"https:\/\/robowash.turkuvazprojeler.com\/ro\/wp-json\/wp\/v2\/product_tag?post=10784"}],"curies":[{"name":"wp","href":"https:\/\/api.w.org\/{rel}","templated":true}]}}