{"id":10788,"date":"2025-06-25T06:21:53","date_gmt":"2025-06-25T06:21:53","guid":{"rendered":"https:\/\/robowash.com.tr\/urunlerimiz\/robowash-360-basic-plus\/"},"modified":"2025-10-24T15:13:10","modified_gmt":"2025-10-24T15:13:10","slug":"robowash-360-basic-plus","status":"publish","type":"product","link":"https:\/\/robowash.turkuvazprojeler.com\/ro\/produs\/robowash-360-basic-plus\/","title":{"rendered":"Robowash 360 Basic Plus"},"content":{"rendered":"","protected":false},"excerpt":{"rendered":"<article class=\"text-token-text-primary w-full focus:outline-none scroll-mt-(--header-height)\" dir=\"auto\" tabindex=\"-1\" data-testid=\"conversation-turn-33\" data-scroll-anchor=\"false\" data-turn=\"user\">\n<div class=\"text-base my-auto mx-auto pt-12 [--thread-content-margin:--spacing(4)] @[37rem]:[--thread-content-margin:--spacing(6)] @[72rem]:[--thread-content-margin:--spacing(16)] px-(--thread-content-margin)\">\n<div class=\"[--thread-content-max-width:32rem] @[34rem]:[--thread-content-max-width:40rem] @[64rem]:[--thread-content-max-width:48rem] mx-auto max-w-(--thread-content-max-width) flex-1 group\/turn-messages focus-visible:outline-hidden relative flex w-full min-w-0 flex-col\" tabindex=\"-1\">\n<div class=\"flex max-w-full flex-col grow\">\n<div class=\"min-h-8 text-message relative flex w-full flex-col items-end gap-2 text-start break-words whitespace-normal [.text-message+&amp;]:mt-5\" dir=\"auto\" data-message-author-role=\"user\" data-message-id=\"7fad1d98-e7a5-412f-a1a1-e0c352a963f8\">\n<div class=\"flex w-full flex-col gap-1 empty:hidden items-end rtl:items-start\">\n<div class=\"user-message-bubble-color relative max-w-[var(--user-chat-width,70%)] rounded-[18px] px-4 py-1.5 data-[multiline]:py-3\" data-multiline=\"\">\n<div class=\"whitespace-pre-wrap\">\u00cen curs de preg\u0103tire.<\/div>\n<\/div>\n<\/div>\n<\/div>\n<\/div>\n<div class=\"flex justify-end\">\n<div class=\"touch:-me-2 touch:-ms-3.5 -ms-2.5 -me-1 flex flex-wrap items-center gap-y-4 p-1 select-none focus-within:transition-none hover:transition-none duration-300 group-hover\/turn-messages:delay-300 pointer-events-none opacity-0 motion-safe:transition-opacity group-hover\/turn-messages:pointer-events-auto group-hover\/turn-messages:opacity-100 group-focus-within\/turn-messages:pointer-events-auto group-focus-within\/turn-messages:opacity-100 has-data-[state=open]:pointer-events-auto has-data-[state=open]:opacity-100\"><\/div>\n<\/div>\n<\/div>\n<\/div>\n<\/article>\n<article class=\"text-token-text-primary w-full focus:outline-none scroll-mt-[calc(var(--header-height)+min(200px,max(70px,20svh)))]\" dir=\"auto\" tabindex=\"-1\" data-testid=\"conversation-turn-34\" data-scroll-anchor=\"true\" data-turn=\"assistant\">\n<h6 class=\"sr-only\">ChatGPT:<\/h6>\n<div class=\"text-base my-auto mx-auto pb-10 [--thread-content-margin:--spacing(4)] @[37rem]:[--thread-content-margin:--spacing(6)] @[72rem]:[--thread-content-margin:--spacing(16)] px-(--thread-content-margin)\">\n<div class=\"[--thread-content-max-width:32rem] @[34rem]:[--thread-content-max-width:40rem] @[64rem]:[--thread-content-max-width:48rem] mx-auto max-w-(--thread-content-max-width) flex-1 group\/turn-messages focus-visible:outline-hidden relative flex w-full min-w-0 flex-col agent-turn\" tabindex=\"-1\">\n<div class=\"flex max-w-full flex-col grow\">\n<div class=\"min-h-8 text-message relative flex w-full flex-col items-end gap-2 text-start break-words whitespace-normal [.text-message+&amp;]:mt-5\" dir=\"auto\" data-message-author-role=\"assistant\" data-message-id=\"3a9b8992-8661-4e41-8151-30556185634f\" data-message-model-slug=\"gpt-4o\">\n<div class=\"flex w-full flex-col gap-1 empty:hidden first:pt-[3px]\">\n<div class=\"markdown prose dark:prose-invert w-full break-words dark markdown-new-styling\">\n<p data-start=\"0\" data-end=\"521\" data-is-last-node=\"\" data-is-only-node=\"\"><strong data-start=\"0\" data-end=\"27\" data-is-only-node=\"\">ROBOWASH 360 BASIC PLUS<\/strong> este o ma\u0219in\u0103 automat\u0103 de sp\u0103lat auto f\u0103r\u0103 contact, dezvoltat\u0103 pentru uz comercial. Aceasta ofer\u0103 rezultate rapide \u0219i eficiente, efectu\u00e2nd automat pa\u0219i de cur\u0103\u021bare cuprinz\u0103tori, cum ar fi sp\u0103larea inferioar\u0103, sp\u0103larea jantelor \u0219i a marginilor, \u0219ampon lichid, spum\u0103 \u0219i sp\u0103lare cu ap\u0103. Cu tehnologia avansat\u0103 a senzorilor, acest sistem se adapteaz\u0103 la fiecare detaliu al vehiculului, asigur\u00e2nd o igien\u0103 maxim\u0103 \u0219i o for\u021b\u0103 de munc\u0103 minim\u0103, oferind o experien\u021b\u0103 de sp\u0103lare profesional\u0103. Cu performan\u021ba sa ridicat\u0103 \u0219i structura durabil\u0103, este o solu\u021bie fiabil\u0103 pentru afacerile de sp\u0103l\u0103torie auto.<\/p>\n<\/div>\n<\/div>\n<\/div>\n<\/div>\n<div class=\"flex min-h-[46px] justify-start\">\n<div class=\"touch:-me-2 touch:-ms-3.5 -ms-2.5 -me-1 flex flex-wrap items-center gap-y-4 p-1 select-none touch:w-[calc(100%+--spacing(3.5))] -mt-1 w-[calc(100%+--spacing(2.5))] duration-[1.5s] focus-within:transition-none hover:transition-none pointer-events-none [mask-image:linear-gradient(to_right,black_33%,transparent_66%)] [mask-size:300%_100%] [mask-position:100%_0%] motion-safe:transition-[mask-position] group-hover\/turn-messages:pointer-events-auto group-hover\/turn-messages:[mask-position:0_0] group-focus-within\/turn-messages:pointer-events-auto group-focus-within\/turn-messages:[mask-position:0_0] has-data-[state=open]:pointer-events-auto has-data-[state=open]:[mask-position:0_0]\">\n<p>&nbsp;<\/p>\n<div class=\"flex items-center\"><\/div>\n<\/div>\n<\/div>\n<div class=\"mt-3 w-full empty:hidden\">\n<div class=\"text-center\"><\/div>\n<\/div>\n<\/div>\n<\/div>\n<\/article>\n<div class=\"pointer-events-none h-px w-px\" aria-hidden=\"true\" data-edge=\"true\"><\/div>\n","protected":false},"featured_media":10769,"comment_status":"open","ping_status":"closed","template":"","meta":{"_acf_changed":false},"product_brand":[],"product_cat":[90],"product_tag":[],"class_list":{"0":"post-10788","1":"product","2":"type-product","3":"status-publish","4":"has-post-thumbnail","6":"product_cat-produse-masini-de-spalat-auto-automate-fara-atingere-fara-perii","8":"first","9":"instock","10":"shipping-taxable","11":"product-type-simple"},"acf":[],"yoast_head":"<!-- This site is optimized with the Yoast SEO plugin v26.6 - https:\/\/yoast.com\/wordpress\/plugins\/seo\/ -->\n<title>Robowash 360 Basic Plus - Robowash<\/title>\n<meta name=\"robots\" content=\"index, follow, max-snippet:-1, max-image-preview:large, max-video-preview:-1\" \/>\n<link rel=\"canonical\" href=\"https:\/\/robowash.turkuvazprojeler.com\/ro\/produs\/robowash-360-basic-plus\/\" \/>\n<meta property=\"og:locale\" content=\"ro_RO\" \/>\n<meta property=\"og:type\" content=\"article\" \/>\n<meta property=\"og:title\" content=\"Robowash 360 Basic Plus - Robowash\" \/>\n<meta property=\"og:description\" content=\"\u00cen curs de preg\u0103tire.           ChatGPT:       ROBOWASH 360 BASIC PLUS este o ma\u0219in\u0103 automat\u0103 de sp\u0103lat auto f\u0103r\u0103 contact, dezvoltat\u0103 pentru uz comercial. Aceasta ofer\u0103 rezultate rapide \u0219i eficiente, efectu\u00e2nd automat pa\u0219i de cur\u0103\u021bare cuprinz\u0103tori, cum ar fi sp\u0103larea inferioar\u0103, sp\u0103larea jantelor \u0219i a marginilor, \u0219ampon lichid, spum\u0103 \u0219i sp\u0103lare cu ap\u0103. Cu tehnologia avansat\u0103 a senzorilor, acest sistem se adapteaz\u0103 la fiecare detaliu al vehiculului, asigur\u00e2nd o igien\u0103 maxim\u0103 \u0219i o for\u021b\u0103 de munc\u0103 minim\u0103, oferind o experien\u021b\u0103 de sp\u0103lare profesional\u0103. Cu performan\u021ba sa ridicat\u0103 \u0219i structura durabil\u0103, este o solu\u021bie fiabil\u0103 pentru afacerile de sp\u0103l\u0103torie auto.         &nbsp;\" \/>\n<meta property=\"og:url\" content=\"https:\/\/robowash.turkuvazprojeler.com\/ro\/produs\/robowash-360-basic-plus\/\" \/>\n<meta property=\"og:site_name\" content=\"Robowash\" \/>\n<meta property=\"article:modified_time\" content=\"2025-10-24T15:13:10+00:00\" \/>\n<meta property=\"og:image\" content=\"https:\/\/robowash.turkuvazprojeler.com\/wp-content\/uploads\/2025\/07\/3_2-400x250-1.jpg\" \/>\n\t<meta property=\"og:image:width\" content=\"400\" \/>\n\t<meta property=\"og:image:height\" content=\"250\" \/>\n\t<meta property=\"og:image:type\" content=\"image\/jpeg\" \/>\n<meta name=\"twitter:card\" content=\"summary_large_image\" \/>\n<meta name=\"twitter:label1\" content=\"Timp estimat pentru citire\" \/>\n\t<meta name=\"twitter:data1\" content=\"1 minut\" \/>\n<script type=\"application\/ld+json\" class=\"yoast-schema-graph\">{\"@context\":\"https:\/\/schema.org\",\"@graph\":[{\"@type\":\"WebPage\",\"@id\":\"https:\/\/robowash.turkuvazprojeler.com\/ro\/produs\/robowash-360-basic-plus\/\",\"url\":\"https:\/\/robowash.turkuvazprojeler.com\/ro\/produs\/robowash-360-basic-plus\/\",\"name\":\"Robowash 360 Basic Plus - Robowash\",\"isPartOf\":{\"@id\":\"https:\/\/robowash.turkuvazprojeler.com\/ro\/#website\"},\"primaryImageOfPage\":{\"@id\":\"https:\/\/robowash.turkuvazprojeler.com\/ro\/produs\/robowash-360-basic-plus\/#primaryimage\"},\"image\":{\"@id\":\"https:\/\/robowash.turkuvazprojeler.com\/ro\/produs\/robowash-360-basic-plus\/#primaryimage\"},\"thumbnailUrl\":\"https:\/\/robowash.turkuvazprojeler.com\/wp-content\/uploads\/2025\/07\/3_2-400x250-1.jpg\",\"datePublished\":\"2025-06-25T06:21:53+00:00\",\"dateModified\":\"2025-10-24T15:13:10+00:00\",\"breadcrumb\":{\"@id\":\"https:\/\/robowash.turkuvazprojeler.com\/ro\/produs\/robowash-360-basic-plus\/#breadcrumb\"},\"inLanguage\":\"ro-RO\",\"potentialAction\":[{\"@type\":\"ReadAction\",\"target\":[\"https:\/\/robowash.turkuvazprojeler.com\/ro\/produs\/robowash-360-basic-plus\/\"]}]},{\"@type\":\"ImageObject\",\"inLanguage\":\"ro-RO\",\"@id\":\"https:\/\/robowash.turkuvazprojeler.com\/ro\/produs\/robowash-360-basic-plus\/#primaryimage\",\"url\":\"https:\/\/robowash.turkuvazprojeler.com\/wp-content\/uploads\/2025\/07\/3_2-400x250-1.jpg\",\"contentUrl\":\"https:\/\/robowash.turkuvazprojeler.com\/wp-content\/uploads\/2025\/07\/3_2-400x250-1.jpg\",\"width\":400,\"height\":250},{\"@type\":\"BreadcrumbList\",\"@id\":\"https:\/\/robowash.turkuvazprojeler.com\/ro\/produs\/robowash-360-basic-plus\/#breadcrumb\",\"itemListElement\":[{\"@type\":\"ListItem\",\"position\":1,\"name\":\"Anasayfa\",\"item\":\"https:\/\/robowash.turkuvazprojeler.com\/ro\/\"},{\"@type\":\"ListItem\",\"position\":2,\"name\":\"Magazin\",\"item\":\"https:\/\/robowash.turkuvazprojeler.com\/ro\/magazin\/\"},{\"@type\":\"ListItem\",\"position\":3,\"name\":\"Robowash 360 Basic Plus\"}]},{\"@type\":\"WebSite\",\"@id\":\"https:\/\/robowash.turkuvazprojeler.com\/ro\/#website\",\"url\":\"https:\/\/robowash.turkuvazprojeler.com\/ro\/\",\"name\":\"Robowash\",\"description\":\"\",\"publisher\":{\"@id\":\"https:\/\/robowash.turkuvazprojeler.com\/ro\/#organization\"},\"potentialAction\":[{\"@type\":\"SearchAction\",\"target\":{\"@type\":\"EntryPoint\",\"urlTemplate\":\"https:\/\/robowash.turkuvazprojeler.com\/ro\/?s={search_term_string}\"},\"query-input\":{\"@type\":\"PropertyValueSpecification\",\"valueRequired\":true,\"valueName\":\"search_term_string\"}}],\"inLanguage\":\"ro-RO\"},{\"@type\":\"Organization\",\"@id\":\"https:\/\/robowash.turkuvazprojeler.com\/ro\/#organization\",\"name\":\"Robowash\",\"url\":\"https:\/\/robowash.turkuvazprojeler.com\/ro\/\",\"logo\":{\"@type\":\"ImageObject\",\"inLanguage\":\"ro-RO\",\"@id\":\"https:\/\/robowash.turkuvazprojeler.com\/ro\/#\/schema\/logo\/image\/\",\"url\":\"https:\/\/robowash.turkuvazprojeler.com\/wp-content\/uploads\/2023\/11\/robowash-logo-scaled.png\",\"contentUrl\":\"https:\/\/robowash.turkuvazprojeler.com\/wp-content\/uploads\/2023\/11\/robowash-logo-scaled.png\",\"width\":2560,\"height\":449,\"caption\":\"Robowash\"},\"image\":{\"@id\":\"https:\/\/robowash.turkuvazprojeler.com\/ro\/#\/schema\/logo\/image\/\"}}]}<\/script>\n<!-- \/ Yoast SEO plugin. -->","yoast_head_json":{"title":"Robowash 360 Basic Plus - Robowash","robots":{"index":"index","follow":"follow","max-snippet":"max-snippet:-1","max-image-preview":"max-image-preview:large","max-video-preview":"max-video-preview:-1"},"canonical":"https:\/\/robowash.turkuvazprojeler.com\/ro\/produs\/robowash-360-basic-plus\/","og_locale":"ro_RO","og_type":"article","og_title":"Robowash 360 Basic Plus - Robowash","og_description":"\u00cen curs de preg\u0103tire.           ChatGPT:       ROBOWASH 360 BASIC PLUS este o ma\u0219in\u0103 automat\u0103 de sp\u0103lat auto f\u0103r\u0103 contact, dezvoltat\u0103 pentru uz comercial. Aceasta ofer\u0103 rezultate rapide \u0219i eficiente, efectu\u00e2nd automat pa\u0219i de cur\u0103\u021bare cuprinz\u0103tori, cum ar fi sp\u0103larea inferioar\u0103, sp\u0103larea jantelor \u0219i a marginilor, \u0219ampon lichid, spum\u0103 \u0219i sp\u0103lare cu ap\u0103. Cu tehnologia avansat\u0103 a senzorilor, acest sistem se adapteaz\u0103 la fiecare detaliu al vehiculului, asigur\u00e2nd o igien\u0103 maxim\u0103 \u0219i o for\u021b\u0103 de munc\u0103 minim\u0103, oferind o experien\u021b\u0103 de sp\u0103lare profesional\u0103. Cu performan\u021ba sa ridicat\u0103 \u0219i structura durabil\u0103, este o solu\u021bie fiabil\u0103 pentru afacerile de sp\u0103l\u0103torie auto.         &nbsp;","og_url":"https:\/\/robowash.turkuvazprojeler.com\/ro\/produs\/robowash-360-basic-plus\/","og_site_name":"Robowash","article_modified_time":"2025-10-24T15:13:10+00:00","og_image":[{"width":400,"height":250,"url":"https:\/\/robowash.turkuvazprojeler.com\/wp-content\/uploads\/2025\/07\/3_2-400x250-1.jpg","type":"image\/jpeg"}],"twitter_card":"summary_large_image","twitter_misc":{"Timp estimat pentru citire":"1 minut"},"schema":{"@context":"https:\/\/schema.org","@graph":[{"@type":"WebPage","@id":"https:\/\/robowash.turkuvazprojeler.com\/ro\/produs\/robowash-360-basic-plus\/","url":"https:\/\/robowash.turkuvazprojeler.com\/ro\/produs\/robowash-360-basic-plus\/","name":"Robowash 360 Basic Plus - Robowash","isPartOf":{"@id":"https:\/\/robowash.turkuvazprojeler.com\/ro\/#website"},"primaryImageOfPage":{"@id":"https:\/\/robowash.turkuvazprojeler.com\/ro\/produs\/robowash-360-basic-plus\/#primaryimage"},"image":{"@id":"https:\/\/robowash.turkuvazprojeler.com\/ro\/produs\/robowash-360-basic-plus\/#primaryimage"},"thumbnailUrl":"https:\/\/robowash.turkuvazprojeler.com\/wp-content\/uploads\/2025\/07\/3_2-400x250-1.jpg","datePublished":"2025-06-25T06:21:53+00:00","dateModified":"2025-10-24T15:13:10+00:00","breadcrumb":{"@id":"https:\/\/robowash.turkuvazprojeler.com\/ro\/produs\/robowash-360-basic-plus\/#breadcrumb"},"inLanguage":"ro-RO","potentialAction":[{"@type":"ReadAction","target":["https:\/\/robowash.turkuvazprojeler.com\/ro\/produs\/robowash-360-basic-plus\/"]}]},{"@type":"ImageObject","inLanguage":"ro-RO","@id":"https:\/\/robowash.turkuvazprojeler.com\/ro\/produs\/robowash-360-basic-plus\/#primaryimage","url":"https:\/\/robowash.turkuvazprojeler.com\/wp-content\/uploads\/2025\/07\/3_2-400x250-1.jpg","contentUrl":"https:\/\/robowash.turkuvazprojeler.com\/wp-content\/uploads\/2025\/07\/3_2-400x250-1.jpg","width":400,"height":250},{"@type":"BreadcrumbList","@id":"https:\/\/robowash.turkuvazprojeler.com\/ro\/produs\/robowash-360-basic-plus\/#breadcrumb","itemListElement":[{"@type":"ListItem","position":1,"name":"Anasayfa","item":"https:\/\/robowash.turkuvazprojeler.com\/ro\/"},{"@type":"ListItem","position":2,"name":"Magazin","item":"https:\/\/robowash.turkuvazprojeler.com\/ro\/magazin\/"},{"@type":"ListItem","position":3,"name":"Robowash 360 Basic Plus"}]},{"@type":"WebSite","@id":"https:\/\/robowash.turkuvazprojeler.com\/ro\/#website","url":"https:\/\/robowash.turkuvazprojeler.com\/ro\/","name":"Robowash","description":"","publisher":{"@id":"https:\/\/robowash.turkuvazprojeler.com\/ro\/#organization"},"potentialAction":[{"@type":"SearchAction","target":{"@type":"EntryPoint","urlTemplate":"https:\/\/robowash.turkuvazprojeler.com\/ro\/?s={search_term_string}"},"query-input":{"@type":"PropertyValueSpecification","valueRequired":true,"valueName":"search_term_string"}}],"inLanguage":"ro-RO"},{"@type":"Organization","@id":"https:\/\/robowash.turkuvazprojeler.com\/ro\/#organization","name":"Robowash","url":"https:\/\/robowash.turkuvazprojeler.com\/ro\/","logo":{"@type":"ImageObject","inLanguage":"ro-RO","@id":"https:\/\/robowash.turkuvazprojeler.com\/ro\/#\/schema\/logo\/image\/","url":"https:\/\/robowash.turkuvazprojeler.com\/wp-content\/uploads\/2023\/11\/robowash-logo-scaled.png","contentUrl":"https:\/\/robowash.turkuvazprojeler.com\/wp-content\/uploads\/2023\/11\/robowash-logo-scaled.png","width":2560,"height":449,"caption":"Robowash"},"image":{"@id":"https:\/\/robowash.turkuvazprojeler.com\/ro\/#\/schema\/logo\/image\/"}}]}},"_links":{"self":[{"href":"https:\/\/robowash.turkuvazprojeler.com\/ro\/wp-json\/wp\/v2\/product\/10788","targetHints":{"allow":["GET"]}}],"collection":[{"href":"https:\/\/robowash.turkuvazprojeler.com\/ro\/wp-json\/wp\/v2\/product"}],"about":[{"href":"https:\/\/robowash.turkuvazprojeler.com\/ro\/wp-json\/wp\/v2\/types\/product"}],"replies":[{"embeddable":true,"href":"https:\/\/robowash.turkuvazprojeler.com\/ro\/wp-json\/wp\/v2\/comments?post=10788"}],"wp:featuredmedia":[{"embeddable":true,"href":"https:\/\/robowash.turkuvazprojeler.com\/ro\/wp-json\/wp\/v2\/media\/10769"}],"wp:attachment":[{"href":"https:\/\/robowash.turkuvazprojeler.com\/ro\/wp-json\/wp\/v2\/media?parent=10788"}],"wp:term":[{"taxonomy":"product_brand","embeddable":true,"href":"https:\/\/robowash.turkuvazprojeler.com\/ro\/wp-json\/wp\/v2\/product_brand?post=10788"},{"taxonomy":"product_cat","embeddable":true,"href":"https:\/\/robowash.turkuvazprojeler.com\/ro\/wp-json\/wp\/v2\/product_cat?post=10788"},{"taxonomy":"product_tag","embeddable":true,"href":"https:\/\/robowash.turkuvazprojeler.com\/ro\/wp-json\/wp\/v2\/product_tag?post=10788"}],"curies":[{"name":"wp","href":"https:\/\/api.w.org\/{rel}","templated":true}]}}